{"id":541,"date":"2018-11-27T09:17:08","date_gmt":"2018-11-27T09:17:08","guid":{"rendered":"http:\/\/blocbox-training.com\/about\/"},"modified":"2025-12-11T19:25:51","modified_gmt":"2025-12-11T18:25:51","slug":"about","status":"publish","type":"page","link":"https:\/\/blocbox-training.com\/de\/about\/","title":{"rendered":"\u00dcber"},"content":{"rendered":"<div data-elementor-type=\"wp-post\" data-elementor-id=\"541\" class=\"elementor elementor-541\">\n\t\t\t\t\t\t<section class=\"elementor-section elementor-top-section elementor-element elementor-element-dcf32df elementor-section-full_width elementor-section-height-default elementor-section-height-default\" data-id=\"dcf32df\" data-element_type=\"section\" data-e-type=\"section\">\n\t\t\t\t\t\t<div class=\"elementor-container elementor-column-gap-default\">\n\t\t\t\t\t<div class=\"elementor-column elementor-col-100 elementor-top-column elementor-element elementor-element-8bfa3db\" data-id=\"8bfa3db\" data-element_type=\"column\" data-e-type=\"column\">\n\t\t\t<div class=\"elementor-widget-wrap elementor-element-populated\">\n\t\t\t\t\t\t<div class=\"elementor-element elementor-element-632e373 elementor-widget elementor-widget-heading\" data-id=\"632e373\" data-element_type=\"widget\" data-e-type=\"widget\" data-widget_type=\"heading.default\">\n\t\t\t\t<div class=\"elementor-widget-container\">\n\t\t\t\t\t<h1 class=\"elementor-heading-title elementor-size-default\">Wer sind wir?<\/h1>\t\t\t\t<\/div>\n\t\t\t\t<\/div>\n\t\t\t\t\t<\/div>\n\t\t<\/div>\n\t\t\t\t\t<\/div>\n\t\t<\/section>\n\t\t\t\t<section class=\"elementor-section elementor-top-section elementor-element elementor-element-d2b8392 elementor-section-boxed elementor-section-height-default elementor-section-height-default\" data-id=\"d2b8392\" data-element_type=\"section\" data-e-type=\"section\">\n\t\t\t\t\t\t<div class=\"elementor-container elementor-column-gap-default\">\n\t\t\t\t\t<div class=\"elementor-column elementor-col-100 elementor-top-column elementor-element elementor-element-e8ca13a\" data-id=\"e8ca13a\" data-element_type=\"column\" data-e-type=\"column\">\n\t\t\t<div class=\"elementor-widget-wrap elementor-element-populated\">\n\t\t\t\t\t\t<div class=\"elementor-element elementor-element-152b3ad elementor-widget elementor-widget-text-editor\" data-id=\"152b3ad\" data-element_type=\"widget\" data-e-type=\"widget\" data-widget_type=\"text-editor.default\">\n\t\t\t\t<div class=\"elementor-widget-container\">\n\t\t\t\t\t\t\t\t\t<h3>Wir sind so \u00e4hnlich wie ihr - super motivierte Kletterer. Wir lieben es, an echtem Fels zu klettern und in Kletterhallen zu trainieren. Und wie ihr haben wir in letzter Zeit festgestellt, dass diese Kletterhallen ein bisschen voll geworden sind mit anderen Kletterern... Versteht uns nicht falsch! Wir freuen uns, dass sich immer mehr Leute f\u00fcr den Sport begeistern. Aber wir sp\u00fcren das Bed\u00fcrfnis, einen privateren Ort zu schaffen, an dem wir uns mit unserer kleinen Gruppe von Kletterfreunden treffen und uns auf unser Training konzentrieren k\u00f6nnen.<\/h3>\n<h3 class=\"translation-block\">Aus diesem Grund haben wir die BlocBox hier in Innsbruck gebaut. Das ist der Kletterraum, in dem du eine <a href=\"https:\/\/blocbox-training.com\/de\/produkt\/normal-ticket\/\" target=\"_blank\" rel=\"noopener\">Private Session<\/a> f\u00fcr dich und deine Freunde buchen kannst!<\/h3>\t\t\t\t\t\t\t\t<\/div>\n\t\t\t\t<\/div>\n\t\t\t\t\t<\/div>\n\t\t<\/div>\n\t\t\t\t\t<\/div>\n\t\t<\/section>\n\t\t\t\t<section class=\"elementor-section elementor-top-section elementor-element elementor-element-57e3953 elementor-section-boxed elementor-section-height-default elementor-section-height-default\" data-id=\"57e3953\" data-element_type=\"section\" data-e-type=\"section\">\n\t\t\t\t\t\t<div class=\"elementor-container elementor-column-gap-default\">\n\t\t\t\t\t<div class=\"elementor-column elementor-col-100 elementor-top-column elementor-element elementor-element-25e5b33\" data-id=\"25e5b33\" data-element_type=\"column\" data-e-type=\"column\">\n\t\t\t<div class=\"elementor-widget-wrap elementor-element-populated\">\n\t\t\t\t\t\t<div class=\"elementor-element elementor-element-0a527ef elementor-widget-divider--view-line elementor-widget elementor-widget-divider\" data-id=\"0a527ef\" data-element_type=\"widget\" data-e-type=\"widget\" data-widget_type=\"divider.default\">\n\t\t\t\t<div class=\"elementor-widget-container\">\n\t\t\t\t\t\t\t<div class=\"elementor-divider\">\n\t\t\t<span class=\"elementor-divider-separator\">\n\t\t\t\t\t\t<\/span>\n\t\t<\/div>\n\t\t\t\t\t\t<\/div>\n\t\t\t\t<\/div>\n\t\t\t\t<div class=\"elementor-element elementor-element-3702bc3 elementor-widget elementor-widget-text-editor\" data-id=\"3702bc3\" data-element_type=\"widget\" data-e-type=\"widget\" data-widget_type=\"text-editor.default\">\n\t\t\t\t<div class=\"elementor-widget-container\">\n\t\t\t\t\t\t\t\t\t<p style=\"text-align: center;\"><strong>Your Space &#8211; Your Session &#8211; Your Friends<\/strong><\/p>\t\t\t\t\t\t\t\t<\/div>\n\t\t\t\t<\/div>\n\t\t\t\t\t<\/div>\n\t\t<\/div>\n\t\t\t\t\t<\/div>\n\t\t<\/section>\n\t\t\t\t<section class=\"elementor-section elementor-top-section elementor-element elementor-element-19ce7e0 elementor-section-boxed elementor-section-height-default elementor-section-height-default\" data-id=\"19ce7e0\" data-element_type=\"section\" data-e-type=\"section\">\n\t\t\t\t\t\t<div class=\"elementor-container elementor-column-gap-default\">\n\t\t\t\t\t<div class=\"elementor-column elementor-col-50 elementor-top-column elementor-element elementor-element-22404d1\" data-id=\"22404d1\" data-element_type=\"column\" data-e-type=\"column\">\n\t\t\t<div class=\"elementor-widget-wrap elementor-element-populated\">\n\t\t\t\t\t\t<div class=\"elementor-element elementor-element-e2de513 elementor-widget elementor-widget-text-editor\" data-id=\"e2de513\" data-element_type=\"widget\" data-e-type=\"widget\" data-widget_type=\"text-editor.default\">\n\t\t\t\t<div class=\"elementor-widget-container\">\n\t\t\t\t\t\t\t\t\t<p>Wer wir wirklich sind, oder sollte ich sagen, wer ich wirklich bin? Um ehrlich zu sein, bin ich alleine in diesem Projekt. Um 2019 herum hatte ich die Idee und begann mit dem Prozess der Umsetzung. Nat\u00fcrlich hat sich dieser Weg als viel l\u00e4nger herausgestellt, als ich erwartet hatte, aber jetzt, wo er Realit\u00e4t ist, hoffe ich, dass wir alle diesen Ort genie\u00dfen k\u00f6nnen!<\/p><p>Mein Name ist Remco, und ich komme aus den Niederlanden. Im Jahr 2018 bin ich nach Innsbruck gezogen. Nach meinem Studium habe ich beschlossen, ein Jahr Pause zu machen. Aber ich habe mich in die Berge, das Klettern, Skifahren, Mountainbiken und den Geist Innsbruck verliebt. So wurde dieses eine Jahr ein bisschen l\u00e4nger!<\/p><p class=\"translation-block\">Es w\u00fcrde mich freuen, dich am Fels zu sehen!<br>Ciao,<\/p><p>Remco<\/p>\t\t\t\t\t\t\t\t<\/div>\n\t\t\t\t<\/div>\n\t\t\t\t\t<\/div>\n\t\t<\/div>\n\t\t\t\t<div class=\"elementor-column elementor-col-50 elementor-top-column elementor-element elementor-element-841cfd7\" data-id=\"841cfd7\" data-element_type=\"column\" data-e-type=\"column\">\n\t\t\t<div class=\"elementor-widget-wrap elementor-element-populated\">\n\t\t\t\t\t\t<div class=\"elementor-element elementor-element-02309f8 elementor-widget elementor-widget-image\" data-id=\"02309f8\" data-element_type=\"widget\" data-e-type=\"widget\" data-widget_type=\"image.default\">\n\t\t\t\t<div class=\"elementor-widget-container\">\n\t\t\t\t\t\t\t\t\t\t\t\t\t\t\t<img fetchpriority=\"high\" decoding=\"async\" width=\"1024\" height=\"1024\" src=\"https:\/\/blocbox-training.com\/wp-content\/uploads\/2022\/09\/FOT0260-Copy-1024x1024.jpeg\" class=\"attachment-large size-large wp-image-3741\" alt=\"\" srcset=\"https:\/\/blocbox-training.com\/wp-content\/uploads\/2022\/09\/FOT0260-Copy-1024x1024.jpeg 1024w, https:\/\/blocbox-training.com\/wp-content\/uploads\/2022\/09\/FOT0260-Copy-300x300.jpeg 300w, https:\/\/blocbox-training.com\/wp-content\/uploads\/2022\/09\/FOT0260-Copy-100x100.jpeg 100w, https:\/\/blocbox-training.com\/wp-content\/uploads\/2022\/09\/FOT0260-Copy-600x600.jpeg 600w, https:\/\/blocbox-training.com\/wp-content\/uploads\/2022\/09\/FOT0260-Copy-150x150.jpeg 150w, https:\/\/blocbox-training.com\/wp-content\/uploads\/2022\/09\/FOT0260-Copy-768x768.jpeg 768w, https:\/\/blocbox-training.com\/wp-content\/uploads\/2022\/09\/FOT0260-Copy-1536x1536.jpeg 1536w, https:\/\/blocbox-training.com\/wp-content\/uploads\/2022\/09\/FOT0260-Copy.jpeg 1700w\" sizes=\"(max-width: 1024px) 100vw, 1024px\" \/>\t\t\t\t\t\t\t\t\t\t\t\t\t\t\t<\/div>\n\t\t\t\t<\/div>\n\t\t\t\t\t<\/div>\n\t\t<\/div>\n\t\t\t\t\t<\/div>\n\t\t<\/section>\n\t\t\t\t<\/div>","protected":false},"excerpt":{"rendered":"<p>Who are we? We are very much like you &#8211; super motivated climbers. We love to climb on real rock and train in the climbing gyms. And like you, we have recently discovered that these climbing spaces have become&#8230;. a little packed with other climbers. Don&#8217;t get us wrong! We love that more and more [&hellip;]<\/p>\n","protected":false},"author":1,"featured_media":0,"parent":0,"menu_order":0,"comment_status":"closed","ping_status":"closed","template":"","meta":{"site-sidebar-layout":"no-sidebar","site-content-layout":"page-builder","ast-site-content-layout":"default","site-content-style":"default","site-sidebar-style":"default","ast-global-header-display":"","ast-banner-title-visibility":"","ast-main-header-display":"","ast-hfb-above-header-display":"","ast-hfb-below-header-display":"","ast-hfb-mobile-header-display":"","site-post-title":"disabled","ast-breadcrumbs-content":"","ast-featured-img":"disabled","footer-sml-layout":"","ast-disable-related-posts":"","theme-transparent-header-meta":"enabled","adv-header-id-meta":"","stick-header-meta":"","header-above-stick-meta":"","header-main-stick-meta":"","header-below-stick-meta":"","astra-migrate-meta-layouts":"default","ast-page-background-enabled":"default","ast-page-background-meta":{"desktop":{"background-color":"","background-image":"","background-repeat":"repeat","background-position":"center center","background-size":"auto","background-attachment":"scroll","background-type":"","background-media":"","overlay-type":"","overlay-color":"","overlay-opacity":"","overlay-gradient":""},"tablet":{"background-color":"","background-image":"","background-repeat":"repeat","background-position":"center center","background-size":"auto","background-attachment":"scroll","background-type":"","background-media":"","overlay-type":"","overlay-color":"","overlay-opacity":"","overlay-gradient":""},"mobile":{"background-color":"","background-image":"","background-repeat":"repeat","background-position":"center center","background-size":"auto","background-attachment":"scroll","background-type":"","background-media":"","overlay-type":"","overlay-color":"","overlay-opacity":"","overlay-gradient":""}},"ast-content-background-meta":{"desktop":{"background-color":"var(--ast-global-color-5)","background-image":"","background-repeat":"repeat","background-position":"center center","background-size":"auto","background-attachment":"scroll","background-type":"","background-media":"","overlay-type":"","overlay-color":"","overlay-opacity":"","overlay-gradient":""},"tablet":{"background-color":"var(--ast-global-color-5)","background-image":"","background-repeat":"repeat","background-position":"center center","background-size":"auto","background-attachment":"scroll","background-type":"","background-media":"","overlay-type":"","overlay-color":"","overlay-opacity":"","overlay-gradient":""},"mobile":{"background-color":"var(--ast-global-color-5)","background-image":"","background-repeat":"repeat","background-position":"center center","background-size":"auto","background-attachment":"scroll","background-type":"","background-media":"","overlay-type":"","overlay-color":"","overlay-opacity":"","overlay-gradient":""}},"footnotes":""},"class_list":["post-541","page","type-page","status-publish","hentry"],"yoast_head":"<!-- This site is optimized with the Yoast SEO plugin v27.1.1 - https:\/\/yoast.com\/product\/yoast-seo-wordpress\/ -->\n<title>About - BlocBox-Training<\/title>\n<meta name=\"robots\" content=\"index, follow, max-snippet:-1, max-image-preview:large, max-video-preview:-1\" \/>\n<link rel=\"canonical\" href=\"https:\/\/blocbox-training.com\/de\/about\/\" \/>\n<meta property=\"og:locale\" content=\"de_DE\" \/>\n<meta property=\"og:type\" content=\"article\" \/>\n<meta property=\"og:title\" content=\"About - BlocBox-Training\" \/>\n<meta property=\"og:description\" content=\"Who are we? We are very much like you &#8211; super motivated climbers. We love to climb on real rock and train in the climbing gyms. And like you, we have recently discovered that these climbing spaces have become&#8230;. a little packed with other climbers. Don&#8217;t get us wrong! We love that more and more [&hellip;]\" \/>\n<meta property=\"og:url\" content=\"https:\/\/blocbox-training.com\/de\/about\/\" \/>\n<meta property=\"og:site_name\" content=\"BlocBox-Training\" \/>\n<meta property=\"article:publisher\" content=\"https:\/\/www.facebook.com\/BlocBoxTraining\" \/>\n<meta property=\"article:modified_time\" content=\"2025-12-11T18:25:51+00:00\" \/>\n<meta property=\"og:image\" content=\"https:\/\/blocbox-training.com\/wp-content\/uploads\/2022\/09\/FOT0260-Copy.jpeg\" \/>\n\t<meta property=\"og:image:width\" content=\"1700\" \/>\n\t<meta property=\"og:image:height\" content=\"1700\" \/>\n\t<meta property=\"og:image:type\" content=\"image\/jpeg\" \/>\n<meta name=\"twitter:card\" content=\"summary_large_image\" \/>\n<meta name=\"twitter:label1\" content=\"Gesch\u00e4tzte Lesezeit\" \/>\n\t<meta name=\"twitter:data1\" content=\"2\u00a0Minuten\" \/>\n<script type=\"application\/ld+json\" class=\"yoast-schema-graph\">{\"@context\":\"https:\/\/schema.org\",\"@graph\":[{\"@type\":\"WebPage\",\"@id\":\"https:\/\/blocbox-training.com\/about\/\",\"url\":\"https:\/\/blocbox-training.com\/about\/\",\"name\":\"About - BlocBox-Training\",\"isPartOf\":{\"@id\":\"https:\/\/blocbox-training.com\/#website\"},\"primaryImageOfPage\":{\"@id\":\"https:\/\/blocbox-training.com\/about\/#primaryimage\"},\"image\":{\"@id\":\"https:\/\/blocbox-training.com\/about\/#primaryimage\"},\"thumbnailUrl\":\"https:\/\/blocbox-training.com\/wp-content\/uploads\/2022\/09\/FOT0260-Copy-1024x1024.jpeg\",\"datePublished\":\"2018-11-27T09:17:08+00:00\",\"dateModified\":\"2025-12-11T18:25:51+00:00\",\"breadcrumb\":{\"@id\":\"https:\/\/blocbox-training.com\/about\/#breadcrumb\"},\"inLanguage\":\"de\",\"potentialAction\":[{\"@type\":\"ReadAction\",\"target\":[\"https:\/\/blocbox-training.com\/about\/\"]}]},{\"@type\":\"ImageObject\",\"inLanguage\":\"de\",\"@id\":\"https:\/\/blocbox-training.com\/about\/#primaryimage\",\"url\":\"https:\/\/blocbox-training.com\/wp-content\/uploads\/2022\/09\/FOT0260-Copy-1024x1024.jpeg\",\"contentUrl\":\"https:\/\/blocbox-training.com\/wp-content\/uploads\/2022\/09\/FOT0260-Copy-1024x1024.jpeg\"},{\"@type\":\"BreadcrumbList\",\"@id\":\"https:\/\/blocbox-training.com\/about\/#breadcrumb\",\"itemListElement\":[{\"@type\":\"ListItem\",\"position\":1,\"name\":\"Home\",\"item\":\"https:\/\/blocbox-training.com\/\"},{\"@type\":\"ListItem\",\"position\":2,\"name\":\"About\"}]},{\"@type\":\"WebSite\",\"@id\":\"https:\/\/blocbox-training.com\/#website\",\"url\":\"https:\/\/blocbox-training.com\/\",\"name\":\"BlocBox-Training\",\"description\":\"Boulderhalle \/ Bouldering \/ Innsbruck\",\"publisher\":{\"@id\":\"https:\/\/blocbox-training.com\/#organization\"},\"potentialAction\":[{\"@type\":\"SearchAction\",\"target\":{\"@type\":\"EntryPoint\",\"urlTemplate\":\"https:\/\/blocbox-training.com\/?s={search_term_string}\"},\"query-input\":{\"@type\":\"PropertyValueSpecification\",\"valueRequired\":true,\"valueName\":\"search_term_string\"}}],\"inLanguage\":\"de\"},{\"@type\":\"Organization\",\"@id\":\"https:\/\/blocbox-training.com\/#organization\",\"name\":\"BlocBox-Training\",\"url\":\"https:\/\/blocbox-training.com\/\",\"logo\":{\"@type\":\"ImageObject\",\"inLanguage\":\"de\",\"@id\":\"https:\/\/blocbox-training.com\/#\/schema\/logo\/image\/\",\"url\":\"https:\/\/blocbox-training.com\/wp-content\/uploads\/2025\/12\/BB-Long-Black-scaled.png\",\"contentUrl\":\"https:\/\/blocbox-training.com\/wp-content\/uploads\/2025\/12\/BB-Long-Black-scaled.png\",\"width\":2560,\"height\":448,\"caption\":\"BlocBox-Training\"},\"image\":{\"@id\":\"https:\/\/blocbox-training.com\/#\/schema\/logo\/image\/\"},\"sameAs\":[\"https:\/\/www.facebook.com\/BlocBoxTraining\",\"https:\/\/www.instagram.com\/blocbox_training\/\"]}]}<\/script>\n<!-- \/ Yoast SEO plugin. -->","yoast_head_json":{"title":"About - BlocBox-Training","robots":{"index":"index","follow":"follow","max-snippet":"max-snippet:-1","max-image-preview":"max-image-preview:large","max-video-preview":"max-video-preview:-1"},"canonical":"https:\/\/blocbox-training.com\/de\/about\/","og_locale":"de_DE","og_type":"article","og_title":"About - BlocBox-Training","og_description":"Who are we? We are very much like you &#8211; super motivated climbers. We love to climb on real rock and train in the climbing gyms. And like you, we have recently discovered that these climbing spaces have become&#8230;. a little packed with other climbers. Don&#8217;t get us wrong! We love that more and more [&hellip;]","og_url":"https:\/\/blocbox-training.com\/de\/about\/","og_site_name":"BlocBox-Training","article_publisher":"https:\/\/www.facebook.com\/BlocBoxTraining","article_modified_time":"2025-12-11T18:25:51+00:00","og_image":[{"width":1700,"height":1700,"url":"https:\/\/blocbox-training.com\/wp-content\/uploads\/2022\/09\/FOT0260-Copy.jpeg","type":"image\/jpeg"}],"twitter_card":"summary_large_image","twitter_misc":{"Gesch\u00e4tzte Lesezeit":"2\u00a0Minuten"},"schema":{"@context":"https:\/\/schema.org","@graph":[{"@type":"WebPage","@id":"https:\/\/blocbox-training.com\/about\/","url":"https:\/\/blocbox-training.com\/about\/","name":"About - BlocBox-Training","isPartOf":{"@id":"https:\/\/blocbox-training.com\/#website"},"primaryImageOfPage":{"@id":"https:\/\/blocbox-training.com\/about\/#primaryimage"},"image":{"@id":"https:\/\/blocbox-training.com\/about\/#primaryimage"},"thumbnailUrl":"https:\/\/blocbox-training.com\/wp-content\/uploads\/2022\/09\/FOT0260-Copy-1024x1024.jpeg","datePublished":"2018-11-27T09:17:08+00:00","dateModified":"2025-12-11T18:25:51+00:00","breadcrumb":{"@id":"https:\/\/blocbox-training.com\/about\/#breadcrumb"},"inLanguage":"de","potentialAction":[{"@type":"ReadAction","target":["https:\/\/blocbox-training.com\/about\/"]}]},{"@type":"ImageObject","inLanguage":"de","@id":"https:\/\/blocbox-training.com\/about\/#primaryimage","url":"https:\/\/blocbox-training.com\/wp-content\/uploads\/2022\/09\/FOT0260-Copy-1024x1024.jpeg","contentUrl":"https:\/\/blocbox-training.com\/wp-content\/uploads\/2022\/09\/FOT0260-Copy-1024x1024.jpeg"},{"@type":"BreadcrumbList","@id":"https:\/\/blocbox-training.com\/about\/#breadcrumb","itemListElement":[{"@type":"ListItem","position":1,"name":"Home","item":"https:\/\/blocbox-training.com\/"},{"@type":"ListItem","position":2,"name":"About"}]},{"@type":"WebSite","@id":"https:\/\/blocbox-training.com\/#website","url":"https:\/\/blocbox-training.com\/","name":"BlocBox-Training","description":"Boulderhalle \/ Bouldering \/ Innsbruck","publisher":{"@id":"https:\/\/blocbox-training.com\/#organization"},"potentialAction":[{"@type":"SearchAction","target":{"@type":"EntryPoint","urlTemplate":"https:\/\/blocbox-training.com\/?s={search_term_string}"},"query-input":{"@type":"PropertyValueSpecification","valueRequired":true,"valueName":"search_term_string"}}],"inLanguage":"de"},{"@type":"Organization","@id":"https:\/\/blocbox-training.com\/#organization","name":"BlocBox-Training","url":"https:\/\/blocbox-training.com\/","logo":{"@type":"ImageObject","inLanguage":"de","@id":"https:\/\/blocbox-training.com\/#\/schema\/logo\/image\/","url":"https:\/\/blocbox-training.com\/wp-content\/uploads\/2025\/12\/BB-Long-Black-scaled.png","contentUrl":"https:\/\/blocbox-training.com\/wp-content\/uploads\/2025\/12\/BB-Long-Black-scaled.png","width":2560,"height":448,"caption":"BlocBox-Training"},"image":{"@id":"https:\/\/blocbox-training.com\/#\/schema\/logo\/image\/"},"sameAs":["https:\/\/www.facebook.com\/BlocBoxTraining","https:\/\/www.instagram.com\/blocbox_training\/"]}]}},"_links":{"self":[{"href":"https:\/\/blocbox-training.com\/de\/wp-json\/wp\/v2\/pages\/541","targetHints":{"allow":["GET"]}}],"collection":[{"href":"https:\/\/blocbox-training.com\/de\/wp-json\/wp\/v2\/pages"}],"about":[{"href":"https:\/\/blocbox-training.com\/de\/wp-json\/wp\/v2\/types\/page"}],"author":[{"embeddable":true,"href":"https:\/\/blocbox-training.com\/de\/wp-json\/wp\/v2\/users\/1"}],"replies":[{"embeddable":true,"href":"https:\/\/blocbox-training.com\/de\/wp-json\/wp\/v2\/comments?post=541"}],"version-history":[{"count":183,"href":"https:\/\/blocbox-training.com\/de\/wp-json\/wp\/v2\/pages\/541\/revisions"}],"predecessor-version":[{"id":11971,"href":"https:\/\/blocbox-training.com\/de\/wp-json\/wp\/v2\/pages\/541\/revisions\/11971"}],"wp:attachment":[{"href":"https:\/\/blocbox-training.com\/de\/wp-json\/wp\/v2\/media?parent=541"}],"curies":[{"name":"wp","href":"https:\/\/api.w.org\/{rel}","templated":true}]}}