{"id":544,"date":"2018-11-27T09:17:56","date_gmt":"2018-11-27T09:17:56","guid":{"rendered":"http:\/\/blocbox-training.com\/contact\/"},"modified":"2025-12-11T19:31:26","modified_gmt":"2025-12-11T18:31:26","slug":"contact","status":"publish","type":"page","link":"https:\/\/blocbox-training.com\/de\/contact\/","title":{"rendered":"Kontakt"},"content":{"rendered":"<div data-elementor-type=\"wp-post\" data-elementor-id=\"544\" class=\"elementor elementor-544\">\n\t\t\t\t\t\t<section class=\"elementor-section elementor-top-section elementor-element elementor-element-4d6be6a elementor-section-boxed elementor-section-height-default elementor-section-height-default\" data-id=\"4d6be6a\" data-element_type=\"section\" data-e-type=\"section\">\n\t\t\t\t\t\t<div class=\"elementor-container elementor-column-gap-default\">\n\t\t\t\t\t<div class=\"elementor-column elementor-col-100 elementor-top-column elementor-element elementor-element-9a842a9\" data-id=\"9a842a9\" data-element_type=\"column\" data-e-type=\"column\">\n\t\t\t<div class=\"elementor-widget-wrap elementor-element-populated\">\n\t\t\t\t\t\t<div class=\"elementor-element elementor-element-bedb40e elementor-widget elementor-widget-heading\" data-id=\"bedb40e\" data-element_type=\"widget\" data-e-type=\"widget\" data-widget_type=\"heading.default\">\n\t\t\t\t<div class=\"elementor-widget-container\">\n\t\t\t\t\t<h2 class=\"elementor-heading-title elementor-size-default\">Kontaktiere uns<\/h2>\t\t\t\t<\/div>\n\t\t\t\t<\/div>\n\t\t\t\t\t<\/div>\n\t\t<\/div>\n\t\t\t\t\t<\/div>\n\t\t<\/section>\n\t\t\t\t<section class=\"elementor-section elementor-top-section elementor-element elementor-element-a27ea7c elementor-section-boxed elementor-section-height-default elementor-section-height-default\" data-id=\"a27ea7c\" data-element_type=\"section\" data-e-type=\"section\">\n\t\t\t\t\t\t<div class=\"elementor-container elementor-column-gap-default\">\n\t\t\t\t\t<div class=\"elementor-column elementor-col-50 elementor-top-column elementor-element elementor-element-c6a3830\" data-id=\"c6a3830\" data-element_type=\"column\" data-e-type=\"column\">\n\t\t\t<div class=\"elementor-widget-wrap elementor-element-populated\">\n\t\t\t\t\t\t<div class=\"elementor-element elementor-element-74c0dbc elementor-widget elementor-widget-heading\" data-id=\"74c0dbc\" data-element_type=\"widget\" data-e-type=\"widget\" data-widget_type=\"heading.default\">\n\t\t\t\t<div class=\"elementor-widget-container\">\n\t\t\t\t\t<h3 class=\"elementor-heading-title elementor-size-default\">Hast du noch Fragen? Melde dich einfach, wir sind f\u00fcr euch da!<\/h3>\t\t\t\t<\/div>\n\t\t\t\t<\/div>\n\t\t\t\t<div class=\"elementor-element elementor-element-f0c614c elementor-widget__width-initial elementor-widget elementor-widget-text-editor\" data-id=\"f0c614c\" data-element_type=\"widget\" data-e-type=\"widget\" data-widget_type=\"text-editor.default\">\n\t\t\t\t<div class=\"elementor-widget-container\">\n\t\t\t\t\t\t\t\t\t<p class=\"translation-block\">Wir wissen, dass das Konzept neu ist und es viele Fragen geben k\u00f6nnte! Z\u00f6gere nicht, uns jede Frage zu stellen, die du hast. Wir sind auch offen f\u00fcr kreative Ideen und Anregungen von eurer Seite!<\/p><p class=\"translation-block\">Wenn du ein pers\u00f6nliches oder telefonisches Gespr\u00e4ch w\u00fcnschst, schreib uns bitte eine E-Mail! Wir werden uns dann so schnell wie m\u00f6glich bei dir zur\u00fcckmelden.<\/p><p><span style=\"font-style: inherit; font-weight: inherit;\">Wir freuen uns auf deine E-Mail!<\/span><\/p>\t\t\t\t\t\t\t\t<\/div>\n\t\t\t\t<\/div>\n\t\t\t\t\t<\/div>\n\t\t<\/div>\n\t\t\t\t<div class=\"elementor-column elementor-col-50 elementor-top-column elementor-element elementor-element-7a523ff\" data-id=\"7a523ff\" data-element_type=\"column\" data-e-type=\"column\">\n\t\t\t<div class=\"elementor-widget-wrap elementor-element-populated\">\n\t\t\t\t\t\t<div class=\"elementor-element elementor-element-f73529e elementor-widget elementor-widget-heading\" data-id=\"f73529e\" data-element_type=\"widget\" data-e-type=\"widget\" data-widget_type=\"heading.default\">\n\t\t\t\t<div class=\"elementor-widget-container\">\n\t\t\t\t\t<h3 class=\"elementor-heading-title elementor-size-default\">Kontakt Info<\/h3>\t\t\t\t<\/div>\n\t\t\t\t<\/div>\n\t\t\t\t<div class=\"elementor-element elementor-element-f47ccc1 elementor-widget elementor-widget-icon-box\" data-id=\"f47ccc1\" data-element_type=\"widget\" data-e-type=\"widget\" data-widget_type=\"icon-box.default\">\n\t\t\t\t<div class=\"elementor-widget-container\">\n\t\t\t\t\t\t\t<div class=\"elementor-icon-box-wrapper\">\n\n\t\t\t\n\t\t\t\t\t\t<div class=\"elementor-icon-box-content\">\n\n\t\t\t\t\t\t\t\t\t<h6 class=\"elementor-icon-box-title\">\n\t\t\t\t\t\t<span  >\n\t\t\t\t\t\t\tUnser E-Mail\t\t\t\t\t\t<\/span>\n\t\t\t\t\t<\/h6>\n\t\t\t\t\n\t\t\t\t\t\t\t\t\t<p class=\"elementor-icon-box-description\">\n\t\t\t\t\t\tinfo@blocbox-training.com\t\t\t\t\t<\/p>\n\t\t\t\t\n\t\t\t<\/div>\n\t\t\t\n\t\t<\/div>\n\t\t\t\t\t\t<\/div>\n\t\t\t\t<\/div>\n\t\t\t\t<div class=\"elementor-element elementor-element-5246e5c elementor-widget elementor-widget-icon-box\" data-id=\"5246e5c\" data-element_type=\"widget\" data-e-type=\"widget\" data-widget_type=\"icon-box.default\">\n\t\t\t\t<div class=\"elementor-widget-container\">\n\t\t\t\t\t\t\t<div class=\"elementor-icon-box-wrapper\">\n\n\t\t\t\n\t\t\t\t\t\t<div class=\"elementor-icon-box-content\">\n\n\t\t\t\t\t\t\t\t\t<h6 class=\"elementor-icon-box-title\">\n\t\t\t\t\t\t<span  >\n\t\t\t\t\t\t\tDie Adresse\t\t\t\t\t\t<\/span>\n\t\t\t\t\t<\/h6>\n\t\t\t\t\n\t\t\t\t\t\t\t\t\t<p class=\"elementor-icon-box-description translation-block\">Viaduktbogen 83<br>6020, Innsbruck<br>Tirol, \u00d6sterreich<\/p>\n\t\t\t\t\n\t\t\t<\/div>\n\t\t\t\n\t\t<\/div>\n\t\t\t\t\t\t<\/div>\n\t\t\t\t<\/div>\n\t\t\t\t<div class=\"elementor-element elementor-element-9f74309 elementor-shape-circle e-grid-align-left e-grid-align-mobile-center elementor-grid-0 elementor-widget elementor-widget-social-icons\" data-id=\"9f74309\" data-element_type=\"widget\" data-e-type=\"widget\" data-widget_type=\"social-icons.default\">\n\t\t\t\t<div class=\"elementor-widget-container\">\n\t\t\t\t\t\t\t<div class=\"elementor-social-icons-wrapper elementor-grid\" role=\"list\">\n\t\t\t\t\t\t\t<span class=\"elementor-grid-item\" role=\"listitem\">\n\t\t\t\t\t<a class=\"elementor-icon elementor-social-icon elementor-social-icon-instagram elementor-animation-shrink elementor-repeater-item-57fe014\" href=\"https:\/\/www.instagram.com\/blocbox_training\/\">\n\t\t\t\t\t\t<span class=\"elementor-screen-only\">Instagram<\/span>\n\t\t\t\t\t\t<i aria-hidden=\"true\" class=\"fab fa-instagram\"><\/i>\t\t\t\t\t<\/a>\n\t\t\t\t<\/span>\n\t\t\t\t\t\t\t<span class=\"elementor-grid-item\" role=\"listitem\">\n\t\t\t\t\t<a class=\"elementor-icon elementor-social-icon elementor-social-icon-facebook elementor-animation-shrink elementor-repeater-item-0ec3dce\" href=\"https:\/\/www.facebook.com\/profile.php?id=100085332213861\">\n\t\t\t\t\t\t<span class=\"elementor-screen-only\">Facebook<\/span>\n\t\t\t\t\t\t<i aria-hidden=\"true\" class=\"fab fa-facebook\"><\/i>\t\t\t\t\t<\/a>\n\t\t\t\t<\/span>\n\t\t\t\t\t<\/div>\n\t\t\t\t\t\t<\/div>\n\t\t\t\t<\/div>\n\t\t\t\t\t<\/div>\n\t\t<\/div>\n\t\t\t\t\t<\/div>\n\t\t<\/section>\n\t\t\t\t<\/div>","protected":false},"excerpt":{"rendered":"<p>Contact US Please let us know if you have any questions We know that the concept is new and there might be a lot of questions!\u00a0Do not hesitate to ask us any question you have.\u00a0Also, we are open for creative ideas or input from your side! If you want to talk in person or by [&hellip;]<\/p>\n","protected":false},"author":1,"featured_media":0,"parent":0,"menu_order":0,"comment_status":"closed","ping_status":"closed","template":"","meta":{"site-sidebar-layout":"no-sidebar","site-content-layout":"page-builder","ast-site-content-layout":"default","site-content-style":"default","site-sidebar-style":"default","ast-global-header-display":"","ast-banner-title-visibility":"","ast-main-header-display":"","ast-hfb-above-header-display":"","ast-hfb-below-header-display":"","ast-hfb-mobile-header-display":"","site-post-title":"disabled","ast-breadcrumbs-content":"","ast-featured-img":"disabled","footer-sml-layout":"","ast-disable-related-posts":"","theme-transparent-header-meta":"enabled","adv-header-id-meta":"","stick-header-meta":"","header-above-stick-meta":"","header-main-stick-meta":"","header-below-stick-meta":"","astra-migrate-meta-layouts":"default","ast-page-background-enabled":"default","ast-page-background-meta":{"desktop":{"background-color":"","background-image":"","background-repeat":"repeat","background-position":"center center","background-size":"auto","background-attachment":"scroll","background-type":"","background-media":"","overlay-type":"","overlay-color":"","overlay-opacity":"","overlay-gradient":""},"tablet":{"background-color":"","background-image":"","background-repeat":"repeat","background-position":"center center","background-size":"auto","background-attachment":"scroll","background-type":"","background-media":"","overlay-type":"","overlay-color":"","overlay-opacity":"","overlay-gradient":""},"mobile":{"background-color":"","background-image":"","background-repeat":"repeat","background-position":"center center","background-size":"auto","background-attachment":"scroll","background-type":"","background-media":"","overlay-type":"","overlay-color":"","overlay-opacity":"","overlay-gradient":""}},"ast-content-background-meta":{"desktop":{"background-color":"var(--ast-global-color-5)","background-image":"","background-repeat":"repeat","background-position":"center center","background-size":"auto","background-attachment":"scroll","background-type":"","background-media":"","overlay-type":"","overlay-color":"","overlay-opacity":"","overlay-gradient":""},"tablet":{"background-color":"var(--ast-global-color-5)","background-image":"","background-repeat":"repeat","background-position":"center center","background-size":"auto","background-attachment":"scroll","background-type":"","background-media":"","overlay-type":"","overlay-color":"","overlay-opacity":"","overlay-gradient":""},"mobile":{"background-color":"var(--ast-global-color-5)","background-image":"","background-repeat":"repeat","background-position":"center center","background-size":"auto","background-attachment":"scroll","background-type":"","background-media":"","overlay-type":"","overlay-color":"","overlay-opacity":"","overlay-gradient":""}},"footnotes":""},"class_list":["post-544","page","type-page","status-publish","hentry"],"yoast_head":"<!-- This site is optimized with the Yoast SEO plugin v27.1.1 - https:\/\/yoast.com\/product\/yoast-seo-wordpress\/ -->\n<title>Contact - BlocBox-Training<\/title>\n<meta name=\"robots\" content=\"index, follow, max-snippet:-1, max-image-preview:large, max-video-preview:-1\" \/>\n<link rel=\"canonical\" href=\"https:\/\/blocbox-training.com\/de\/contact\/\" \/>\n<meta property=\"og:locale\" content=\"de_DE\" \/>\n<meta property=\"og:type\" content=\"article\" \/>\n<meta property=\"og:title\" content=\"Contact - BlocBox-Training\" \/>\n<meta property=\"og:description\" content=\"Contact US Please let us know if you have any questions We know that the concept is new and there might be a lot of questions!\u00a0Do not hesitate to ask us any question you have.\u00a0Also, we are open for creative ideas or input from your side! If you want to talk in person or by [&hellip;]\" \/>\n<meta property=\"og:url\" content=\"https:\/\/blocbox-training.com\/de\/contact\/\" \/>\n<meta property=\"og:site_name\" content=\"BlocBox-Training\" \/>\n<meta property=\"article:publisher\" content=\"https:\/\/www.facebook.com\/BlocBoxTraining\" \/>\n<meta property=\"article:modified_time\" content=\"2025-12-11T18:31:26+00:00\" \/>\n<meta name=\"twitter:card\" content=\"summary_large_image\" \/>\n<meta name=\"twitter:label1\" content=\"Gesch\u00e4tzte Lesezeit\" \/>\n\t<meta name=\"twitter:data1\" content=\"1\u00a0Minute\" \/>\n<script type=\"application\/ld+json\" class=\"yoast-schema-graph\">{\"@context\":\"https:\/\/schema.org\",\"@graph\":[{\"@type\":\"WebPage\",\"@id\":\"https:\/\/blocbox-training.com\/contact\/\",\"url\":\"https:\/\/blocbox-training.com\/contact\/\",\"name\":\"Contact - BlocBox-Training\",\"isPartOf\":{\"@id\":\"https:\/\/blocbox-training.com\/#website\"},\"datePublished\":\"2018-11-27T09:17:56+00:00\",\"dateModified\":\"2025-12-11T18:31:26+00:00\",\"breadcrumb\":{\"@id\":\"https:\/\/blocbox-training.com\/contact\/#breadcrumb\"},\"inLanguage\":\"de\",\"potentialAction\":[{\"@type\":\"ReadAction\",\"target\":[\"https:\/\/blocbox-training.com\/contact\/\"]}]},{\"@type\":\"BreadcrumbList\",\"@id\":\"https:\/\/blocbox-training.com\/contact\/#breadcrumb\",\"itemListElement\":[{\"@type\":\"ListItem\",\"position\":1,\"name\":\"Home\",\"item\":\"https:\/\/blocbox-training.com\/\"},{\"@type\":\"ListItem\",\"position\":2,\"name\":\"Contact\"}]},{\"@type\":\"WebSite\",\"@id\":\"https:\/\/blocbox-training.com\/#website\",\"url\":\"https:\/\/blocbox-training.com\/\",\"name\":\"BlocBox-Training\",\"description\":\"Boulderhalle \/ Bouldering \/ Innsbruck\",\"publisher\":{\"@id\":\"https:\/\/blocbox-training.com\/#organization\"},\"potentialAction\":[{\"@type\":\"SearchAction\",\"target\":{\"@type\":\"EntryPoint\",\"urlTemplate\":\"https:\/\/blocbox-training.com\/?s={search_term_string}\"},\"query-input\":{\"@type\":\"PropertyValueSpecification\",\"valueRequired\":true,\"valueName\":\"search_term_string\"}}],\"inLanguage\":\"de\"},{\"@type\":\"Organization\",\"@id\":\"https:\/\/blocbox-training.com\/#organization\",\"name\":\"BlocBox-Training\",\"url\":\"https:\/\/blocbox-training.com\/\",\"logo\":{\"@type\":\"ImageObject\",\"inLanguage\":\"de\",\"@id\":\"https:\/\/blocbox-training.com\/#\/schema\/logo\/image\/\",\"url\":\"https:\/\/blocbox-training.com\/wp-content\/uploads\/2025\/12\/BB-Long-Black-scaled.png\",\"contentUrl\":\"https:\/\/blocbox-training.com\/wp-content\/uploads\/2025\/12\/BB-Long-Black-scaled.png\",\"width\":2560,\"height\":448,\"caption\":\"BlocBox-Training\"},\"image\":{\"@id\":\"https:\/\/blocbox-training.com\/#\/schema\/logo\/image\/\"},\"sameAs\":[\"https:\/\/www.facebook.com\/BlocBoxTraining\",\"https:\/\/www.instagram.com\/blocbox_training\/\"]}]}<\/script>\n<!-- \/ Yoast SEO plugin. -->","yoast_head_json":{"title":"Contact - BlocBox-Training","robots":{"index":"index","follow":"follow","max-snippet":"max-snippet:-1","max-image-preview":"max-image-preview:large","max-video-preview":"max-video-preview:-1"},"canonical":"https:\/\/blocbox-training.com\/de\/contact\/","og_locale":"de_DE","og_type":"article","og_title":"Contact - BlocBox-Training","og_description":"Contact US Please let us know if you have any questions We know that the concept is new and there might be a lot of questions!\u00a0Do not hesitate to ask us any question you have.\u00a0Also, we are open for creative ideas or input from your side! If you want to talk in person or by [&hellip;]","og_url":"https:\/\/blocbox-training.com\/de\/contact\/","og_site_name":"BlocBox-Training","article_publisher":"https:\/\/www.facebook.com\/BlocBoxTraining","article_modified_time":"2025-12-11T18:31:26+00:00","twitter_card":"summary_large_image","twitter_misc":{"Gesch\u00e4tzte Lesezeit":"1\u00a0Minute"},"schema":{"@context":"https:\/\/schema.org","@graph":[{"@type":"WebPage","@id":"https:\/\/blocbox-training.com\/contact\/","url":"https:\/\/blocbox-training.com\/contact\/","name":"Contact - BlocBox-Training","isPartOf":{"@id":"https:\/\/blocbox-training.com\/#website"},"datePublished":"2018-11-27T09:17:56+00:00","dateModified":"2025-12-11T18:31:26+00:00","breadcrumb":{"@id":"https:\/\/blocbox-training.com\/contact\/#breadcrumb"},"inLanguage":"de","potentialAction":[{"@type":"ReadAction","target":["https:\/\/blocbox-training.com\/contact\/"]}]},{"@type":"BreadcrumbList","@id":"https:\/\/blocbox-training.com\/contact\/#breadcrumb","itemListElement":[{"@type":"ListItem","position":1,"name":"Home","item":"https:\/\/blocbox-training.com\/"},{"@type":"ListItem","position":2,"name":"Contact"}]},{"@type":"WebSite","@id":"https:\/\/blocbox-training.com\/#website","url":"https:\/\/blocbox-training.com\/","name":"BlocBox-Training","description":"Boulderhalle \/ Bouldering \/ Innsbruck","publisher":{"@id":"https:\/\/blocbox-training.com\/#organization"},"potentialAction":[{"@type":"SearchAction","target":{"@type":"EntryPoint","urlTemplate":"https:\/\/blocbox-training.com\/?s={search_term_string}"},"query-input":{"@type":"PropertyValueSpecification","valueRequired":true,"valueName":"search_term_string"}}],"inLanguage":"de"},{"@type":"Organization","@id":"https:\/\/blocbox-training.com\/#organization","name":"BlocBox-Training","url":"https:\/\/blocbox-training.com\/","logo":{"@type":"ImageObject","inLanguage":"de","@id":"https:\/\/blocbox-training.com\/#\/schema\/logo\/image\/","url":"https:\/\/blocbox-training.com\/wp-content\/uploads\/2025\/12\/BB-Long-Black-scaled.png","contentUrl":"https:\/\/blocbox-training.com\/wp-content\/uploads\/2025\/12\/BB-Long-Black-scaled.png","width":2560,"height":448,"caption":"BlocBox-Training"},"image":{"@id":"https:\/\/blocbox-training.com\/#\/schema\/logo\/image\/"},"sameAs":["https:\/\/www.facebook.com\/BlocBoxTraining","https:\/\/www.instagram.com\/blocbox_training\/"]}]}},"_links":{"self":[{"href":"https:\/\/blocbox-training.com\/de\/wp-json\/wp\/v2\/pages\/544","targetHints":{"allow":["GET"]}}],"collection":[{"href":"https:\/\/blocbox-training.com\/de\/wp-json\/wp\/v2\/pages"}],"about":[{"href":"https:\/\/blocbox-training.com\/de\/wp-json\/wp\/v2\/types\/page"}],"author":[{"embeddable":true,"href":"https:\/\/blocbox-training.com\/de\/wp-json\/wp\/v2\/users\/1"}],"replies":[{"embeddable":true,"href":"https:\/\/blocbox-training.com\/de\/wp-json\/wp\/v2\/comments?post=544"}],"version-history":[{"count":122,"href":"https:\/\/blocbox-training.com\/de\/wp-json\/wp\/v2\/pages\/544\/revisions"}],"predecessor-version":[{"id":11988,"href":"https:\/\/blocbox-training.com\/de\/wp-json\/wp\/v2\/pages\/544\/revisions\/11988"}],"wp:attachment":[{"href":"https:\/\/blocbox-training.com\/de\/wp-json\/wp\/v2\/media?parent=544"}],"curies":[{"name":"wp","href":"https:\/\/api.w.org\/{rel}","templated":true}]}}