{"id":8452,"date":"2024-10-21T14:41:11","date_gmt":"2024-10-21T12:41:11","guid":{"rendered":"https:\/\/blocbox-training.com\/?page_id=8452"},"modified":"2026-01-22T13:12:43","modified_gmt":"2026-01-22T12:12:43","slug":"kindergeburtstagen","status":"publish","type":"page","link":"https:\/\/blocbox-training.com\/de\/kindergeburtstagen\/","title":{"rendered":"Kindergeburtstagen"},"content":{"rendered":"<div data-elementor-type=\"wp-page\" data-elementor-id=\"8452\" class=\"elementor elementor-8452\">\n\t\t\t\t\t\t<section class=\"elementor-section elementor-top-section elementor-element elementor-element-25f81c9 elementor-section-boxed elementor-section-height-default elementor-section-height-default\" data-id=\"25f81c9\" data-element_type=\"section\" data-e-type=\"section\">\n\t\t\t\t\t\t<div class=\"elementor-container elementor-column-gap-default\">\n\t\t\t\t\t<div class=\"elementor-column elementor-col-100 elementor-top-column elementor-element elementor-element-4adb11c\" data-id=\"4adb11c\" data-element_type=\"column\" data-e-type=\"column\">\n\t\t\t<div class=\"elementor-widget-wrap elementor-element-populated\">\n\t\t\t\t\t\t<div class=\"elementor-element elementor-element-7c3a741 elementor-widget elementor-widget-heading\" data-id=\"7c3a741\" data-element_type=\"widget\" data-e-type=\"widget\" data-widget_type=\"heading.default\">\n\t\t\t\t<div class=\"elementor-widget-container\">\n\t\t\t\t\t<h2 class=\"elementor-heading-title elementor-size-default\"><p>Kindergeburtstag in der BlocBox <\/p><\/h2>\t\t\t\t<\/div>\n\t\t\t\t<\/div>\n\t\t\t\t\t<\/div>\n\t\t<\/div>\n\t\t\t\t\t<\/div>\n\t\t<\/section>\n\t\t\t\t<section class=\"elementor-section elementor-top-section elementor-element elementor-element-f8212b9 elementor-section-boxed elementor-section-height-default elementor-section-height-default\" data-id=\"f8212b9\" data-element_type=\"section\" data-e-type=\"section\">\n\t\t\t\t\t\t<div class=\"elementor-container elementor-column-gap-default\">\n\t\t\t\t\t<div class=\"elementor-column elementor-col-50 elementor-top-column elementor-element elementor-element-ad801d1\" data-id=\"ad801d1\" data-element_type=\"column\" data-e-type=\"column\">\n\t\t\t<div class=\"elementor-widget-wrap elementor-element-populated\">\n\t\t\t\t\t\t<div class=\"elementor-element elementor-element-9d68b4e elementor-widget elementor-widget-text-editor\" data-id=\"9d68b4e\" data-element_type=\"widget\" data-e-type=\"widget\" data-widget_type=\"text-editor.default\">\n\t\t\t\t<div class=\"elementor-widget-container\">\n\t\t\t\t\t\t\t\t\t<p><strong>Macht den n\u00e4chsten Kindergeburtstag zu einem besonderen Erlebnis \u2013 mit einem Kletterabenteuer in der BlocBox in Innsbruck!<\/strong>\u00a0 \u200d<b><span style=\"font-family: 'Segoe UI Emoji', sans-serif;\"><img decoding=\"async\" class=\"emoji\" role=\"img\" draggable=\"false\" src=\"https:\/\/s.w.org\/images\/core\/emoji\/15.0.3\/svg\/1f9d7.svg\" alt=\"\ud83e\uddd7\" width=\"52\" height=\"52\" \/>\u200d<\/span><span style=\"font-family: 'Segoe UI Emoji', sans-serif;\"><img decoding=\"async\" class=\"emoji\" role=\"img\" draggable=\"false\" src=\"https:\/\/s.w.org\/images\/core\/emoji\/15.0.3\/svg\/1f389.svg\" alt=\"\ud83c\udf89\" \/><br \/><\/span><\/b><span lang=\"DE\"><br \/><\/span><\/p><p>Unsere Kindergeburtstagsangebote sind perfekt f\u00fcr kleine Kletterfans und neugierige Entdecker, die Lust auf Action und Spa\u00df haben. In unserer modernen Boulderhalle erwartet die Kinder eine abwechslungsreiche Zeit voller Bewegung und Abenteuer, bei der der Spa\u00df garantiert nicht zu kurz kommt.<\/p><p><span lang=\"DE\">\u00a0<\/span><\/p>\t\t\t\t\t\t\t\t<\/div>\n\t\t\t\t<\/div>\n\t\t\t\t<div class=\"elementor-element elementor-element-bd90cc2 elementor-widget elementor-widget-text-editor\" data-id=\"bd90cc2\" data-element_type=\"widget\" data-e-type=\"widget\" data-widget_type=\"text-editor.default\">\n\t\t\t\t<div class=\"elementor-widget-container\">\n\t\t\t\t\t\t\t\t\t<p><strong>Ein unvergessliches und einzigartiges Kletterabenteuer f\u00fcr die Kleinen!<\/strong><\/p>\t\t\t\t\t\t\t\t<\/div>\n\t\t\t\t<\/div>\n\t\t\t\t\t<\/div>\n\t\t<\/div>\n\t\t\t\t<div class=\"elementor-column elementor-col-50 elementor-top-column elementor-element elementor-element-8b0b5e0\" data-id=\"8b0b5e0\" data-element_type=\"column\" data-e-type=\"column\">\n\t\t\t<div class=\"elementor-widget-wrap elementor-element-populated\">\n\t\t\t\t\t\t<div class=\"elementor-element elementor-element-50b7bec elementor-widget elementor-widget-image\" data-id=\"50b7bec\" data-element_type=\"widget\" data-e-type=\"widget\" data-widget_type=\"image.default\">\n\t\t\t\t<div class=\"elementor-widget-container\">\n\t\t\t\t\t\t\t\t\t\t\t\t\t\t\t<img fetchpriority=\"high\" decoding=\"async\" width=\"1024\" height=\"1024\" src=\"https:\/\/blocbox-training.com\/wp-content\/uploads\/2024\/10\/Kids-B-Day-Picture-e1729692204791-1024x1024.png\" class=\"attachment-large size-large wp-image-8466\" alt=\"\" srcset=\"https:\/\/blocbox-training.com\/wp-content\/uploads\/2024\/10\/Kids-B-Day-Picture-e1729692204791-1024x1024.png 1024w, https:\/\/blocbox-training.com\/wp-content\/uploads\/2024\/10\/Kids-B-Day-Picture-e1729692204791-300x300.png 300w, https:\/\/blocbox-training.com\/wp-content\/uploads\/2024\/10\/Kids-B-Day-Picture-e1729692204791-150x150.png 150w, https:\/\/blocbox-training.com\/wp-content\/uploads\/2024\/10\/Kids-B-Day-Picture-e1729692204791-768x768.png 768w, https:\/\/blocbox-training.com\/wp-content\/uploads\/2024\/10\/Kids-B-Day-Picture-e1729692204791-1536x1536.png 1536w, https:\/\/blocbox-training.com\/wp-content\/uploads\/2024\/10\/Kids-B-Day-Picture-e1729692204791-2048x2048.png 2048w, https:\/\/blocbox-training.com\/wp-content\/uploads\/2024\/10\/Kids-B-Day-Picture-e1729692204791-600x600.png 600w, https:\/\/blocbox-training.com\/wp-content\/uploads\/2024\/10\/Kids-B-Day-Picture-e1729692204791-100x100.png 100w, https:\/\/blocbox-training.com\/wp-content\/uploads\/2024\/10\/Kids-B-Day-Picture-e1729692204791-12x12.png 12w\" sizes=\"(max-width: 1024px) 100vw, 1024px\" \/>\t\t\t\t\t\t\t\t\t\t\t\t\t\t\t<\/div>\n\t\t\t\t<\/div>\n\t\t\t\t\t<\/div>\n\t\t<\/div>\n\t\t\t\t\t<\/div>\n\t\t<\/section>\n\t\t\t\t<section class=\"elementor-section elementor-top-section elementor-element elementor-element-3c68ce4 elementor-section-boxed elementor-section-height-default elementor-section-height-default\" data-id=\"3c68ce4\" data-element_type=\"section\" data-e-type=\"section\">\n\t\t\t\t\t\t<div class=\"elementor-container elementor-column-gap-default\">\n\t\t\t\t\t<div class=\"elementor-column elementor-col-50 elementor-top-column elementor-element elementor-element-efda1ef\" data-id=\"efda1ef\" data-element_type=\"column\" data-e-type=\"column\">\n\t\t\t<div class=\"elementor-widget-wrap elementor-element-populated\">\n\t\t\t\t\t\t<div class=\"elementor-element elementor-element-184060b elementor-widget-tablet_extra__width-initial elementor-widget elementor-widget-text-editor\" data-id=\"184060b\" data-element_type=\"widget\" data-e-type=\"widget\" data-widget_type=\"text-editor.default\">\n\t\t\t\t<div class=\"elementor-widget-container\">\n\t\t\t\t\t\t\t\t\t<h3><strong>Unser Geburtstagspaket beinhaltet:<\/strong><\/h3><ul><li><strong>2 Stunden Boulder-Action mit Begleitung:<\/strong> Die Kinder k\u00f6nnen sich an unseren Boulderwand unter professioneller Anleitung austoben. Unsere Trainer sorgen f\u00fcr Sicherheit und bieten spannende Boulder-Spiele sowie kleine Challenges, die auf das Alter und die F\u00e4higkeiten der Kinder abgestimmt sind.<\/li><li><strong>Exklusive Nutzung der gesamten BlocBox:<\/strong> W\u00e4hrend der Feier steht der Gruppe die gesamte BlocBox zur Verf\u00fcgung. Dadurch entsteht eine angenehme, private Atmosph\u00e4re ohne Stress, L\u00e4rm oder anderen externen Einfl\u00fcssen, was die Kinder ein besonders und unvergessliches Erlebnis gibt.<\/li><li><strong>Kletterschuhe inklusive:<\/strong> F\u00fcr alle teilnehmenden Kinder stellen wir die passenden Kletterschuhe bereit, sodass sie nichts mitbringen m\u00fcssen und sofort loslegen k\u00f6nnen.<\/li><li><strong>Snacks und Getr\u00e4nke:<\/strong> Ihr k\u00f6nnt eigene Verpflegung mitbringen oder um die Party komplett zu machen, k\u00f6nnen dir auf Anfrage ein Verpflegungspaket \u00fcber uns buchen. Dieses beinhaltet eine Torte, Croissants oder Mini-Pizzen und Getr\u00e4nke, die wir in Zusammenarbeit mit unserem Nachbarn \u201eKlein und Fein\u201c organisieren.<\/li><\/ul>\t\t\t\t\t\t\t\t<\/div>\n\t\t\t\t<\/div>\n\t\t\t\t\t<\/div>\n\t\t<\/div>\n\t\t\t\t<div class=\"elementor-column elementor-col-50 elementor-top-column elementor-element elementor-element-1c4e4df\" data-id=\"1c4e4df\" data-element_type=\"column\" data-e-type=\"column\">\n\t\t\t<div class=\"elementor-widget-wrap elementor-element-populated\">\n\t\t\t\t\t\t<div class=\"elementor-element elementor-element-5c782fb elementor-widget-tablet_extra__width-initial elementor-widget elementor-widget-text-editor\" data-id=\"5c782fb\" data-element_type=\"widget\" data-e-type=\"widget\" data-widget_type=\"text-editor.default\">\n\t\t\t\t<div class=\"elementor-widget-container\">\n\t\t\t\t\t\t\t\t\t<h3><strong>Wichtige Infos:<\/strong><\/h3>\n<ul>\n<li><strong> Altersempfehlung:<\/strong> ab 8 Jahren<\/li>\n<li><strong>Gruppengr\u00f6\u00dfe: <\/strong>bis 10 Kinder<\/li>\n<li><strong>Dauer:<\/strong> 2 Stunden<\/li>\n<\/ul>\n<p>Ein Geburtstag in der BlocBox ist nicht nur ein Riesenspa\u00df, sondern f\u00f6rdert auch Freundschaft, Geschicklichkeit und Selbstvertrauen. Durch die private Atmosph\u00e4re entsteht ein einzigartiges, unvergessliches Erlebnis! Ein Highlight, das die Kinder so schnell nicht vergessen werden!&nbsp;&nbsp;<\/p>\n<p><strong>Kosten:<\/strong> \u20ac200,-<\/p>\n<p><strong>Verpflegungspaket:<\/strong> Auf Anfrage<\/p>\t\t\t\t\t\t\t\t<\/div>\n\t\t\t\t<\/div>\n\t\t\t\t\t<\/div>\n\t\t<\/div>\n\t\t\t\t\t<\/div>\n\t\t<\/section>\n\t\t\t\t<section class=\"elementor-section elementor-top-section elementor-element elementor-element-896f3df elementor-section-boxed elementor-section-height-default elementor-section-height-default\" data-id=\"896f3df\" data-element_type=\"section\" data-e-type=\"section\">\n\t\t\t\t\t\t<div class=\"elementor-container elementor-column-gap-default\">\n\t\t\t\t\t<div class=\"elementor-column elementor-col-100 elementor-top-column elementor-element elementor-element-074f560\" data-id=\"074f560\" data-element_type=\"column\" data-e-type=\"column\">\n\t\t\t<div class=\"elementor-widget-wrap elementor-element-populated\">\n\t\t\t\t\t\t<div class=\"elementor-element elementor-element-8e2b599 elementor-widget elementor-widget-text-editor\" data-id=\"8e2b599\" data-element_type=\"widget\" data-e-type=\"widget\" data-widget_type=\"text-editor.default\">\n\t\t\t\t<div class=\"elementor-widget-container\">\n\t\t\t\t\t\t\t\t\t<div class=\"MsoNormal\" style=\"text-align: center;\" align=\"center\"><hr style=\"font-size: 16px;\" align=\"center\" size=\"2\" width=\"100%\" \/><\/div><p><strong>Buchungsanfragen und weitere Informationen:<\/strong><\/p><p>\u00a0 E-mail: info@blocbox-training.com<\/p>\t\t\t\t\t\t\t\t<\/div>\n\t\t\t\t<\/div>\n\t\t\t\t\t<\/div>\n\t\t<\/div>\n\t\t\t\t\t<\/div>\n\t\t<\/section>\n\t\t\t\t<\/div>","protected":false},"excerpt":{"rendered":"<p>Kindergeburtstag in der BlocBox Macht den n\u00e4chsten Kindergeburtstag zu einem besonderen Erlebnis \u2013 mit einem Kletterabenteuer in der BlocBox in Innsbruck!&nbsp;&#x200d;Unsere Kindergeburtstagsangebote sind perfekt f\u00fcr kleine Kletterfans und neugierige Entdecker, die Lust auf Action und Spa\u00df haben. In unserer modernen Boulderhalle erwartet die Kinder eine abwechslungsreiche Zeit voller Bewegung und Abenteuer, bei der der Spa\u00df [&hellip;]<\/p>\n","protected":false},"author":1,"featured_media":0,"parent":0,"menu_order":0,"comment_status":"closed","ping_status":"closed","template":"","meta":{"site-sidebar-layout":"no-sidebar","site-content-layout":"page-builder","ast-site-content-layout":"full-width-container","site-content-style":"unboxed","site-sidebar-style":"unboxed","ast-global-header-display":"","ast-banner-title-visibility":"","ast-main-header-display":"","ast-hfb-above-header-display":"","ast-hfb-below-header-display":"","ast-hfb-mobile-header-display":"","site-post-title":"disabled","ast-breadcrumbs-content":"","ast-featured-img":"disabled","footer-sml-layout":"","ast-disable-related-posts":"","theme-transparent-header-meta":"","adv-header-id-meta":"","stick-header-meta":"","header-above-stick-meta":"","header-main-stick-meta":"","header-below-stick-meta":"","astra-migrate-meta-layouts":"set","ast-page-background-enabled":"default","ast-page-background-meta":{"desktop":{"background-color":"","background-image":"","background-repeat":"repeat","background-position":"center center","background-size":"auto","background-attachment":"scroll","background-type":"","background-media":"","overlay-type":"","overlay-color":"","overlay-opacity":"","overlay-gradient":""},"tablet":{"background-color":"","background-image":"","background-repeat":"repeat","background-position":"center center","background-size":"auto","background-attachment":"scroll","background-type":"","background-media":"","overlay-type":"","overlay-color":"","overlay-opacity":"","overlay-gradient":""},"mobile":{"background-color":"","background-image":"","background-repeat":"repeat","background-position":"center center","background-size":"auto","background-attachment":"scroll","background-type":"","background-media":"","overlay-type":"","overlay-color":"","overlay-opacity":"","overlay-gradient":""}},"ast-content-background-meta":{"desktop":{"background-color":"var(--ast-global-color-5)","background-image":"","background-repeat":"repeat","background-position":"center center","background-size":"auto","background-attachment":"scroll","background-type":"","background-media":"","overlay-type":"","overlay-color":"","overlay-opacity":"","overlay-gradient":""},"tablet":{"background-color":"var(--ast-global-color-5)","background-image":"","background-repeat":"repeat","background-position":"center center","background-size":"auto","background-attachment":"scroll","background-type":"","background-media":"","overlay-type":"","overlay-color":"","overlay-opacity":"","overlay-gradient":""},"mobile":{"background-color":"var(--ast-global-color-5)","background-image":"","background-repeat":"repeat","background-position":"center center","background-size":"auto","background-attachment":"scroll","background-type":"","background-media":"","overlay-type":"","overlay-color":"","overlay-opacity":"","overlay-gradient":""}},"footnotes":""},"class_list":["post-8452","page","type-page","status-publish","hentry"],"yoast_head":"<!-- This site is optimized with the Yoast SEO plugin v27.1.1 - https:\/\/yoast.com\/product\/yoast-seo-wordpress\/ -->\n<title>Children&#039;s birthdays - Kletterspass @ BlocBox-Training Innsbruck<\/title>\n<meta name=\"robots\" content=\"index, follow, max-snippet:-1, max-image-preview:large, max-video-preview:-1\" \/>\n<link rel=\"canonical\" href=\"https:\/\/blocbox-training.com\/de\/kindergeburtstagen\/\" \/>\n<meta property=\"og:locale\" content=\"de_DE\" \/>\n<meta property=\"og:type\" content=\"article\" \/>\n<meta property=\"og:title\" content=\"Children&#039;s birthdays - Kletterspass @ BlocBox-Training Innsbruck\" \/>\n<meta property=\"og:description\" content=\"Kindergeburtstag in der BlocBox Macht den n\u00e4chsten Kindergeburtstag zu einem besonderen Erlebnis \u2013 mit einem Kletterabenteuer in der BlocBox in Innsbruck!&nbsp;&#x200d;Unsere Kindergeburtstagsangebote sind perfekt f\u00fcr kleine Kletterfans und neugierige Entdecker, die Lust auf Action und Spa\u00df haben. In unserer modernen Boulderhalle erwartet die Kinder eine abwechslungsreiche Zeit voller Bewegung und Abenteuer, bei der der Spa\u00df [&hellip;]\" \/>\n<meta property=\"og:url\" content=\"https:\/\/blocbox-training.com\/de\/kindergeburtstagen\/\" \/>\n<meta property=\"og:site_name\" content=\"BlocBox-Training\" \/>\n<meta property=\"article:publisher\" content=\"https:\/\/www.facebook.com\/BlocBoxTraining\" \/>\n<meta property=\"article:modified_time\" content=\"2026-01-22T12:12:43+00:00\" \/>\n<meta property=\"og:image\" content=\"https:\/\/s.w.org\/images\/core\/emoji\/15.0.3\/svg\/1f9d7.svg\" \/>\n<meta name=\"twitter:card\" content=\"summary_large_image\" \/>\n<meta name=\"twitter:label1\" content=\"Gesch\u00e4tzte Lesezeit\" \/>\n\t<meta name=\"twitter:data1\" content=\"3\u00a0Minuten\" \/>\n<script type=\"application\/ld+json\" class=\"yoast-schema-graph\">{\"@context\":\"https:\/\/schema.org\",\"@graph\":[{\"@type\":\"WebPage\",\"@id\":\"https:\/\/blocbox-training.com\/kindergeburtstagen\/\",\"url\":\"https:\/\/blocbox-training.com\/kindergeburtstagen\/\",\"name\":\"Children's birthdays - Kletterspass @ BlocBox-Training Innsbruck\",\"isPartOf\":{\"@id\":\"https:\/\/blocbox-training.com\/#website\"},\"primaryImageOfPage\":{\"@id\":\"https:\/\/blocbox-training.com\/kindergeburtstagen\/#primaryimage\"},\"image\":{\"@id\":\"https:\/\/blocbox-training.com\/kindergeburtstagen\/#primaryimage\"},\"thumbnailUrl\":\"https:\/\/s.w.org\/images\/core\/emoji\/15.0.3\/svg\/1f9d7.svg\",\"datePublished\":\"2024-10-21T12:41:11+00:00\",\"dateModified\":\"2026-01-22T12:12:43+00:00\",\"breadcrumb\":{\"@id\":\"https:\/\/blocbox-training.com\/kindergeburtstagen\/#breadcrumb\"},\"inLanguage\":\"de\",\"potentialAction\":[{\"@type\":\"ReadAction\",\"target\":[\"https:\/\/blocbox-training.com\/kindergeburtstagen\/\"]}]},{\"@type\":\"ImageObject\",\"inLanguage\":\"de\",\"@id\":\"https:\/\/blocbox-training.com\/kindergeburtstagen\/#primaryimage\",\"url\":\"https:\/\/s.w.org\/images\/core\/emoji\/15.0.3\/svg\/1f9d7.svg\",\"contentUrl\":\"https:\/\/s.w.org\/images\/core\/emoji\/15.0.3\/svg\/1f9d7.svg\"},{\"@type\":\"BreadcrumbList\",\"@id\":\"https:\/\/blocbox-training.com\/kindergeburtstagen\/#breadcrumb\",\"itemListElement\":[{\"@type\":\"ListItem\",\"position\":1,\"name\":\"Home\",\"item\":\"https:\/\/blocbox-training.com\/\"},{\"@type\":\"ListItem\",\"position\":2,\"name\":\"Children&#8217;s birthdays\"}]},{\"@type\":\"WebSite\",\"@id\":\"https:\/\/blocbox-training.com\/#website\",\"url\":\"https:\/\/blocbox-training.com\/\",\"name\":\"BlocBox-Training\",\"description\":\"Boulderhalle \/ Bouldering \/ Innsbruck\",\"publisher\":{\"@id\":\"https:\/\/blocbox-training.com\/#organization\"},\"potentialAction\":[{\"@type\":\"SearchAction\",\"target\":{\"@type\":\"EntryPoint\",\"urlTemplate\":\"https:\/\/blocbox-training.com\/?s={search_term_string}\"},\"query-input\":{\"@type\":\"PropertyValueSpecification\",\"valueRequired\":true,\"valueName\":\"search_term_string\"}}],\"inLanguage\":\"de\"},{\"@type\":\"Organization\",\"@id\":\"https:\/\/blocbox-training.com\/#organization\",\"name\":\"BlocBox-Training\",\"url\":\"https:\/\/blocbox-training.com\/\",\"logo\":{\"@type\":\"ImageObject\",\"inLanguage\":\"de\",\"@id\":\"https:\/\/blocbox-training.com\/#\/schema\/logo\/image\/\",\"url\":\"https:\/\/blocbox-training.com\/wp-content\/uploads\/2025\/12\/BB-Long-Black-scaled.png\",\"contentUrl\":\"https:\/\/blocbox-training.com\/wp-content\/uploads\/2025\/12\/BB-Long-Black-scaled.png\",\"width\":2560,\"height\":448,\"caption\":\"BlocBox-Training\"},\"image\":{\"@id\":\"https:\/\/blocbox-training.com\/#\/schema\/logo\/image\/\"},\"sameAs\":[\"https:\/\/www.facebook.com\/BlocBoxTraining\",\"https:\/\/www.instagram.com\/blocbox_training\/\"]}]}<\/script>\n<!-- \/ Yoast SEO plugin. -->","yoast_head_json":{"title":"Children's birthdays - Kletterspass @ BlocBox-Training Innsbruck","robots":{"index":"index","follow":"follow","max-snippet":"max-snippet:-1","max-image-preview":"max-image-preview:large","max-video-preview":"max-video-preview:-1"},"canonical":"https:\/\/blocbox-training.com\/de\/kindergeburtstagen\/","og_locale":"de_DE","og_type":"article","og_title":"Children's birthdays - Kletterspass @ BlocBox-Training Innsbruck","og_description":"Kindergeburtstag in der BlocBox Macht den n\u00e4chsten Kindergeburtstag zu einem besonderen Erlebnis \u2013 mit einem Kletterabenteuer in der BlocBox in Innsbruck!&nbsp;&#x200d;Unsere Kindergeburtstagsangebote sind perfekt f\u00fcr kleine Kletterfans und neugierige Entdecker, die Lust auf Action und Spa\u00df haben. In unserer modernen Boulderhalle erwartet die Kinder eine abwechslungsreiche Zeit voller Bewegung und Abenteuer, bei der der Spa\u00df [&hellip;]","og_url":"https:\/\/blocbox-training.com\/de\/kindergeburtstagen\/","og_site_name":"BlocBox-Training","article_publisher":"https:\/\/www.facebook.com\/BlocBoxTraining","article_modified_time":"2026-01-22T12:12:43+00:00","og_image":[{"url":"https:\/\/s.w.org\/images\/core\/emoji\/15.0.3\/svg\/1f9d7.svg","type":"","width":"","height":""}],"twitter_card":"summary_large_image","twitter_misc":{"Gesch\u00e4tzte Lesezeit":"3\u00a0Minuten"},"schema":{"@context":"https:\/\/schema.org","@graph":[{"@type":"WebPage","@id":"https:\/\/blocbox-training.com\/kindergeburtstagen\/","url":"https:\/\/blocbox-training.com\/kindergeburtstagen\/","name":"Children's birthdays - Kletterspass @ BlocBox-Training Innsbruck","isPartOf":{"@id":"https:\/\/blocbox-training.com\/#website"},"primaryImageOfPage":{"@id":"https:\/\/blocbox-training.com\/kindergeburtstagen\/#primaryimage"},"image":{"@id":"https:\/\/blocbox-training.com\/kindergeburtstagen\/#primaryimage"},"thumbnailUrl":"https:\/\/s.w.org\/images\/core\/emoji\/15.0.3\/svg\/1f9d7.svg","datePublished":"2024-10-21T12:41:11+00:00","dateModified":"2026-01-22T12:12:43+00:00","breadcrumb":{"@id":"https:\/\/blocbox-training.com\/kindergeburtstagen\/#breadcrumb"},"inLanguage":"de","potentialAction":[{"@type":"ReadAction","target":["https:\/\/blocbox-training.com\/kindergeburtstagen\/"]}]},{"@type":"ImageObject","inLanguage":"de","@id":"https:\/\/blocbox-training.com\/kindergeburtstagen\/#primaryimage","url":"https:\/\/s.w.org\/images\/core\/emoji\/15.0.3\/svg\/1f9d7.svg","contentUrl":"https:\/\/s.w.org\/images\/core\/emoji\/15.0.3\/svg\/1f9d7.svg"},{"@type":"BreadcrumbList","@id":"https:\/\/blocbox-training.com\/kindergeburtstagen\/#breadcrumb","itemListElement":[{"@type":"ListItem","position":1,"name":"Home","item":"https:\/\/blocbox-training.com\/"},{"@type":"ListItem","position":2,"name":"Children&#8217;s birthdays"}]},{"@type":"WebSite","@id":"https:\/\/blocbox-training.com\/#website","url":"https:\/\/blocbox-training.com\/","name":"BlocBox-Training","description":"Boulderhalle \/ Bouldering \/ Innsbruck","publisher":{"@id":"https:\/\/blocbox-training.com\/#organization"},"potentialAction":[{"@type":"SearchAction","target":{"@type":"EntryPoint","urlTemplate":"https:\/\/blocbox-training.com\/?s={search_term_string}"},"query-input":{"@type":"PropertyValueSpecification","valueRequired":true,"valueName":"search_term_string"}}],"inLanguage":"de"},{"@type":"Organization","@id":"https:\/\/blocbox-training.com\/#organization","name":"BlocBox-Training","url":"https:\/\/blocbox-training.com\/","logo":{"@type":"ImageObject","inLanguage":"de","@id":"https:\/\/blocbox-training.com\/#\/schema\/logo\/image\/","url":"https:\/\/blocbox-training.com\/wp-content\/uploads\/2025\/12\/BB-Long-Black-scaled.png","contentUrl":"https:\/\/blocbox-training.com\/wp-content\/uploads\/2025\/12\/BB-Long-Black-scaled.png","width":2560,"height":448,"caption":"BlocBox-Training"},"image":{"@id":"https:\/\/blocbox-training.com\/#\/schema\/logo\/image\/"},"sameAs":["https:\/\/www.facebook.com\/BlocBoxTraining","https:\/\/www.instagram.com\/blocbox_training\/"]}]}},"_links":{"self":[{"href":"https:\/\/blocbox-training.com\/de\/wp-json\/wp\/v2\/pages\/8452","targetHints":{"allow":["GET"]}}],"collection":[{"href":"https:\/\/blocbox-training.com\/de\/wp-json\/wp\/v2\/pages"}],"about":[{"href":"https:\/\/blocbox-training.com\/de\/wp-json\/wp\/v2\/types\/page"}],"author":[{"embeddable":true,"href":"https:\/\/blocbox-training.com\/de\/wp-json\/wp\/v2\/users\/1"}],"replies":[{"embeddable":true,"href":"https:\/\/blocbox-training.com\/de\/wp-json\/wp\/v2\/comments?post=8452"}],"version-history":[{"count":87,"href":"https:\/\/blocbox-training.com\/de\/wp-json\/wp\/v2\/pages\/8452\/revisions"}],"predecessor-version":[{"id":12669,"href":"https:\/\/blocbox-training.com\/de\/wp-json\/wp\/v2\/pages\/8452\/revisions\/12669"}],"wp:attachment":[{"href":"https:\/\/blocbox-training.com\/de\/wp-json\/wp\/v2\/media?parent=8452"}],"curies":[{"name":"wp","href":"https:\/\/api.w.org\/{rel}","templated":true}]}}