{"id":9880,"date":"2025-05-09T16:29:11","date_gmt":"2025-05-09T14:29:11","guid":{"rendered":"https:\/\/blocbox-training.com\/?page_id=9880"},"modified":"2026-01-22T13:13:39","modified_gmt":"2026-01-22T12:13:39","slug":"junggesellenabschied","status":"publish","type":"page","link":"https:\/\/blocbox-training.com\/de\/junggesellenabschied\/","title":{"rendered":"Junggesellenabschied"},"content":{"rendered":"<div data-elementor-type=\"wp-page\" data-elementor-id=\"9880\" class=\"elementor elementor-9880\">\n\t\t\t\t\t\t<section class=\"elementor-section elementor-top-section elementor-element elementor-element-057cacb elementor-section-boxed elementor-section-height-default elementor-section-height-default\" data-id=\"057cacb\" data-element_type=\"section\" data-e-type=\"section\">\n\t\t\t\t\t\t<div class=\"elementor-container elementor-column-gap-default\">\n\t\t\t\t\t<div class=\"elementor-column elementor-col-50 elementor-top-column elementor-element elementor-element-2c87ed1\" data-id=\"2c87ed1\" data-element_type=\"column\" data-e-type=\"column\">\n\t\t\t<div class=\"elementor-widget-wrap elementor-element-populated\">\n\t\t\t\t\t\t<div class=\"elementor-element elementor-element-a675277 elementor-widget elementor-widget-image\" data-id=\"a675277\" data-element_type=\"widget\" data-e-type=\"widget\" data-widget_type=\"image.default\">\n\t\t\t\t<div class=\"elementor-widget-container\">\n\t\t\t\t\t\t\t\t\t\t\t\t\t\t\t<img fetchpriority=\"high\" decoding=\"async\" width=\"683\" height=\"1024\" src=\"https:\/\/blocbox-training.com\/wp-content\/uploads\/2024\/05\/BlocBox_TrainingPrivate88-683x1024.jpg\" class=\"attachment-large size-large wp-image-6901\" alt=\"\" srcset=\"https:\/\/blocbox-training.com\/wp-content\/uploads\/2024\/05\/BlocBox_TrainingPrivate88-683x1024.jpg 683w, https:\/\/blocbox-training.com\/wp-content\/uploads\/2024\/05\/BlocBox_TrainingPrivate88-200x300.jpg 200w, https:\/\/blocbox-training.com\/wp-content\/uploads\/2024\/05\/BlocBox_TrainingPrivate88-768x1152.jpg 768w, https:\/\/blocbox-training.com\/wp-content\/uploads\/2024\/05\/BlocBox_TrainingPrivate88-1024x1536.jpg 1024w, https:\/\/blocbox-training.com\/wp-content\/uploads\/2024\/05\/BlocBox_TrainingPrivate88-1365x2048.jpg 1365w, https:\/\/blocbox-training.com\/wp-content\/uploads\/2024\/05\/BlocBox_TrainingPrivate88-600x900.jpg 600w, https:\/\/blocbox-training.com\/wp-content\/uploads\/2024\/05\/BlocBox_TrainingPrivate88-scaled.jpg 1707w\" sizes=\"(max-width: 683px) 100vw, 683px\" \/>\t\t\t\t\t\t\t\t\t\t\t\t\t\t\t<\/div>\n\t\t\t\t<\/div>\n\t\t\t\t\t<\/div>\n\t\t<\/div>\n\t\t\t\t<div class=\"elementor-column elementor-col-50 elementor-top-column elementor-element elementor-element-f753484\" data-id=\"f753484\" data-element_type=\"column\" data-e-type=\"column\">\n\t\t\t<div class=\"elementor-widget-wrap elementor-element-populated\">\n\t\t\t\t\t\t<div class=\"elementor-element elementor-element-7af4dd2 elementor-widget elementor-widget-text-editor\" data-id=\"7af4dd2\" data-element_type=\"widget\" data-e-type=\"widget\" data-widget_type=\"text-editor.default\">\n\t\t\t\t<div class=\"elementor-widget-container\">\n\t\t\t\t\t\t\t\t\t<h3 class=\"text-h5 leading-5 lg:text-h4 kft-heading__title translation-block\" data-test-id=\"JGA in Innsbruck: Private Boulder-Session in der BlocBox\">Junggesellenabschied in Innsbruck? <br>Eine private Bouldering-Session in der BlocBox!<\/h3>\t\t\t\t\t\t\t\t<\/div>\n\t\t\t\t<\/div>\n\t\t\t\t<div class=\"elementor-element elementor-element-b7656f4 elementor-widget elementor-widget-text-editor\" data-id=\"b7656f4\" data-element_type=\"widget\" data-e-type=\"widget\" data-widget_type=\"text-editor.default\">\n\t\t\t\t<div class=\"elementor-widget-container\">\n\t\t\t\t\t\t\t\t\t<p>Buchen die BlocBox exklusiv f\u00fcr dein Junggesellenabschied und erleben eine Boulder-Session nur f\u00fcr dich und deine Freunde!<\/p>\t\t\t\t\t\t\t\t<\/div>\n\t\t\t\t<\/div>\n\t\t\t\t<div class=\"elementor-element elementor-element-32819b7 elementor-widget elementor-widget-text-editor\" data-id=\"32819b7\" data-element_type=\"widget\" data-e-type=\"widget\" data-widget_type=\"text-editor.default\">\n\t\t\t\t<div class=\"elementor-widget-container\">\n\t\t\t\t\t\t\t\t\t<div data-v-cf81e04a=\"\"><h5 data-test-id=\"About this experience\">Ein Junggesellenabschied, den dir nicht vergessen werden!<\/h5><\/div><div data-v-cf81e04a=\"\"><div data-v-c810f3f4=\"\" data-v-cf81e04a=\"\">Wie w\u00e4re es mit einem eigenen Boulder-Dojo f\u00fcr deinen Junggesellenabschied? Die BlocBox in Innsbruck macht's m\u00f6glich! W\u00e4hrend dieser exklusiven Session geh\u00f6rt die gesamte Boulderhalle dir und dein Freunden. Keine anderen Kletterer, nur eure Gruppe - dein Raum, deine Session, deine Freunde! Egal ob du Anf\u00e4nger, Profi oder einfach nur abenteuerlustig bist - die BlocBox bietet f\u00fcr jede Nivea und jedes Alter die perfekte Umgebung. Gemeinsam werdet ihr eine unvergessliche Session voller Spa\u00df, Action und Kletterfreude erleben. Damit ihr das Beste aus der Session herausholen k\u00f6nnt, werdet ihr von einem professionellen Klettertrainer begleitet!\u00a0<\/div><div data-v-c810f3f4=\"\" data-v-cf81e04a=\"\">\u00a0<\/div><\/div><div data-v-cf81e04a=\"\"><div data-v-cf81e04a=\"\"><h5 data-test-id=\"How does this experience take place?\">Wie sieht die Boulder-Session aus?<\/h5><\/div><div data-v-c810f3f4=\"\" data-v-cf81e04a=\"\"><ul><li>Exklusive Nutzung der Boulderhalle f\u00fcr eure Gruppe<\/li><li>Begr\u00fc\u00dfung und kurze Einf\u00fchrung ins Bouldern<\/li><li>Klettern an der Wand unter Anleitung des Trainers<\/li><li>Gelegenheit f\u00fcr eigene Ideen: Spiele, Herausforderungen oder einfach Bouldern<\/li><li>Insgesamt dauert die Bouldering-Session 2,5 Stunden<\/li><\/ul><\/div><\/div>\t\t\t\t\t\t\t\t<\/div>\n\t\t\t\t<\/div>\n\t\t\t\t\t<\/div>\n\t\t<\/div>\n\t\t\t\t\t<\/div>\n\t\t<\/section>\n\t\t\t\t<section class=\"elementor-section elementor-top-section elementor-element elementor-element-018ebbe elementor-section-boxed elementor-section-height-default elementor-section-height-default\" data-id=\"018ebbe\" data-element_type=\"section\" data-e-type=\"section\">\n\t\t\t\t\t\t<div class=\"elementor-container elementor-column-gap-default\">\n\t\t\t\t\t<div class=\"elementor-column elementor-col-50 elementor-top-column elementor-element elementor-element-5552d9a\" data-id=\"5552d9a\" data-element_type=\"column\" data-e-type=\"column\">\n\t\t\t<div class=\"elementor-widget-wrap elementor-element-populated\">\n\t\t\t\t\t\t<div class=\"elementor-element elementor-element-0bb79dc elementor-widget elementor-widget-text-editor\" data-id=\"0bb79dc\" data-element_type=\"widget\" data-e-type=\"widget\" data-widget_type=\"text-editor.default\">\n\t\t\t\t<div class=\"elementor-widget-container\">\n\t\t\t\t\t\t\t\t\t<div data-v-cf81e04a=\"\"><div data-v-cf81e04a=\"\"><h5 data-test-id=\"Who is it suitable for\">F\u00fcr wen ist die private Boulder-Session?<\/h5><\/div><div data-v-c810f3f4=\"\" data-v-cf81e04a=\"\"><p>Diese Bouldering-Session ist perfekt f\u00fcr jede Gruppe, die etwas Aktives f\u00fcr ihren Junggesellenabschied machen m\u00f6chte! In unserem Boulderhalle gibt es keinen sozialen Druck, denn Sie sind nur mit euren Freunden dort! Der Winkel der Wand kann ver\u00e4ndert werden, sodass jeder Kletterer seinen Spa\u00df haben kann! Wir nehmen Gruppen ab 6 Personen bis zu maximal 12 Personen auf.<\/p><div data-v-cf81e04a=\"\"><div data-v-cf81e04a=\"\"><h5 data-test-id=\"Who is it suitable for\">Zus\u00e4tzliche Optionen<\/h5><div>Neben einem Trainer haben wir zus\u00e4tzlich die M\u00f6glichkeit, Kletterschuhe auszuleihen. Um die Session abzurunden, bieten wir auch Getr\u00e4nke und Snacks an. Hierf\u00fcr arbeiten wir mit unseren Nachbarn zusammen. <i>Klein und Fein<\/i> in bogen 76 und der <i>Bierfabrik <\/i>in bogen 24. Je nach eure Bed\u00fcrfnissen, werden wir einen Preis vorschlagen. Wenn dir an einer dieser zus\u00e4tzlichen Optionen interessiert sind, lassen es uns einfach in eure Mail wissen!<\/div><div>\u00a0<\/div><h5 data-test-id=\"Who is it suitable for\">Was kostet es?<\/h5><div><div data-v-cf81e04a=\"\"><div data-v-c810f3f4=\"\" data-v-cf81e04a=\"\"><p>Die Kosten betragen 35 Euro (inkl. MwSt.) pro Person. Darin enthalten sind die Raummiete und ein professioneller Klettertrainer. Alle zus\u00e4tzlichen Optionen werden separat berechnet.<\/p><\/div><\/div><\/div><\/div><\/div><\/div><\/div>\t\t\t\t\t\t\t\t<\/div>\n\t\t\t\t<\/div>\n\t\t\t\t\t<\/div>\n\t\t<\/div>\n\t\t\t\t<div class=\"elementor-column elementor-col-50 elementor-top-column elementor-element elementor-element-e7d8f0e\" data-id=\"e7d8f0e\" data-element_type=\"column\" data-e-type=\"column\">\n\t\t\t<div class=\"elementor-widget-wrap elementor-element-populated\">\n\t\t\t\t\t\t<div class=\"elementor-element elementor-element-8c09d27 elementor-widget elementor-widget-image\" data-id=\"8c09d27\" data-element_type=\"widget\" data-e-type=\"widget\" data-widget_type=\"image.default\">\n\t\t\t\t<div class=\"elementor-widget-container\">\n\t\t\t\t\t\t\t\t\t\t\t\t\t\t\t<img decoding=\"async\" width=\"667\" height=\"833\" src=\"https:\/\/blocbox-training.com\/wp-content\/uploads\/2024\/10\/BlocBox2-Editsmall-2.png\" class=\"attachment-large size-large wp-image-8544\" alt=\"\" srcset=\"https:\/\/blocbox-training.com\/wp-content\/uploads\/2024\/10\/BlocBox2-Editsmall-2.png 667w, https:\/\/blocbox-training.com\/wp-content\/uploads\/2024\/10\/BlocBox2-Editsmall-2-240x300.png 240w, https:\/\/blocbox-training.com\/wp-content\/uploads\/2024\/10\/BlocBox2-Editsmall-2-10x12.png 10w, https:\/\/blocbox-training.com\/wp-content\/uploads\/2024\/10\/BlocBox2-Editsmall-2-600x749.png 600w\" sizes=\"(max-width: 667px) 100vw, 667px\" \/>\t\t\t\t\t\t\t\t\t\t\t\t\t\t\t<\/div>\n\t\t\t\t<\/div>\n\t\t\t\t\t<\/div>\n\t\t<\/div>\n\t\t\t\t\t<\/div>\n\t\t<\/section>\n\t\t\t\t<section class=\"elementor-section elementor-top-section elementor-element elementor-element-687ddd5 elementor-section-boxed elementor-section-height-default elementor-section-height-default\" data-id=\"687ddd5\" data-element_type=\"section\" data-e-type=\"section\">\n\t\t\t\t\t\t<div class=\"elementor-container elementor-column-gap-default\">\n\t\t\t\t\t<div class=\"elementor-column elementor-col-50 elementor-top-column elementor-element elementor-element-7e02135\" data-id=\"7e02135\" data-element_type=\"column\" data-e-type=\"column\">\n\t\t\t<div class=\"elementor-widget-wrap elementor-element-populated\">\n\t\t\t\t\t\t<div class=\"elementor-element elementor-element-434bc79 elementor-widget elementor-widget-text-editor\" data-id=\"434bc79\" data-element_type=\"widget\" data-e-type=\"widget\" data-widget_type=\"text-editor.default\">\n\t\t\t\t<div class=\"elementor-widget-container\">\n\t\t\t\t\t\t\t\t\t<div data-v-cf81e04a=\"\"><h5 data-test-id=\"How does this experience take place?\">Fakten:<\/h5><\/div><div data-v-c810f3f4=\"\" data-v-cf81e04a=\"\"><ul><li>Exklusive Nutzung der Boulderhalle f\u00fcr eure Gruppe<\/li><li>Professioneller privater Klettertrainer<\/li><li>M\u00f6glichkeit f\u00fcr pers\u00f6nliche Eingaben zur individuellen Gestaltung der Session<\/li><li>Insgesamt dauert die Bouldering-Session 2,5 Stunden<\/li><li>Gruppen von 6 - 12 Personen<\/li><li>Kosten \u20ac35,- (inkl. MwSt.) pro Person<\/li><li>Zus\u00e4tzliche Optionen (Getr\u00e4nke, Snacks, Leihkletterschuhe)<\/li><\/ul><\/div>\t\t\t\t\t\t\t\t<\/div>\n\t\t\t\t<\/div>\n\t\t\t\t\t<\/div>\n\t\t<\/div>\n\t\t\t\t<div class=\"elementor-column elementor-col-50 elementor-top-column elementor-element elementor-element-375071e\" data-id=\"375071e\" data-element_type=\"column\" data-e-type=\"column\">\n\t\t\t<div class=\"elementor-widget-wrap elementor-element-populated\">\n\t\t\t\t\t\t<div class=\"elementor-element elementor-element-89c7600 elementor-widget elementor-widget-text-editor\" data-id=\"89c7600\" data-element_type=\"widget\" data-e-type=\"widget\" data-widget_type=\"text-editor.default\">\n\t\t\t\t<div class=\"elementor-widget-container\">\n\t\t\t\t\t\t\t\t\t<div data-v-cf81e04a=\"\"><div><div data-v-cf81e04a=\"\"><div data-v-c810f3f4=\"\" data-v-cf81e04a=\"\">\u00a0<\/div><\/div><\/div><h5 data-test-id=\"Who is it suitable for\">Wie plane ich eine Boulder-Session?<\/h5><\/div><div data-v-c810f3f4=\"\" data-v-cf81e04a=\"\"><p>Wenn dir Lust auf eine Private Boulder-Session auf eurem Junggesellenabschied habt, k\u00f6nnen dir uns einfach per Mail schreiben. Hier k\u00f6nnen wir besprechen, wann und wie dir eure Session haben wollen!<\/p><p><span lang=\"DE\" style=\"font-family: 'Segoe UI Emoji', sans-serif;\"><img decoding=\"async\" class=\"emoji\" role=\"img\" draggable=\"false\" src=\"https:\/\/s.w.org\/images\/core\/emoji\/15.0.3\/svg\/2709.svg\" alt=\"\u2709\ufe0f\" \/><\/span><span lang=\"DE\">\u00a0E-Mail: info@blocbox-training.com<\/span><\/p><\/div>\t\t\t\t\t\t\t\t<\/div>\n\t\t\t\t<\/div>\n\t\t\t\t\t<\/div>\n\t\t<\/div>\n\t\t\t\t\t<\/div>\n\t\t<\/section>\n\t\t\t\t<\/div>","protected":false},"excerpt":{"rendered":"<p>Bachelor Party in Innsbruck? A Private Boulder-Session in die BlocBox! Book the BlocBox exclusively for your bachelor party and experience a Boulder-Session only for you and your friends! A bachelor party you won&#8217;t forget! What about having your own boulder dojo for your bachelor party? The BlocBox here in Innsbruck makes this possible! During this [&hellip;]<\/p>\n","protected":false},"author":1,"featured_media":0,"parent":0,"menu_order":0,"comment_status":"closed","ping_status":"closed","template":"","meta":{"site-sidebar-layout":"no-sidebar","site-content-layout":"page-builder","ast-site-content-layout":"full-width-container","site-content-style":"unboxed","site-sidebar-style":"unboxed","ast-global-header-display":"","ast-banner-title-visibility":"","ast-main-header-display":"","ast-hfb-above-header-display":"","ast-hfb-below-header-display":"","ast-hfb-mobile-header-display":"","site-post-title":"disabled","ast-breadcrumbs-content":"","ast-featured-img":"disabled","footer-sml-layout":"","ast-disable-related-posts":"","theme-transparent-header-meta":"","adv-header-id-meta":"","stick-header-meta":"","header-above-stick-meta":"","header-main-stick-meta":"","header-below-stick-meta":"","astra-migrate-meta-layouts":"set","ast-page-background-enabled":"default","ast-page-background-meta":{"desktop":{"background-color":"","background-image":"","background-repeat":"repeat","background-position":"center center","background-size":"auto","background-attachment":"scroll","background-type":"","background-media":"","overlay-type":"","overlay-color":"","overlay-opacity":"","overlay-gradient":""},"tablet":{"background-color":"","background-image":"","background-repeat":"repeat","background-position":"center center","background-size":"auto","background-attachment":"scroll","background-type":"","background-media":"","overlay-type":"","overlay-color":"","overlay-opacity":"","overlay-gradient":""},"mobile":{"background-color":"","background-image":"","background-repeat":"repeat","background-position":"center center","background-size":"auto","background-attachment":"scroll","background-type":"","background-media":"","overlay-type":"","overlay-color":"","overlay-opacity":"","overlay-gradient":""}},"ast-content-background-meta":{"desktop":{"background-color":"var(--ast-global-color-5)","background-image":"","background-repeat":"repeat","background-position":"center center","background-size":"auto","background-attachment":"scroll","background-type":"","background-media":"","overlay-type":"","overlay-color":"","overlay-opacity":"","overlay-gradient":""},"tablet":{"background-color":"var(--ast-global-color-5)","background-image":"","background-repeat":"repeat","background-position":"center center","background-size":"auto","background-attachment":"scroll","background-type":"","background-media":"","overlay-type":"","overlay-color":"","overlay-opacity":"","overlay-gradient":""},"mobile":{"background-color":"var(--ast-global-color-5)","background-image":"","background-repeat":"repeat","background-position":"center center","background-size":"auto","background-attachment":"scroll","background-type":"","background-media":"","overlay-type":"","overlay-color":"","overlay-opacity":"","overlay-gradient":""}},"footnotes":""},"class_list":["post-9880","page","type-page","status-publish","hentry"],"yoast_head":"<!-- This site is optimized with the Yoast SEO plugin v27.1.1 - https:\/\/yoast.com\/product\/yoast-seo-wordpress\/ -->\n<title>Bachelor Party - BlocBox-Training<\/title>\n<meta name=\"robots\" content=\"index, follow, max-snippet:-1, max-image-preview:large, max-video-preview:-1\" \/>\n<link rel=\"canonical\" href=\"https:\/\/blocbox-training.com\/de\/junggesellenabschied\/\" \/>\n<meta property=\"og:locale\" content=\"de_DE\" \/>\n<meta property=\"og:type\" content=\"article\" \/>\n<meta property=\"og:title\" content=\"Bachelor Party - BlocBox-Training\" \/>\n<meta property=\"og:description\" content=\"Bachelor Party in Innsbruck? A Private Boulder-Session in die BlocBox! Book the BlocBox exclusively for your bachelor party and experience a Boulder-Session only for you and your friends! A bachelor party you won&#8217;t forget! What about having your own boulder dojo for your bachelor party? The BlocBox here in Innsbruck makes this possible! During this [&hellip;]\" \/>\n<meta property=\"og:url\" content=\"https:\/\/blocbox-training.com\/de\/junggesellenabschied\/\" \/>\n<meta property=\"og:site_name\" content=\"BlocBox-Training\" \/>\n<meta property=\"article:publisher\" content=\"https:\/\/www.facebook.com\/BlocBoxTraining\" \/>\n<meta property=\"article:modified_time\" content=\"2026-01-22T12:13:39+00:00\" \/>\n<meta property=\"og:image\" content=\"https:\/\/blocbox-training.com\/wp-content\/uploads\/2024\/05\/BlocBox_TrainingPrivate88-683x1024.jpg\" \/>\n<meta name=\"twitter:card\" content=\"summary_large_image\" \/>\n<meta name=\"twitter:label1\" content=\"Gesch\u00e4tzte Lesezeit\" \/>\n\t<meta name=\"twitter:data1\" content=\"3\u00a0Minuten\" \/>\n<script type=\"application\/ld+json\" class=\"yoast-schema-graph\">{\"@context\":\"https:\/\/schema.org\",\"@graph\":[{\"@type\":\"WebPage\",\"@id\":\"https:\/\/blocbox-training.com\/junggesellenabschied\/\",\"url\":\"https:\/\/blocbox-training.com\/junggesellenabschied\/\",\"name\":\"Bachelor Party - BlocBox-Training\",\"isPartOf\":{\"@id\":\"https:\/\/blocbox-training.com\/#website\"},\"primaryImageOfPage\":{\"@id\":\"https:\/\/blocbox-training.com\/junggesellenabschied\/#primaryimage\"},\"image\":{\"@id\":\"https:\/\/blocbox-training.com\/junggesellenabschied\/#primaryimage\"},\"thumbnailUrl\":\"https:\/\/blocbox-training.com\/wp-content\/uploads\/2024\/05\/BlocBox_TrainingPrivate88-683x1024.jpg\",\"datePublished\":\"2025-05-09T14:29:11+00:00\",\"dateModified\":\"2026-01-22T12:13:39+00:00\",\"breadcrumb\":{\"@id\":\"https:\/\/blocbox-training.com\/junggesellenabschied\/#breadcrumb\"},\"inLanguage\":\"de\",\"potentialAction\":[{\"@type\":\"ReadAction\",\"target\":[\"https:\/\/blocbox-training.com\/junggesellenabschied\/\"]}]},{\"@type\":\"ImageObject\",\"inLanguage\":\"de\",\"@id\":\"https:\/\/blocbox-training.com\/junggesellenabschied\/#primaryimage\",\"url\":\"https:\/\/blocbox-training.com\/wp-content\/uploads\/2024\/05\/BlocBox_TrainingPrivate88-683x1024.jpg\",\"contentUrl\":\"https:\/\/blocbox-training.com\/wp-content\/uploads\/2024\/05\/BlocBox_TrainingPrivate88-683x1024.jpg\"},{\"@type\":\"BreadcrumbList\",\"@id\":\"https:\/\/blocbox-training.com\/junggesellenabschied\/#breadcrumb\",\"itemListElement\":[{\"@type\":\"ListItem\",\"position\":1,\"name\":\"Home\",\"item\":\"https:\/\/blocbox-training.com\/\"},{\"@type\":\"ListItem\",\"position\":2,\"name\":\"Bachelor Party\"}]},{\"@type\":\"WebSite\",\"@id\":\"https:\/\/blocbox-training.com\/#website\",\"url\":\"https:\/\/blocbox-training.com\/\",\"name\":\"BlocBox-Training\",\"description\":\"Boulderhalle \/ Bouldering \/ Innsbruck\",\"publisher\":{\"@id\":\"https:\/\/blocbox-training.com\/#organization\"},\"potentialAction\":[{\"@type\":\"SearchAction\",\"target\":{\"@type\":\"EntryPoint\",\"urlTemplate\":\"https:\/\/blocbox-training.com\/?s={search_term_string}\"},\"query-input\":{\"@type\":\"PropertyValueSpecification\",\"valueRequired\":true,\"valueName\":\"search_term_string\"}}],\"inLanguage\":\"de\"},{\"@type\":\"Organization\",\"@id\":\"https:\/\/blocbox-training.com\/#organization\",\"name\":\"BlocBox-Training\",\"url\":\"https:\/\/blocbox-training.com\/\",\"logo\":{\"@type\":\"ImageObject\",\"inLanguage\":\"de\",\"@id\":\"https:\/\/blocbox-training.com\/#\/schema\/logo\/image\/\",\"url\":\"https:\/\/blocbox-training.com\/wp-content\/uploads\/2025\/12\/BB-Long-Black-scaled.png\",\"contentUrl\":\"https:\/\/blocbox-training.com\/wp-content\/uploads\/2025\/12\/BB-Long-Black-scaled.png\",\"width\":2560,\"height\":448,\"caption\":\"BlocBox-Training\"},\"image\":{\"@id\":\"https:\/\/blocbox-training.com\/#\/schema\/logo\/image\/\"},\"sameAs\":[\"https:\/\/www.facebook.com\/BlocBoxTraining\",\"https:\/\/www.instagram.com\/blocbox_training\/\"]}]}<\/script>\n<!-- \/ Yoast SEO plugin. -->","yoast_head_json":{"title":"Bachelor Party - BlocBox-Training","robots":{"index":"index","follow":"follow","max-snippet":"max-snippet:-1","max-image-preview":"max-image-preview:large","max-video-preview":"max-video-preview:-1"},"canonical":"https:\/\/blocbox-training.com\/de\/junggesellenabschied\/","og_locale":"de_DE","og_type":"article","og_title":"Bachelor Party - BlocBox-Training","og_description":"Bachelor Party in Innsbruck? A Private Boulder-Session in die BlocBox! Book the BlocBox exclusively for your bachelor party and experience a Boulder-Session only for you and your friends! A bachelor party you won&#8217;t forget! What about having your own boulder dojo for your bachelor party? The BlocBox here in Innsbruck makes this possible! During this [&hellip;]","og_url":"https:\/\/blocbox-training.com\/de\/junggesellenabschied\/","og_site_name":"BlocBox-Training","article_publisher":"https:\/\/www.facebook.com\/BlocBoxTraining","article_modified_time":"2026-01-22T12:13:39+00:00","og_image":[{"url":"https:\/\/blocbox-training.com\/wp-content\/uploads\/2024\/05\/BlocBox_TrainingPrivate88-683x1024.jpg","type":"","width":"","height":""}],"twitter_card":"summary_large_image","twitter_misc":{"Gesch\u00e4tzte Lesezeit":"3\u00a0Minuten"},"schema":{"@context":"https:\/\/schema.org","@graph":[{"@type":"WebPage","@id":"https:\/\/blocbox-training.com\/junggesellenabschied\/","url":"https:\/\/blocbox-training.com\/junggesellenabschied\/","name":"Bachelor Party - BlocBox-Training","isPartOf":{"@id":"https:\/\/blocbox-training.com\/#website"},"primaryImageOfPage":{"@id":"https:\/\/blocbox-training.com\/junggesellenabschied\/#primaryimage"},"image":{"@id":"https:\/\/blocbox-training.com\/junggesellenabschied\/#primaryimage"},"thumbnailUrl":"https:\/\/blocbox-training.com\/wp-content\/uploads\/2024\/05\/BlocBox_TrainingPrivate88-683x1024.jpg","datePublished":"2025-05-09T14:29:11+00:00","dateModified":"2026-01-22T12:13:39+00:00","breadcrumb":{"@id":"https:\/\/blocbox-training.com\/junggesellenabschied\/#breadcrumb"},"inLanguage":"de","potentialAction":[{"@type":"ReadAction","target":["https:\/\/blocbox-training.com\/junggesellenabschied\/"]}]},{"@type":"ImageObject","inLanguage":"de","@id":"https:\/\/blocbox-training.com\/junggesellenabschied\/#primaryimage","url":"https:\/\/blocbox-training.com\/wp-content\/uploads\/2024\/05\/BlocBox_TrainingPrivate88-683x1024.jpg","contentUrl":"https:\/\/blocbox-training.com\/wp-content\/uploads\/2024\/05\/BlocBox_TrainingPrivate88-683x1024.jpg"},{"@type":"BreadcrumbList","@id":"https:\/\/blocbox-training.com\/junggesellenabschied\/#breadcrumb","itemListElement":[{"@type":"ListItem","position":1,"name":"Home","item":"https:\/\/blocbox-training.com\/"},{"@type":"ListItem","position":2,"name":"Bachelor Party"}]},{"@type":"WebSite","@id":"https:\/\/blocbox-training.com\/#website","url":"https:\/\/blocbox-training.com\/","name":"BlocBox-Training","description":"Boulderhalle \/ Bouldering \/ Innsbruck","publisher":{"@id":"https:\/\/blocbox-training.com\/#organization"},"potentialAction":[{"@type":"SearchAction","target":{"@type":"EntryPoint","urlTemplate":"https:\/\/blocbox-training.com\/?s={search_term_string}"},"query-input":{"@type":"PropertyValueSpecification","valueRequired":true,"valueName":"search_term_string"}}],"inLanguage":"de"},{"@type":"Organization","@id":"https:\/\/blocbox-training.com\/#organization","name":"BlocBox-Training","url":"https:\/\/blocbox-training.com\/","logo":{"@type":"ImageObject","inLanguage":"de","@id":"https:\/\/blocbox-training.com\/#\/schema\/logo\/image\/","url":"https:\/\/blocbox-training.com\/wp-content\/uploads\/2025\/12\/BB-Long-Black-scaled.png","contentUrl":"https:\/\/blocbox-training.com\/wp-content\/uploads\/2025\/12\/BB-Long-Black-scaled.png","width":2560,"height":448,"caption":"BlocBox-Training"},"image":{"@id":"https:\/\/blocbox-training.com\/#\/schema\/logo\/image\/"},"sameAs":["https:\/\/www.facebook.com\/BlocBoxTraining","https:\/\/www.instagram.com\/blocbox_training\/"]}]}},"_links":{"self":[{"href":"https:\/\/blocbox-training.com\/de\/wp-json\/wp\/v2\/pages\/9880","targetHints":{"allow":["GET"]}}],"collection":[{"href":"https:\/\/blocbox-training.com\/de\/wp-json\/wp\/v2\/pages"}],"about":[{"href":"https:\/\/blocbox-training.com\/de\/wp-json\/wp\/v2\/types\/page"}],"author":[{"embeddable":true,"href":"https:\/\/blocbox-training.com\/de\/wp-json\/wp\/v2\/users\/1"}],"replies":[{"embeddable":true,"href":"https:\/\/blocbox-training.com\/de\/wp-json\/wp\/v2\/comments?post=9880"}],"version-history":[{"count":50,"href":"https:\/\/blocbox-training.com\/de\/wp-json\/wp\/v2\/pages\/9880\/revisions"}],"predecessor-version":[{"id":12670,"href":"https:\/\/blocbox-training.com\/de\/wp-json\/wp\/v2\/pages\/9880\/revisions\/12670"}],"wp:attachment":[{"href":"https:\/\/blocbox-training.com\/de\/wp-json\/wp\/v2\/media?parent=9880"}],"curies":[{"name":"wp","href":"https:\/\/api.w.org\/{rel}","templated":true}]}}