{"id":10433,"date":"2025-08-02T10:11:54","date_gmt":"2025-08-02T08:11:54","guid":{"rendered":"https:\/\/blocbox-training.com\/?post_type=product&#038;p=10433"},"modified":"2026-01-14T18:16:57","modified_gmt":"2026-01-14T17:16:57","slug":"quick-sesh","status":"publish","type":"product","link":"https:\/\/blocbox-training.com\/de\/produkt\/quick-sesh\/","title":{"rendered":"Quick Sesh (only wallet users)"},"content":{"rendered":"","protected":false},"excerpt":{"rendered":"<p class=\"translation-block\">Mit diesem Ticket kannst du unsere Gym f\u00fcr nur 1 Stunde nutzen. Diese Session k\u00f6nnen nur gekauft werden, wenn du unser Wallet benutzt. Die Sitzungen sind geschaffen, um euch mehr Flexibilit\u00e4t in euer Training zu geben! Jedes Ticket ist f\u00fcr eine Person g\u00fcltig. Du wirst die Halle mit anderen Kletterern teilen, aber die Anzahl der Tickets ist begrenzt. Das garantiert dir eine entspannte Atmosph\u00e4re und viel Spa\u00df bei deiner Session.<\/p>\n<p class=\"translation-block\">Falls du dar\u00fcber nachdenkst, fr\u00fchmorgens ein Einzelticket zu kaufen, solltest du etwas wissen: Wir haben unsere <a href=\"https:\/\/blocbox-training.com\/de\/produkt\/early-bird-subscription\/\" target=\"_self\"><strong>Early Bird Membership<\/strong><\/a> eingef\u00fchrt! Das bedeutet, dass zwischen 5:00 und 9:00 Uhr morgens scheinbar noch alle Tickets verf\u00fcgbar sind, aber einige Fr\u00fchaufsteher durch diese exklusive Mitgliedschaft vielleicht schon da sind. M\u00f6chtest du mehr dar\u00fcber erfahren, wie das funktioniert? <a href=\"https:\/\/blocbox-training.com\/de\/produkt\/early-bird-subscription\/\" target=\"_self\">Hier<\/a> kannst du es nachlesen.<br><\/p>\n<div><b>Wichtig:<\/b><\/div>\n<div>Jedes Ticket ist nur f\u00fcr eine Person und die gebuchte Zeit g\u00fcltig! Jeder, der in der Halle klettert, muss unsere AGB unterschreiben! Sie erhalten diese per E-Mail und liegen in gedruckter Form in der Halle aus.<\/div>\n<div>\n<p>.<\/p>\n<\/div>\n<div><\/div>","protected":false},"featured_media":10480,"comment_status":"closed","ping_status":"closed","template":"","meta":{"site-sidebar-layout":"no-sidebar","site-content-layout":"default","ast-site-content-layout":"default","site-content-style":"default","site-sidebar-style":"default","ast-global-header-display":"","ast-banner-title-visibility":"","ast-main-header-display":"","ast-hfb-above-header-display":"","ast-hfb-below-header-display":"","ast-hfb-mobile-header-display":"","site-post-title":"","ast-breadcrumbs-content":"","ast-featured-img":"","footer-sml-layout":"","ast-disable-related-posts":"","theme-transparent-header-meta":"default","adv-header-id-meta":"","stick-header-meta":"","header-above-stick-meta":"","header-main-stick-meta":"","header-below-stick-meta":"","astra-migrate-meta-layouts":"set","ast-page-background-enabled":"default","ast-page-background-meta":{"desktop":{"background-color":"","background-image":"","background-repeat":"repeat","background-position":"center center","background-size":"auto","background-attachment":"scroll","background-type":"","background-media":"","overlay-type":"","overlay-color":"","overlay-opacity":"","overlay-gradient":""},"tablet":{"background-color":"","background-image":"","background-repeat":"repeat","background-position":"center center","background-size":"auto","background-attachment":"scroll","background-type":"","background-media":"","overlay-type":"","overlay-color":"","overlay-opacity":"","overlay-gradient":""},"mobile":{"background-color":"","background-image":"","background-repeat":"repeat","background-position":"center center","background-size":"auto","background-attachment":"scroll","background-type":"","background-media":"","overlay-type":"","overlay-color":"","overlay-opacity":"","overlay-gradient":""}},"ast-content-background-meta":{"desktop":{"background-color":"var(--ast-global-color-5)","background-image":"","background-repeat":"repeat","background-position":"center center","background-size":"auto","background-attachment":"scroll","background-type":"","background-media":"","overlay-type":"","overlay-color":"","overlay-opacity":"","overlay-gradient":""},"tablet":{"background-color":"var(--ast-global-color-5)","background-image":"","background-repeat":"repeat","background-position":"center center","background-size":"auto","background-attachment":"scroll","background-type":"","background-media":"","overlay-type":"","overlay-color":"","overlay-opacity":"","overlay-gradient":""},"mobile":{"background-color":"var(--ast-global-color-5)","background-image":"","background-repeat":"repeat","background-position":"center center","background-size":"auto","background-attachment":"scroll","background-type":"","background-media":"","overlay-type":"","overlay-color":"","overlay-opacity":"","overlay-gradient":""}}},"product_brand":[],"product_cat":[26],"product_tag":[46,43],"class_list":{"0":"post-10433","1":"product","2":"type-product","3":"status-publish","4":"has-post-thumbnail","6":"product_cat-climbing-slot","7":"product_tag-no-paypal","8":"product_tag-wallet","9":"desktop-align-left","10":"tablet-align-left","11":"mobile-align-left","13":"first","14":"instock","15":"downloadable","16":"virtual","17":"taxable","18":"purchasable","19":"product-type-phive_booking"},"yoast_head":"<!-- This site is optimized with the Yoast SEO plugin v27.1.1 - https:\/\/yoast.com\/product\/yoast-seo-wordpress\/ -->\n<title>Quick Sesh (only wallet users) - BlocBox-Training<\/title>\n<meta name=\"robots\" content=\"index, follow, max-snippet:-1, max-image-preview:large, max-video-preview:-1\" \/>\n<link rel=\"canonical\" href=\"https:\/\/blocbox-training.com\/de\/produkt\/quick-sesh\/\" \/>\n<meta property=\"og:locale\" content=\"de_DE\" \/>\n<meta property=\"og:type\" content=\"article\" \/>\n<meta property=\"og:title\" content=\"Quick Sesh (only wallet users) - BlocBox-Training\" \/>\n<meta property=\"og:description\" content=\"This ticket makes it possible to use our gym for just 1-hour. These sessions can only be bought if you are using our Wallet. The sessions are created to have more flexibility in your training! Each ticket is valid for one person. You will be sharing the gym with other climbers, but the amount of tickets is limited. This guarantees you to have a relaxed atmosphere and enjoy the Session.  If you&#039;re thinking about purchasing a Single Ticket early in the morning, there&#039;s something you should know: we&#039;ve launched our Early Bird Membership! This means that it may look like no tickets are soled between 5:00 and 9:00 AM, however some early birds might already be there through this exclusive membership. Want to learn more about how it works? Check it out here. Important: Every ticket is valid for just one person and the time it is booked for! Everybody climbing in the gym should sign our terms of use! You will receive this by mail and there will be printed versions in the facility.   .\" \/>\n<meta property=\"og:url\" content=\"https:\/\/blocbox-training.com\/de\/produkt\/quick-sesh\/\" \/>\n<meta property=\"og:site_name\" content=\"BlocBox-Training\" \/>\n<meta property=\"article:publisher\" content=\"https:\/\/www.facebook.com\/BlocBoxTraining\" \/>\n<meta property=\"article:modified_time\" content=\"2026-01-14T17:16:57+00:00\" \/>\n<meta property=\"og:image\" content=\"https:\/\/blocbox-training.com\/wp-content\/uploads\/2025\/08\/Quick-Sesh-1.png\" \/>\n\t<meta property=\"og:image:width\" content=\"1182\" \/>\n\t<meta property=\"og:image:height\" content=\"1182\" \/>\n\t<meta property=\"og:image:type\" content=\"image\/png\" \/>\n<meta name=\"twitter:card\" content=\"summary_large_image\" \/>\n<meta name=\"twitter:label1\" content=\"Gesch\u00e4tzte Lesezeit\" \/>\n\t<meta name=\"twitter:data1\" content=\"1\u00a0Minute\" \/>\n<script type=\"application\/ld+json\" class=\"yoast-schema-graph\">{\"@context\":\"https:\/\/schema.org\",\"@graph\":[{\"@type\":\"WebPage\",\"@id\":\"https:\/\/blocbox-training.com\/product\/quick-sesh\/\",\"url\":\"https:\/\/blocbox-training.com\/product\/quick-sesh\/\",\"name\":\"Quick Sesh (only wallet users) - BlocBox-Training\",\"isPartOf\":{\"@id\":\"https:\/\/blocbox-training.com\/#website\"},\"primaryImageOfPage\":{\"@id\":\"https:\/\/blocbox-training.com\/product\/quick-sesh\/#primaryimage\"},\"image\":{\"@id\":\"https:\/\/blocbox-training.com\/product\/quick-sesh\/#primaryimage\"},\"thumbnailUrl\":\"https:\/\/blocbox-training.com\/wp-content\/uploads\/2025\/08\/Quick-Sesh-1.png\",\"datePublished\":\"2025-08-02T08:11:54+00:00\",\"dateModified\":\"2026-01-14T17:16:57+00:00\",\"breadcrumb\":{\"@id\":\"https:\/\/blocbox-training.com\/product\/quick-sesh\/#breadcrumb\"},\"inLanguage\":\"de\",\"potentialAction\":[{\"@type\":\"ReadAction\",\"target\":[\"https:\/\/blocbox-training.com\/product\/quick-sesh\/\"]}]},{\"@type\":\"ImageObject\",\"inLanguage\":\"de\",\"@id\":\"https:\/\/blocbox-training.com\/product\/quick-sesh\/#primaryimage\",\"url\":\"https:\/\/blocbox-training.com\/wp-content\/uploads\/2025\/08\/Quick-Sesh-1.png\",\"contentUrl\":\"https:\/\/blocbox-training.com\/wp-content\/uploads\/2025\/08\/Quick-Sesh-1.png\",\"width\":1182,\"height\":1182},{\"@type\":\"BreadcrumbList\",\"@id\":\"https:\/\/blocbox-training.com\/product\/quick-sesh\/#breadcrumb\",\"itemListElement\":[{\"@type\":\"ListItem\",\"position\":1,\"name\":\"Home\",\"item\":\"https:\/\/blocbox-training.com\/\"},{\"@type\":\"ListItem\",\"position\":2,\"name\":\"Shop\",\"item\":\"https:\/\/blocbox-training.com\/shop\/\"},{\"@type\":\"ListItem\",\"position\":3,\"name\":\"Quick Sesh (only wallet users)\"}]},{\"@type\":\"WebSite\",\"@id\":\"https:\/\/blocbox-training.com\/#website\",\"url\":\"https:\/\/blocbox-training.com\/\",\"name\":\"BlocBox-Training\",\"description\":\"Boulderhalle \/ Bouldering \/ Innsbruck\",\"publisher\":{\"@id\":\"https:\/\/blocbox-training.com\/#organization\"},\"potentialAction\":[{\"@type\":\"SearchAction\",\"target\":{\"@type\":\"EntryPoint\",\"urlTemplate\":\"https:\/\/blocbox-training.com\/?s={search_term_string}\"},\"query-input\":{\"@type\":\"PropertyValueSpecification\",\"valueRequired\":true,\"valueName\":\"search_term_string\"}}],\"inLanguage\":\"de\"},{\"@type\":\"Organization\",\"@id\":\"https:\/\/blocbox-training.com\/#organization\",\"name\":\"BlocBox-Training\",\"url\":\"https:\/\/blocbox-training.com\/\",\"logo\":{\"@type\":\"ImageObject\",\"inLanguage\":\"de\",\"@id\":\"https:\/\/blocbox-training.com\/#\/schema\/logo\/image\/\",\"url\":\"https:\/\/blocbox-training.com\/wp-content\/uploads\/2025\/12\/BB-Long-Black-scaled.png\",\"contentUrl\":\"https:\/\/blocbox-training.com\/wp-content\/uploads\/2025\/12\/BB-Long-Black-scaled.png\",\"width\":2560,\"height\":448,\"caption\":\"BlocBox-Training\"},\"image\":{\"@id\":\"https:\/\/blocbox-training.com\/#\/schema\/logo\/image\/\"},\"sameAs\":[\"https:\/\/www.facebook.com\/BlocBoxTraining\",\"https:\/\/www.instagram.com\/blocbox_training\/\"]}]}<\/script>\n<!-- \/ Yoast SEO plugin. -->","yoast_head_json":{"title":"Quick Sesh (only wallet users) - BlocBox-Training","robots":{"index":"index","follow":"follow","max-snippet":"max-snippet:-1","max-image-preview":"max-image-preview:large","max-video-preview":"max-video-preview:-1"},"canonical":"https:\/\/blocbox-training.com\/de\/produkt\/quick-sesh\/","og_locale":"de_DE","og_type":"article","og_title":"Quick Sesh (only wallet users) - BlocBox-Training","og_description":"This ticket makes it possible to use our gym for just 1-hour. These sessions can only be bought if you are using our Wallet. The sessions are created to have more flexibility in your training! Each ticket is valid for one person. You will be sharing the gym with other climbers, but the amount of tickets is limited. This guarantees you to have a relaxed atmosphere and enjoy the Session.  If you're thinking about purchasing a Single Ticket early in the morning, there's something you should know: we've launched our Early Bird Membership! This means that it may look like no tickets are soled between 5:00 and 9:00 AM, however some early birds might already be there through this exclusive membership. Want to learn more about how it works? Check it out here. Important: Every ticket is valid for just one person and the time it is booked for! Everybody climbing in the gym should sign our terms of use! You will receive this by mail and there will be printed versions in the facility.   .","og_url":"https:\/\/blocbox-training.com\/de\/produkt\/quick-sesh\/","og_site_name":"BlocBox-Training","article_publisher":"https:\/\/www.facebook.com\/BlocBoxTraining","article_modified_time":"2026-01-14T17:16:57+00:00","og_image":[{"width":1182,"height":1182,"url":"https:\/\/blocbox-training.com\/wp-content\/uploads\/2025\/08\/Quick-Sesh-1.png","type":"image\/png"}],"twitter_card":"summary_large_image","twitter_misc":{"Gesch\u00e4tzte Lesezeit":"1\u00a0Minute"},"schema":{"@context":"https:\/\/schema.org","@graph":[{"@type":"WebPage","@id":"https:\/\/blocbox-training.com\/product\/quick-sesh\/","url":"https:\/\/blocbox-training.com\/product\/quick-sesh\/","name":"Quick Sesh (only wallet users) - BlocBox-Training","isPartOf":{"@id":"https:\/\/blocbox-training.com\/#website"},"primaryImageOfPage":{"@id":"https:\/\/blocbox-training.com\/product\/quick-sesh\/#primaryimage"},"image":{"@id":"https:\/\/blocbox-training.com\/product\/quick-sesh\/#primaryimage"},"thumbnailUrl":"https:\/\/blocbox-training.com\/wp-content\/uploads\/2025\/08\/Quick-Sesh-1.png","datePublished":"2025-08-02T08:11:54+00:00","dateModified":"2026-01-14T17:16:57+00:00","breadcrumb":{"@id":"https:\/\/blocbox-training.com\/product\/quick-sesh\/#breadcrumb"},"inLanguage":"de","potentialAction":[{"@type":"ReadAction","target":["https:\/\/blocbox-training.com\/product\/quick-sesh\/"]}]},{"@type":"ImageObject","inLanguage":"de","@id":"https:\/\/blocbox-training.com\/product\/quick-sesh\/#primaryimage","url":"https:\/\/blocbox-training.com\/wp-content\/uploads\/2025\/08\/Quick-Sesh-1.png","contentUrl":"https:\/\/blocbox-training.com\/wp-content\/uploads\/2025\/08\/Quick-Sesh-1.png","width":1182,"height":1182},{"@type":"BreadcrumbList","@id":"https:\/\/blocbox-training.com\/product\/quick-sesh\/#breadcrumb","itemListElement":[{"@type":"ListItem","position":1,"name":"Home","item":"https:\/\/blocbox-training.com\/"},{"@type":"ListItem","position":2,"name":"Shop","item":"https:\/\/blocbox-training.com\/shop\/"},{"@type":"ListItem","position":3,"name":"Quick Sesh (only wallet users)"}]},{"@type":"WebSite","@id":"https:\/\/blocbox-training.com\/#website","url":"https:\/\/blocbox-training.com\/","name":"BlocBox-Training","description":"Boulderhalle \/ Bouldering \/ Innsbruck","publisher":{"@id":"https:\/\/blocbox-training.com\/#organization"},"potentialAction":[{"@type":"SearchAction","target":{"@type":"EntryPoint","urlTemplate":"https:\/\/blocbox-training.com\/?s={search_term_string}"},"query-input":{"@type":"PropertyValueSpecification","valueRequired":true,"valueName":"search_term_string"}}],"inLanguage":"de"},{"@type":"Organization","@id":"https:\/\/blocbox-training.com\/#organization","name":"BlocBox-Training","url":"https:\/\/blocbox-training.com\/","logo":{"@type":"ImageObject","inLanguage":"de","@id":"https:\/\/blocbox-training.com\/#\/schema\/logo\/image\/","url":"https:\/\/blocbox-training.com\/wp-content\/uploads\/2025\/12\/BB-Long-Black-scaled.png","contentUrl":"https:\/\/blocbox-training.com\/wp-content\/uploads\/2025\/12\/BB-Long-Black-scaled.png","width":2560,"height":448,"caption":"BlocBox-Training"},"image":{"@id":"https:\/\/blocbox-training.com\/#\/schema\/logo\/image\/"},"sameAs":["https:\/\/www.facebook.com\/BlocBoxTraining","https:\/\/www.instagram.com\/blocbox_training\/"]}]}},"_links":{"self":[{"href":"https:\/\/blocbox-training.com\/de\/wp-json\/wp\/v2\/product\/10433","targetHints":{"allow":["GET"]}}],"collection":[{"href":"https:\/\/blocbox-training.com\/de\/wp-json\/wp\/v2\/product"}],"about":[{"href":"https:\/\/blocbox-training.com\/de\/wp-json\/wp\/v2\/types\/product"}],"replies":[{"embeddable":true,"href":"https:\/\/blocbox-training.com\/de\/wp-json\/wp\/v2\/comments?post=10433"}],"version-history":[{"count":8,"href":"https:\/\/blocbox-training.com\/de\/wp-json\/wp\/v2\/product\/10433\/revisions"}],"predecessor-version":[{"id":12460,"href":"https:\/\/blocbox-training.com\/de\/wp-json\/wp\/v2\/product\/10433\/revisions\/12460"}],"wp:featuredmedia":[{"embeddable":true,"href":"https:\/\/blocbox-training.com\/de\/wp-json\/wp\/v2\/media\/10480"}],"wp:attachment":[{"href":"https:\/\/blocbox-training.com\/de\/wp-json\/wp\/v2\/media?parent=10433"}],"wp:term":[{"taxonomy":"product_brand","embeddable":true,"href":"https:\/\/blocbox-training.com\/de\/wp-json\/wp\/v2\/product_brand?post=10433"},{"taxonomy":"product_cat","embeddable":true,"href":"https:\/\/blocbox-training.com\/de\/wp-json\/wp\/v2\/product_cat?post=10433"},{"taxonomy":"product_tag","embeddable":true,"href":"https:\/\/blocbox-training.com\/de\/wp-json\/wp\/v2\/product_tag?post=10433"}],"curies":[{"name":"wp","href":"https:\/\/api.w.org\/{rel}","templated":true}]}}