{"id":12891,"date":"2026-02-05T20:28:55","date_gmt":"2026-02-05T19:28:55","guid":{"rendered":"https:\/\/blocbox-training.com\/?post_type=product&#038;p=12891"},"modified":"2026-03-27T18:44:00","modified_gmt":"2026-03-27T17:44:00","slug":"mama-bouldern","status":"publish","type":"product","link":"https:\/\/blocbox-training.com\/de\/produkt\/mama-bouldern\/","title":{"rendered":"Mama Bouldern"},"content":{"rendered":"","protected":false},"excerpt":{"rendered":"<p><strong>Bist du gerade Mama geworden und \u00fcberlegst, wieder mit dem Klettern anzufangen?<\/strong><br \/>\nDann ist unser <strong>Mama-Bouldern in der BlocBox<\/strong> genau das Richtige f\u00fcr dich!<\/p>\n<p>Wir laden euch herzlich ein zu einer entspannten Bouldersession speziell f\u00fcr Mamas mit Babys. Ziel ist es, neue Mamas miteinander zu vernetzen, Erfahrungen auszutauschen und gemeinsam einen sanften, stressfreien Wiedereinstieg ins Klettern zu finden.<\/p>\n<p>Das Besondere an dieser Session: <strong>Der Raum ist exklusiv nur f\u00fcr euch reserviert.<\/strong><br \/>\nSo k\u00f6nnt ihr euch ganz auf euch, euer Baby und das Klettern konzentrieren \u2013 ohne Trubel, ohne Leistungsdruck. Ihr k\u00f6nnt in eurem eigenen Tempo klettern, quatschen oder einfach zuschauen. Egal, ob ihr fr\u00fcher viel geklettert seid oder ganz locker wieder einsteigen m\u00f6chtet \u2013 ihr seid willkommen!<\/p>\n<p><strong>Wann?<\/strong> Donnerstag, 23.04., 10\u201312 Uhr<br \/>\n<strong>Wo?<\/strong> Viaduktbogen 83<br \/>\n<strong>Wer?<\/strong> Mamas mit Kind<br \/>\n<strong>Kosten?<\/strong> 10 Euro f\u00fcr Mama mit Kind<\/p>\n<p>Unten k\u00f6nnen dir ein platz f\u00fcr der Session buchen. Bei Fragen gerne melden!<\/p>","protected":false},"featured_media":4161,"comment_status":"open","ping_status":"closed","template":"","meta":{"site-sidebar-layout":"no-sidebar","site-content-layout":"page-builder","ast-site-content-layout":"full-width-container","site-content-style":"default","site-sidebar-style":"default","ast-global-header-display":"","ast-banner-title-visibility":"","ast-main-header-display":"","ast-hfb-above-header-display":"","ast-hfb-below-header-display":"","ast-hfb-mobile-header-display":"","site-post-title":"","ast-breadcrumbs-content":"","ast-featured-img":"disabled","footer-sml-layout":"","ast-disable-related-posts":"","theme-transparent-header-meta":"default","adv-header-id-meta":"","stick-header-meta":"","header-above-stick-meta":"","header-main-stick-meta":"","header-below-stick-meta":"","astra-migrate-meta-layouts":"set","ast-page-background-enabled":"default","ast-page-background-meta":{"desktop":{"background-color":"","background-image":"","background-repeat":"repeat","background-position":"center center","background-size":"auto","background-attachment":"scroll","background-type":"","background-media":"","overlay-type":"","overlay-color":"","overlay-opacity":"","overlay-gradient":""},"tablet":{"background-color":"","background-image":"","background-repeat":"repeat","background-position":"center center","background-size":"auto","background-attachment":"scroll","background-type":"","background-media":"","overlay-type":"","overlay-color":"","overlay-opacity":"","overlay-gradient":""},"mobile":{"background-color":"","background-image":"","background-repeat":"repeat","background-position":"center center","background-size":"auto","background-attachment":"scroll","background-type":"","background-media":"","overlay-type":"","overlay-color":"","overlay-opacity":"","overlay-gradient":""}},"ast-content-background-meta":{"desktop":{"background-color":"var(--ast-global-color-5)","background-image":"","background-repeat":"repeat","background-position":"center center","background-size":"auto","background-attachment":"scroll","background-type":"","background-media":"","overlay-type":"","overlay-color":"","overlay-opacity":"","overlay-gradient":""},"tablet":{"background-color":"var(--ast-global-color-5)","background-image":"","background-repeat":"repeat","background-position":"center center","background-size":"auto","background-attachment":"scroll","background-type":"","background-media":"","overlay-type":"","overlay-color":"","overlay-opacity":"","overlay-gradient":""},"mobile":{"background-color":"var(--ast-global-color-5)","background-image":"","background-repeat":"repeat","background-position":"center center","background-size":"auto","background-attachment":"scroll","background-type":"","background-media":"","overlay-type":"","overlay-color":"","overlay-opacity":"","overlay-gradient":""}}},"product_brand":[],"product_cat":[26],"product_tag":[],"class_list":{"0":"post-12891","1":"product","2":"type-product","3":"status-publish","4":"has-post-thumbnail","6":"product_cat-climbing-slot","7":"desktop-align-left","8":"tablet-align-left","9":"mobile-align-left","11":"first","12":"instock","13":"downloadable","14":"virtual","15":"taxable","16":"purchasable","17":"product-type-simple"},"yoast_head":"<!-- This site is optimized with the Yoast SEO plugin v27.1.1 - https:\/\/yoast.com\/product\/yoast-seo-wordpress\/ -->\n<title>Mama Bouldern - BlocBox-Training<\/title>\n<meta name=\"robots\" content=\"index, follow, max-snippet:-1, max-image-preview:large, max-video-preview:-1\" \/>\n<link rel=\"canonical\" href=\"https:\/\/blocbox-training.com\/de\/produkt\/mama-bouldern\/\" \/>\n<meta property=\"og:locale\" content=\"de_DE\" \/>\n<meta property=\"og:type\" content=\"article\" \/>\n<meta property=\"og:title\" content=\"Mama Bouldern - BlocBox-Training\" \/>\n<meta property=\"og:description\" content=\"Bist du gerade Mama geworden und \u00fcberlegst, wieder mit dem Klettern anzufangen? Dann ist unser Mama-Bouldern in der BlocBox genau das Richtige f\u00fcr dich!  Wir laden euch herzlich ein zu einer entspannten Bouldersession speziell f\u00fcr Mamas mit Babys. Ziel ist es, neue Mamas miteinander zu vernetzen, Erfahrungen auszutauschen und gemeinsam einen sanften, stressfreien Wiedereinstieg ins Klettern zu finden.  Das Besondere an dieser Session: Der Raum ist exklusiv nur f\u00fcr euch reserviert. So k\u00f6nnt ihr euch ganz auf euch, euer Baby und das Klettern konzentrieren \u2013 ohne Trubel, ohne Leistungsdruck. Ihr k\u00f6nnt in eurem eigenen Tempo klettern, quatschen oder einfach zuschauen. Egal, ob ihr fr\u00fcher viel geklettert seid oder ganz locker wieder einsteigen m\u00f6chtet \u2013 ihr seid willkommen!  Wann? Donnerstag, 23.04., 10\u201312 Uhr Wo? Viaduktbogen 83 Wer? Mamas mit Kind Kosten? 10 Euro f\u00fcr Mama mit Kind  Unten k\u00f6nnen dir ein platz f\u00fcr der Session buchen. Bei Fragen gerne melden!\" \/>\n<meta property=\"og:url\" content=\"https:\/\/blocbox-training.com\/de\/produkt\/mama-bouldern\/\" \/>\n<meta property=\"og:site_name\" content=\"BlocBox-Training\" \/>\n<meta property=\"article:publisher\" content=\"https:\/\/www.facebook.com\/BlocBoxTraining\" \/>\n<meta property=\"article:modified_time\" content=\"2026-03-27T17:44:00+00:00\" \/>\n<meta property=\"og:image\" content=\"https:\/\/blocbox-training.com\/wp-content\/uploads\/2022\/11\/DSC_0907-scaled.jpg\" \/>\n\t<meta property=\"og:image:width\" content=\"2560\" \/>\n\t<meta property=\"og:image:height\" content=\"1700\" \/>\n\t<meta property=\"og:image:type\" content=\"image\/jpeg\" \/>\n<meta name=\"twitter:card\" content=\"summary_large_image\" \/>\n<meta name=\"twitter:label1\" content=\"Gesch\u00e4tzte Lesezeit\" \/>\n\t<meta name=\"twitter:data1\" content=\"1\u00a0Minute\" \/>\n<script type=\"application\/ld+json\" class=\"yoast-schema-graph\">{\"@context\":\"https:\/\/schema.org\",\"@graph\":[{\"@type\":\"WebPage\",\"@id\":\"https:\/\/blocbox-training.com\/product\/mama-bouldern\/\",\"url\":\"https:\/\/blocbox-training.com\/product\/mama-bouldern\/\",\"name\":\"Mama Bouldern - BlocBox-Training\",\"isPartOf\":{\"@id\":\"https:\/\/blocbox-training.com\/#website\"},\"primaryImageOfPage\":{\"@id\":\"https:\/\/blocbox-training.com\/product\/mama-bouldern\/#primaryimage\"},\"image\":{\"@id\":\"https:\/\/blocbox-training.com\/product\/mama-bouldern\/#primaryimage\"},\"thumbnailUrl\":\"https:\/\/blocbox-training.com\/wp-content\/uploads\/2022\/11\/DSC_0907-scaled.jpg\",\"datePublished\":\"2026-02-05T19:28:55+00:00\",\"dateModified\":\"2026-03-27T17:44:00+00:00\",\"breadcrumb\":{\"@id\":\"https:\/\/blocbox-training.com\/product\/mama-bouldern\/#breadcrumb\"},\"inLanguage\":\"de\",\"potentialAction\":[{\"@type\":\"ReadAction\",\"target\":[\"https:\/\/blocbox-training.com\/product\/mama-bouldern\/\"]}]},{\"@type\":\"ImageObject\",\"inLanguage\":\"de\",\"@id\":\"https:\/\/blocbox-training.com\/product\/mama-bouldern\/#primaryimage\",\"url\":\"https:\/\/blocbox-training.com\/wp-content\/uploads\/2022\/11\/DSC_0907-scaled.jpg\",\"contentUrl\":\"https:\/\/blocbox-training.com\/wp-content\/uploads\/2022\/11\/DSC_0907-scaled.jpg\",\"width\":2560,\"height\":1700},{\"@type\":\"BreadcrumbList\",\"@id\":\"https:\/\/blocbox-training.com\/product\/mama-bouldern\/#breadcrumb\",\"itemListElement\":[{\"@type\":\"ListItem\",\"position\":1,\"name\":\"Home\",\"item\":\"https:\/\/blocbox-training.com\/\"},{\"@type\":\"ListItem\",\"position\":2,\"name\":\"Shop\",\"item\":\"https:\/\/blocbox-training.com\/shop\/\"},{\"@type\":\"ListItem\",\"position\":3,\"name\":\"Mama Bouldern\"}]},{\"@type\":\"WebSite\",\"@id\":\"https:\/\/blocbox-training.com\/#website\",\"url\":\"https:\/\/blocbox-training.com\/\",\"name\":\"BlocBox-Training\",\"description\":\"Boulderhalle \/ Bouldering \/ Innsbruck\",\"publisher\":{\"@id\":\"https:\/\/blocbox-training.com\/#organization\"},\"potentialAction\":[{\"@type\":\"SearchAction\",\"target\":{\"@type\":\"EntryPoint\",\"urlTemplate\":\"https:\/\/blocbox-training.com\/?s={search_term_string}\"},\"query-input\":{\"@type\":\"PropertyValueSpecification\",\"valueRequired\":true,\"valueName\":\"search_term_string\"}}],\"inLanguage\":\"de\"},{\"@type\":\"Organization\",\"@id\":\"https:\/\/blocbox-training.com\/#organization\",\"name\":\"BlocBox-Training\",\"url\":\"https:\/\/blocbox-training.com\/\",\"logo\":{\"@type\":\"ImageObject\",\"inLanguage\":\"de\",\"@id\":\"https:\/\/blocbox-training.com\/#\/schema\/logo\/image\/\",\"url\":\"https:\/\/blocbox-training.com\/wp-content\/uploads\/2025\/12\/BB-Long-Black-scaled.png\",\"contentUrl\":\"https:\/\/blocbox-training.com\/wp-content\/uploads\/2025\/12\/BB-Long-Black-scaled.png\",\"width\":2560,\"height\":448,\"caption\":\"BlocBox-Training\"},\"image\":{\"@id\":\"https:\/\/blocbox-training.com\/#\/schema\/logo\/image\/\"},\"sameAs\":[\"https:\/\/www.facebook.com\/BlocBoxTraining\",\"https:\/\/www.instagram.com\/blocbox_training\/\"]}]}<\/script>\n<!-- \/ Yoast SEO plugin. -->","yoast_head_json":{"title":"Mama Bouldern - BlocBox-Training","robots":{"index":"index","follow":"follow","max-snippet":"max-snippet:-1","max-image-preview":"max-image-preview:large","max-video-preview":"max-video-preview:-1"},"canonical":"https:\/\/blocbox-training.com\/de\/produkt\/mama-bouldern\/","og_locale":"de_DE","og_type":"article","og_title":"Mama Bouldern - BlocBox-Training","og_description":"Bist du gerade Mama geworden und \u00fcberlegst, wieder mit dem Klettern anzufangen? Dann ist unser Mama-Bouldern in der BlocBox genau das Richtige f\u00fcr dich!  Wir laden euch herzlich ein zu einer entspannten Bouldersession speziell f\u00fcr Mamas mit Babys. Ziel ist es, neue Mamas miteinander zu vernetzen, Erfahrungen auszutauschen und gemeinsam einen sanften, stressfreien Wiedereinstieg ins Klettern zu finden.  Das Besondere an dieser Session: Der Raum ist exklusiv nur f\u00fcr euch reserviert. So k\u00f6nnt ihr euch ganz auf euch, euer Baby und das Klettern konzentrieren \u2013 ohne Trubel, ohne Leistungsdruck. Ihr k\u00f6nnt in eurem eigenen Tempo klettern, quatschen oder einfach zuschauen. Egal, ob ihr fr\u00fcher viel geklettert seid oder ganz locker wieder einsteigen m\u00f6chtet \u2013 ihr seid willkommen!  Wann? Donnerstag, 23.04., 10\u201312 Uhr Wo? Viaduktbogen 83 Wer? Mamas mit Kind Kosten? 10 Euro f\u00fcr Mama mit Kind  Unten k\u00f6nnen dir ein platz f\u00fcr der Session buchen. Bei Fragen gerne melden!","og_url":"https:\/\/blocbox-training.com\/de\/produkt\/mama-bouldern\/","og_site_name":"BlocBox-Training","article_publisher":"https:\/\/www.facebook.com\/BlocBoxTraining","article_modified_time":"2026-03-27T17:44:00+00:00","og_image":[{"width":2560,"height":1700,"url":"https:\/\/blocbox-training.com\/wp-content\/uploads\/2022\/11\/DSC_0907-scaled.jpg","type":"image\/jpeg"}],"twitter_card":"summary_large_image","twitter_misc":{"Gesch\u00e4tzte Lesezeit":"1\u00a0Minute"},"schema":{"@context":"https:\/\/schema.org","@graph":[{"@type":"WebPage","@id":"https:\/\/blocbox-training.com\/product\/mama-bouldern\/","url":"https:\/\/blocbox-training.com\/product\/mama-bouldern\/","name":"Mama Bouldern - BlocBox-Training","isPartOf":{"@id":"https:\/\/blocbox-training.com\/#website"},"primaryImageOfPage":{"@id":"https:\/\/blocbox-training.com\/product\/mama-bouldern\/#primaryimage"},"image":{"@id":"https:\/\/blocbox-training.com\/product\/mama-bouldern\/#primaryimage"},"thumbnailUrl":"https:\/\/blocbox-training.com\/wp-content\/uploads\/2022\/11\/DSC_0907-scaled.jpg","datePublished":"2026-02-05T19:28:55+00:00","dateModified":"2026-03-27T17:44:00+00:00","breadcrumb":{"@id":"https:\/\/blocbox-training.com\/product\/mama-bouldern\/#breadcrumb"},"inLanguage":"de","potentialAction":[{"@type":"ReadAction","target":["https:\/\/blocbox-training.com\/product\/mama-bouldern\/"]}]},{"@type":"ImageObject","inLanguage":"de","@id":"https:\/\/blocbox-training.com\/product\/mama-bouldern\/#primaryimage","url":"https:\/\/blocbox-training.com\/wp-content\/uploads\/2022\/11\/DSC_0907-scaled.jpg","contentUrl":"https:\/\/blocbox-training.com\/wp-content\/uploads\/2022\/11\/DSC_0907-scaled.jpg","width":2560,"height":1700},{"@type":"BreadcrumbList","@id":"https:\/\/blocbox-training.com\/product\/mama-bouldern\/#breadcrumb","itemListElement":[{"@type":"ListItem","position":1,"name":"Home","item":"https:\/\/blocbox-training.com\/"},{"@type":"ListItem","position":2,"name":"Shop","item":"https:\/\/blocbox-training.com\/shop\/"},{"@type":"ListItem","position":3,"name":"Mama Bouldern"}]},{"@type":"WebSite","@id":"https:\/\/blocbox-training.com\/#website","url":"https:\/\/blocbox-training.com\/","name":"BlocBox-Training","description":"Boulderhalle \/ Bouldering \/ Innsbruck","publisher":{"@id":"https:\/\/blocbox-training.com\/#organization"},"potentialAction":[{"@type":"SearchAction","target":{"@type":"EntryPoint","urlTemplate":"https:\/\/blocbox-training.com\/?s={search_term_string}"},"query-input":{"@type":"PropertyValueSpecification","valueRequired":true,"valueName":"search_term_string"}}],"inLanguage":"de"},{"@type":"Organization","@id":"https:\/\/blocbox-training.com\/#organization","name":"BlocBox-Training","url":"https:\/\/blocbox-training.com\/","logo":{"@type":"ImageObject","inLanguage":"de","@id":"https:\/\/blocbox-training.com\/#\/schema\/logo\/image\/","url":"https:\/\/blocbox-training.com\/wp-content\/uploads\/2025\/12\/BB-Long-Black-scaled.png","contentUrl":"https:\/\/blocbox-training.com\/wp-content\/uploads\/2025\/12\/BB-Long-Black-scaled.png","width":2560,"height":448,"caption":"BlocBox-Training"},"image":{"@id":"https:\/\/blocbox-training.com\/#\/schema\/logo\/image\/"},"sameAs":["https:\/\/www.facebook.com\/BlocBoxTraining","https:\/\/www.instagram.com\/blocbox_training\/"]}]}},"_links":{"self":[{"href":"https:\/\/blocbox-training.com\/de\/wp-json\/wp\/v2\/product\/12891","targetHints":{"allow":["GET"]}}],"collection":[{"href":"https:\/\/blocbox-training.com\/de\/wp-json\/wp\/v2\/product"}],"about":[{"href":"https:\/\/blocbox-training.com\/de\/wp-json\/wp\/v2\/types\/product"}],"replies":[{"embeddable":true,"href":"https:\/\/blocbox-training.com\/de\/wp-json\/wp\/v2\/comments?post=12891"}],"version-history":[{"count":3,"href":"https:\/\/blocbox-training.com\/de\/wp-json\/wp\/v2\/product\/12891\/revisions"}],"predecessor-version":[{"id":13579,"href":"https:\/\/blocbox-training.com\/de\/wp-json\/wp\/v2\/product\/12891\/revisions\/13579"}],"wp:featuredmedia":[{"embeddable":true,"href":"https:\/\/blocbox-training.com\/de\/wp-json\/wp\/v2\/media\/4161"}],"wp:attachment":[{"href":"https:\/\/blocbox-training.com\/de\/wp-json\/wp\/v2\/media?parent=12891"}],"wp:term":[{"taxonomy":"product_brand","embeddable":true,"href":"https:\/\/blocbox-training.com\/de\/wp-json\/wp\/v2\/product_brand?post=12891"},{"taxonomy":"product_cat","embeddable":true,"href":"https:\/\/blocbox-training.com\/de\/wp-json\/wp\/v2\/product_cat?post=12891"},{"taxonomy":"product_tag","embeddable":true,"href":"https:\/\/blocbox-training.com\/de\/wp-json\/wp\/v2\/product_tag?post=12891"}],"curies":[{"name":"wp","href":"https:\/\/api.w.org\/{rel}","templated":true}]}}