{"id":2128,"date":"2022-03-10T10:24:53","date_gmt":"2022-03-10T10:24:53","guid":{"rendered":"http:\/\/blocbox-training.com\/?post_type=product&#038;p=2128"},"modified":"2026-02-11T15:16:02","modified_gmt":"2026-02-11T14:16:02","slug":"normal-ticket","status":"publish","type":"product","link":"https:\/\/blocbox-training.com\/de\/produkt\/normal-ticket\/","title":{"rendered":"Private Session"},"content":{"rendered":"<div data-elementor-type=\"wp-post\" data-elementor-id=\"2128\" class=\"elementor elementor-2128\">\n\t\t\t\t\t\t<section class=\"elementor-section elementor-top-section elementor-element elementor-element-dec9596 elementor-section-boxed elementor-section-height-default elementor-section-height-default\" data-id=\"dec9596\" data-element_type=\"section\" data-e-type=\"section\">\n\t\t\t\t\t\t<div class=\"elementor-container elementor-column-gap-default\">\n\t\t\t\t\t<div class=\"elementor-column elementor-col-100 elementor-top-column elementor-element elementor-element-6267b3d\" data-id=\"6267b3d\" data-element_type=\"column\" data-e-type=\"column\">\n\t\t\t<div class=\"elementor-widget-wrap elementor-element-populated\">\n\t\t\t\t\t\t<section class=\"elementor-section elementor-inner-section elementor-element elementor-element-3e5291b elementor-section-boxed elementor-section-height-default elementor-section-height-default\" data-id=\"3e5291b\" data-element_type=\"section\" data-e-type=\"section\">\n\t\t\t\t\t\t<div class=\"elementor-container elementor-column-gap-default\">\n\t\t\t\t\t<div class=\"elementor-column elementor-col-50 elementor-inner-column elementor-element elementor-element-d16ac7a\" data-id=\"d16ac7a\" data-element_type=\"column\" data-e-type=\"column\">\n\t\t\t<div class=\"elementor-widget-wrap elementor-element-populated\">\n\t\t\t\t\t\t<div class=\"elementor-element elementor-element-c9011c7 elementor-widget elementor-widget-text-editor\" data-id=\"c9011c7\" data-element_type=\"widget\" data-e-type=\"widget\" data-widget_type=\"text-editor.default\">\n\t\t\t\t<div class=\"elementor-widget-container\">\n\t\t\t\t\t\t\t\t\t<p>Die Preise sind wie folgt:<\/p><p>Montag - Freitag<br \/>9:00\u00a0 \u00a0 &#8211;\u00a0 17:00\u00a0 \u00a0\u20ac 30,-<br \/>17:00\u00a0 &#8211;\u00a0 24:00\u00a0 \u00a0\u20ac 40,-<\/p><p>Samstag - Sonntag<br \/>9:00\u00a0 \u00a0 &#8211;\u00a0 10:00\u00a0 \u00a0\u20ac 25,-<br \/>10:00\u00a0 &#8211;\u00a0 24:00\u00a0 \u00a0\u20ac 40,-<\/p>\t\t\t\t\t\t\t\t<\/div>\n\t\t\t\t<\/div>\n\t\t\t\t\t<\/div>\n\t\t<\/div>\n\t\t\t\t<div class=\"elementor-column elementor-col-50 elementor-inner-column elementor-element elementor-element-46e8294\" data-id=\"46e8294\" data-element_type=\"column\" data-e-type=\"column\">\n\t\t\t<div class=\"elementor-widget-wrap elementor-element-populated\">\n\t\t\t\t\t\t<div class=\"elementor-element elementor-element-e339e79 elementor-widget elementor-widget-text-editor\" data-id=\"e339e79\" data-element_type=\"widget\" data-e-type=\"widget\" data-widget_type=\"text-editor.default\">\n\t\t\t\t<div class=\"elementor-widget-container\">\n\t\t\t\t\t\t\t\t\t<p class=\"translation-block\">Hast du Fragen oder besondere W\u00fcnsche? Geburtstagsfeiern, Teambuilding-Events und feste Termine? Z\u00f6gere nicht, uns zu kontaktieren <a href=\"mailto:info@blocboxtraining.com\" target=\"_self\">info@blocboxtraining.com<\/a>.<\/p><p class=\"translation-block\">Du planst eine spontane Private Session weniger als drei Tage im Voraus? Buche dann einfach alle sechs <a href=\"http:\/\/blocbox-training.com\/de\/produkt\/single-ticket\/\" target=\"_self\">Single Tickets<\/a> und der Platz geh\u00f6rt euch.<\/p>\t\t\t\t\t\t\t\t<\/div>\n\t\t\t\t<\/div>\n\t\t\t\t\t<\/div>\n\t\t<\/div>\n\t\t\t\t\t<\/div>\n\t\t<\/section>\n\t\t\t\t\t<\/div>\n\t\t<\/div>\n\t\t\t\t\t<\/div>\n\t\t<\/section>\n\t\t\t\t<\/div>","protected":false},"excerpt":{"rendered":"<p>Ist es nicht der Traum jedes Kletterers, sein eigenes privates Boulder-Dojo zu haben?<\/p>\n<p>Diese Private Session ist die beste M\u00f6glichkeit, diesen Traum zu verwirklichen! Bei dieser Session garantieren wir dir, dass keine anderen Kletterer in der Halle sind \u2013 es sei denn, du hast sie eingeladen! Oder wie wir gerne sagen w\u00fcrden: Your Space, Your Session, Your Friends. Die BlocBox ist f\u00fcr alle gemacht! Vom Anf\u00e4nger bis zum Profi und von jung bis alt. Jeder kann diesen neuen und privaten Ort genie\u00dfen und Spa\u00df auf dem ersten Grasshopper Grand Master in Europa haben!<\/p>\n<p>Nat\u00fcrlich kann eine Session mit Freunden gro\u00dfartig sein, aber was ist mit einer Teambuilding-Veranstaltung, einer Geburtstagssession, einer Familiensession und so vielen anderen M\u00f6glichkeiten, an die wir noch nicht gedacht haben?<\/p>\n<div><b>Wichtig:<\/b><\/div>\n<div>Alle Teilnehmer, die unsere Einrichtung nutzen, m\u00fcssen unsere AGB unterschreiben. Du erh\u00e4ltst diese per E-Mail und in der Einrichtung liegen gedruckte Versionen aus.<\/div>\n<div>.<\/div>\n<div><\/div>\n<div><\/div>\n<div><\/div>","protected":false},"featured_media":4284,"comment_status":"closed","ping_status":"closed","template":"","meta":{"site-sidebar-layout":"no-sidebar","site-content-layout":"default","ast-site-content-layout":"default","site-content-style":"default","site-sidebar-style":"default","ast-global-header-display":"","ast-banner-title-visibility":"","ast-main-header-display":"","ast-hfb-above-header-display":"","ast-hfb-below-header-display":"","ast-hfb-mobile-header-display":"","site-post-title":"","ast-breadcrumbs-content":"","ast-featured-img":"","footer-sml-layout":"","ast-disable-related-posts":"","theme-transparent-header-meta":"default","adv-header-id-meta":"","stick-header-meta":"","header-above-stick-meta":"","header-main-stick-meta":"","header-below-stick-meta":"","astra-migrate-meta-layouts":"set","ast-page-background-enabled":"default","ast-page-background-meta":{"desktop":{"background-color":"","background-image":"","background-repeat":"repeat","background-position":"center center","background-size":"auto","background-attachment":"scroll","background-type":"","background-media":"","overlay-type":"","overlay-color":"","overlay-opacity":"","overlay-gradient":""},"tablet":{"background-color":"","background-image":"","background-repeat":"repeat","background-position":"center center","background-size":"auto","background-attachment":"scroll","background-type":"","background-media":"","overlay-type":"","overlay-color":"","overlay-opacity":"","overlay-gradient":""},"mobile":{"background-color":"","background-image":"","background-repeat":"repeat","background-position":"center center","background-size":"auto","background-attachment":"scroll","background-type":"","background-media":"","overlay-type":"","overlay-color":"","overlay-opacity":"","overlay-gradient":""}},"ast-content-background-meta":{"desktop":{"background-color":"var(--ast-global-color-5)","background-image":"","background-repeat":"repeat","background-position":"center center","background-size":"auto","background-attachment":"scroll","background-type":"","background-media":"","overlay-type":"","overlay-color":"","overlay-opacity":"","overlay-gradient":""},"tablet":{"background-color":"var(--ast-global-color-5)","background-image":"","background-repeat":"repeat","background-position":"center center","background-size":"auto","background-attachment":"scroll","background-type":"","background-media":"","overlay-type":"","overlay-color":"","overlay-opacity":"","overlay-gradient":""},"mobile":{"background-color":"var(--ast-global-color-5)","background-image":"","background-repeat":"repeat","background-position":"center center","background-size":"auto","background-attachment":"scroll","background-type":"","background-media":"","overlay-type":"","overlay-color":"","overlay-opacity":"","overlay-gradient":""}}},"product_brand":[],"product_cat":[26],"product_tag":[42],"class_list":{"0":"post-2128","1":"product","2":"type-product","3":"status-publish","4":"has-post-thumbnail","6":"product_cat-climbing-slot","7":"product_tag-no-wallet-payment","8":"desktop-align-left","9":"tablet-align-left","10":"mobile-align-left","12":"first","13":"instock","14":"downloadable","15":"virtual","16":"taxable","17":"purchasable","18":"product-type-phive_booking"},"yoast_head":"<!-- This site is optimized with the Yoast SEO plugin v27.1.1 - https:\/\/yoast.com\/product\/yoast-seo-wordpress\/ -->\n<title>Private Session - BlocBox-Training<\/title>\n<meta name=\"robots\" content=\"index, follow, max-snippet:-1, max-image-preview:large, max-video-preview:-1\" \/>\n<link rel=\"canonical\" href=\"https:\/\/blocbox-training.com\/de\/produkt\/normal-ticket\/\" \/>\n<meta property=\"og:locale\" content=\"de_DE\" \/>\n<meta property=\"og:type\" content=\"article\" \/>\n<meta property=\"og:title\" content=\"Private Session - BlocBox-Training\" \/>\n<meta property=\"og:description\" content=\"Isn&#039;t the dream of every climber to have your own Private bouldering dojo?  This Private Session will be the closest we can get you to this dream! With this session we guarantee you that there will be no other climbers in the gym unless you invite them! Or what we would like to say: Your Space, Your Session, Your Friends. The BlocBox is made for everyone! From beginner to professional and from young to old. Everyone can enjoy this new and private place and have fun on the first Grasshopper Grand Master in Europe!  Of course a session with friends can be great but, what about a team building event, a birthday session, a family session and so much more possibilities we did not think of yet. Important: All participants using our facility should sign our Terms of Use. You will receive this by mail and there will be printed versions in the facility. .\" \/>\n<meta property=\"og:url\" content=\"https:\/\/blocbox-training.com\/de\/produkt\/normal-ticket\/\" \/>\n<meta property=\"og:site_name\" content=\"BlocBox-Training\" \/>\n<meta property=\"article:publisher\" content=\"https:\/\/www.facebook.com\/BlocBoxTraining\" \/>\n<meta property=\"article:modified_time\" content=\"2026-02-11T14:16:02+00:00\" \/>\n<meta property=\"og:image\" content=\"https:\/\/blocbox-training.com\/wp-content\/uploads\/2022\/12\/Private-Session.jpg\" \/>\n\t<meta property=\"og:image:width\" content=\"848\" \/>\n\t<meta property=\"og:image:height\" content=\"850\" \/>\n\t<meta property=\"og:image:type\" content=\"image\/jpeg\" \/>\n<meta name=\"twitter:card\" content=\"summary_large_image\" \/>\n<meta name=\"twitter:label1\" content=\"Gesch\u00e4tzte Lesezeit\" \/>\n\t<meta name=\"twitter:data1\" content=\"1\u00a0Minute\" \/>\n<script type=\"application\/ld+json\" class=\"yoast-schema-graph\">{\"@context\":\"https:\/\/schema.org\",\"@graph\":[{\"@type\":\"WebPage\",\"@id\":\"https:\/\/blocbox-training.com\/product\/normal-ticket\/\",\"url\":\"https:\/\/blocbox-training.com\/product\/normal-ticket\/\",\"name\":\"Private Session - BlocBox-Training\",\"isPartOf\":{\"@id\":\"https:\/\/blocbox-training.com\/#website\"},\"primaryImageOfPage\":{\"@id\":\"https:\/\/blocbox-training.com\/product\/normal-ticket\/#primaryimage\"},\"image\":{\"@id\":\"https:\/\/blocbox-training.com\/product\/normal-ticket\/#primaryimage\"},\"thumbnailUrl\":\"https:\/\/blocbox-training.com\/wp-content\/uploads\/2022\/12\/Private-Session.jpg\",\"datePublished\":\"2022-03-10T10:24:53+00:00\",\"dateModified\":\"2026-02-11T14:16:02+00:00\",\"breadcrumb\":{\"@id\":\"https:\/\/blocbox-training.com\/product\/normal-ticket\/#breadcrumb\"},\"inLanguage\":\"de\",\"potentialAction\":[{\"@type\":\"ReadAction\",\"target\":[\"https:\/\/blocbox-training.com\/product\/normal-ticket\/\"]}]},{\"@type\":\"ImageObject\",\"inLanguage\":\"de\",\"@id\":\"https:\/\/blocbox-training.com\/product\/normal-ticket\/#primaryimage\",\"url\":\"https:\/\/blocbox-training.com\/wp-content\/uploads\/2022\/12\/Private-Session.jpg\",\"contentUrl\":\"https:\/\/blocbox-training.com\/wp-content\/uploads\/2022\/12\/Private-Session.jpg\",\"width\":848,\"height\":850},{\"@type\":\"BreadcrumbList\",\"@id\":\"https:\/\/blocbox-training.com\/product\/normal-ticket\/#breadcrumb\",\"itemListElement\":[{\"@type\":\"ListItem\",\"position\":1,\"name\":\"Home\",\"item\":\"https:\/\/blocbox-training.com\/\"},{\"@type\":\"ListItem\",\"position\":2,\"name\":\"Shop\",\"item\":\"https:\/\/blocbox-training.com\/shop\/\"},{\"@type\":\"ListItem\",\"position\":3,\"name\":\"Private Session\"}]},{\"@type\":\"WebSite\",\"@id\":\"https:\/\/blocbox-training.com\/#website\",\"url\":\"https:\/\/blocbox-training.com\/\",\"name\":\"BlocBox-Training\",\"description\":\"Boulderhalle \/ Bouldering \/ Innsbruck\",\"publisher\":{\"@id\":\"https:\/\/blocbox-training.com\/#organization\"},\"potentialAction\":[{\"@type\":\"SearchAction\",\"target\":{\"@type\":\"EntryPoint\",\"urlTemplate\":\"https:\/\/blocbox-training.com\/?s={search_term_string}\"},\"query-input\":{\"@type\":\"PropertyValueSpecification\",\"valueRequired\":true,\"valueName\":\"search_term_string\"}}],\"inLanguage\":\"de\"},{\"@type\":\"Organization\",\"@id\":\"https:\/\/blocbox-training.com\/#organization\",\"name\":\"BlocBox-Training\",\"url\":\"https:\/\/blocbox-training.com\/\",\"logo\":{\"@type\":\"ImageObject\",\"inLanguage\":\"de\",\"@id\":\"https:\/\/blocbox-training.com\/#\/schema\/logo\/image\/\",\"url\":\"https:\/\/blocbox-training.com\/wp-content\/uploads\/2025\/12\/BB-Long-Black-scaled.png\",\"contentUrl\":\"https:\/\/blocbox-training.com\/wp-content\/uploads\/2025\/12\/BB-Long-Black-scaled.png\",\"width\":2560,\"height\":448,\"caption\":\"BlocBox-Training\"},\"image\":{\"@id\":\"https:\/\/blocbox-training.com\/#\/schema\/logo\/image\/\"},\"sameAs\":[\"https:\/\/www.facebook.com\/BlocBoxTraining\",\"https:\/\/www.instagram.com\/blocbox_training\/\"]}]}<\/script>\n<!-- \/ Yoast SEO plugin. -->","yoast_head_json":{"title":"Private Session - BlocBox-Training","robots":{"index":"index","follow":"follow","max-snippet":"max-snippet:-1","max-image-preview":"max-image-preview:large","max-video-preview":"max-video-preview:-1"},"canonical":"https:\/\/blocbox-training.com\/de\/produkt\/normal-ticket\/","og_locale":"de_DE","og_type":"article","og_title":"Private Session - BlocBox-Training","og_description":"Isn't the dream of every climber to have your own Private bouldering dojo?  This Private Session will be the closest we can get you to this dream! With this session we guarantee you that there will be no other climbers in the gym unless you invite them! Or what we would like to say: Your Space, Your Session, Your Friends. The BlocBox is made for everyone! From beginner to professional and from young to old. Everyone can enjoy this new and private place and have fun on the first Grasshopper Grand Master in Europe!  Of course a session with friends can be great but, what about a team building event, a birthday session, a family session and so much more possibilities we did not think of yet. Important: All participants using our facility should sign our Terms of Use. You will receive this by mail and there will be printed versions in the facility. .","og_url":"https:\/\/blocbox-training.com\/de\/produkt\/normal-ticket\/","og_site_name":"BlocBox-Training","article_publisher":"https:\/\/www.facebook.com\/BlocBoxTraining","article_modified_time":"2026-02-11T14:16:02+00:00","og_image":[{"width":848,"height":850,"url":"https:\/\/blocbox-training.com\/wp-content\/uploads\/2022\/12\/Private-Session.jpg","type":"image\/jpeg"}],"twitter_card":"summary_large_image","twitter_misc":{"Gesch\u00e4tzte Lesezeit":"1\u00a0Minute"},"schema":{"@context":"https:\/\/schema.org","@graph":[{"@type":"WebPage","@id":"https:\/\/blocbox-training.com\/product\/normal-ticket\/","url":"https:\/\/blocbox-training.com\/product\/normal-ticket\/","name":"Private Session - BlocBox-Training","isPartOf":{"@id":"https:\/\/blocbox-training.com\/#website"},"primaryImageOfPage":{"@id":"https:\/\/blocbox-training.com\/product\/normal-ticket\/#primaryimage"},"image":{"@id":"https:\/\/blocbox-training.com\/product\/normal-ticket\/#primaryimage"},"thumbnailUrl":"https:\/\/blocbox-training.com\/wp-content\/uploads\/2022\/12\/Private-Session.jpg","datePublished":"2022-03-10T10:24:53+00:00","dateModified":"2026-02-11T14:16:02+00:00","breadcrumb":{"@id":"https:\/\/blocbox-training.com\/product\/normal-ticket\/#breadcrumb"},"inLanguage":"de","potentialAction":[{"@type":"ReadAction","target":["https:\/\/blocbox-training.com\/product\/normal-ticket\/"]}]},{"@type":"ImageObject","inLanguage":"de","@id":"https:\/\/blocbox-training.com\/product\/normal-ticket\/#primaryimage","url":"https:\/\/blocbox-training.com\/wp-content\/uploads\/2022\/12\/Private-Session.jpg","contentUrl":"https:\/\/blocbox-training.com\/wp-content\/uploads\/2022\/12\/Private-Session.jpg","width":848,"height":850},{"@type":"BreadcrumbList","@id":"https:\/\/blocbox-training.com\/product\/normal-ticket\/#breadcrumb","itemListElement":[{"@type":"ListItem","position":1,"name":"Home","item":"https:\/\/blocbox-training.com\/"},{"@type":"ListItem","position":2,"name":"Shop","item":"https:\/\/blocbox-training.com\/shop\/"},{"@type":"ListItem","position":3,"name":"Private Session"}]},{"@type":"WebSite","@id":"https:\/\/blocbox-training.com\/#website","url":"https:\/\/blocbox-training.com\/","name":"BlocBox-Training","description":"Boulderhalle \/ Bouldering \/ Innsbruck","publisher":{"@id":"https:\/\/blocbox-training.com\/#organization"},"potentialAction":[{"@type":"SearchAction","target":{"@type":"EntryPoint","urlTemplate":"https:\/\/blocbox-training.com\/?s={search_term_string}"},"query-input":{"@type":"PropertyValueSpecification","valueRequired":true,"valueName":"search_term_string"}}],"inLanguage":"de"},{"@type":"Organization","@id":"https:\/\/blocbox-training.com\/#organization","name":"BlocBox-Training","url":"https:\/\/blocbox-training.com\/","logo":{"@type":"ImageObject","inLanguage":"de","@id":"https:\/\/blocbox-training.com\/#\/schema\/logo\/image\/","url":"https:\/\/blocbox-training.com\/wp-content\/uploads\/2025\/12\/BB-Long-Black-scaled.png","contentUrl":"https:\/\/blocbox-training.com\/wp-content\/uploads\/2025\/12\/BB-Long-Black-scaled.png","width":2560,"height":448,"caption":"BlocBox-Training"},"image":{"@id":"https:\/\/blocbox-training.com\/#\/schema\/logo\/image\/"},"sameAs":["https:\/\/www.facebook.com\/BlocBoxTraining","https:\/\/www.instagram.com\/blocbox_training\/"]}]}},"_links":{"self":[{"href":"https:\/\/blocbox-training.com\/de\/wp-json\/wp\/v2\/product\/2128","targetHints":{"allow":["GET"]}}],"collection":[{"href":"https:\/\/blocbox-training.com\/de\/wp-json\/wp\/v2\/product"}],"about":[{"href":"https:\/\/blocbox-training.com\/de\/wp-json\/wp\/v2\/types\/product"}],"replies":[{"embeddable":true,"href":"https:\/\/blocbox-training.com\/de\/wp-json\/wp\/v2\/comments?post=2128"}],"version-history":[{"count":45,"href":"https:\/\/blocbox-training.com\/de\/wp-json\/wp\/v2\/product\/2128\/revisions"}],"predecessor-version":[{"id":12954,"href":"https:\/\/blocbox-training.com\/de\/wp-json\/wp\/v2\/product\/2128\/revisions\/12954"}],"wp:featuredmedia":[{"embeddable":true,"href":"https:\/\/blocbox-training.com\/de\/wp-json\/wp\/v2\/media\/4284"}],"wp:attachment":[{"href":"https:\/\/blocbox-training.com\/de\/wp-json\/wp\/v2\/media?parent=2128"}],"wp:term":[{"taxonomy":"product_brand","embeddable":true,"href":"https:\/\/blocbox-training.com\/de\/wp-json\/wp\/v2\/product_brand?post=2128"},{"taxonomy":"product_cat","embeddable":true,"href":"https:\/\/blocbox-training.com\/de\/wp-json\/wp\/v2\/product_cat?post=2128"},{"taxonomy":"product_tag","embeddable":true,"href":"https:\/\/blocbox-training.com\/de\/wp-json\/wp\/v2\/product_tag?post=2128"}],"curies":[{"name":"wp","href":"https:\/\/api.w.org\/{rel}","templated":true}]}}