{"id":4251,"date":"2022-11-30T11:28:26","date_gmt":"2022-11-30T10:28:26","guid":{"rendered":"http:\/\/blocbox-training.com\/?post_type=product&#038;p=4251"},"modified":"2026-01-16T17:54:57","modified_gmt":"2026-01-16T16:54:57","slug":"single-ticket","status":"publish","type":"product","link":"https:\/\/blocbox-training.com\/de\/produkt\/single-ticket\/","title":{"rendered":"Single Ticket"},"content":{"rendered":"<div data-elementor-type=\"wp-post\" data-elementor-id=\"4251\" class=\"elementor elementor-4251\">\n\t\t\t\t\t\t<section class=\"elementor-section elementor-top-section elementor-element elementor-element-d9281e0 elementor-section-boxed elementor-section-height-default elementor-section-height-default\" data-id=\"d9281e0\" data-element_type=\"section\" data-e-type=\"section\">\n\t\t\t\t\t\t<div class=\"elementor-container elementor-column-gap-default\">\n\t\t\t\t\t<div class=\"elementor-column elementor-col-100 elementor-top-column elementor-element elementor-element-f7bf2cc\" data-id=\"f7bf2cc\" data-element_type=\"column\" data-e-type=\"column\">\n\t\t\t<div class=\"elementor-widget-wrap elementor-element-populated\">\n\t\t\t\t\t\t<div class=\"elementor-element elementor-element-8042a1c elementor-widget elementor-widget-spacer\" data-id=\"8042a1c\" data-element_type=\"widget\" data-e-type=\"widget\" data-widget_type=\"spacer.default\">\n\t\t\t\t<div class=\"elementor-widget-container\">\n\t\t\t\t\t\t\t<div class=\"elementor-spacer\">\n\t\t\t<div class=\"elementor-spacer-inner\"><\/div>\n\t\t<\/div>\n\t\t\t\t\t\t<\/div>\n\t\t\t\t<\/div>\n\t\t\t\t\t<\/div>\n\t\t<\/div>\n\t\t\t\t\t<\/div>\n\t\t<\/section>\n\t\t\t\t<\/div>","protected":false},"excerpt":{"rendered":"<p class=\"translation-block\">Ein pers\u00f6nliches Ticket f\u00fcr den Zugang zu unserer Kletterhalle und die Durchf\u00fchrung einer Session mit anderen Kletterern. Dieses Ticket gibt Ihnen die M\u00f6glichkeit, einen Slot f\u00fcr eine Person zu buchen. Die begrenzte Anzahl von Tickets garantiert Ihnen eine entspannte Atmosph\u00e4re. Ein normales Ticket hat eine minimale Zeitspanne von 2 Stunden. Wenn Sie unser  <a href=\"https:\/\/blocbox-training.com\/de\/what-we-offer\/#Wallet\" target=\"_self\">Wallet<\/a> nutzen, k\u00f6nnen Sie jedoch auch den 1-st\u00fcndige <a href=\"https:\/\/blocbox-training.com\/de\/produkt\/quick-sesh\/\" target=\"_self\">Quick Sesh<\/a> buchen, um noch flexibler zu trainieren!<\/p>\n<p>Planst du eine spontane Private Session weniger als drei Tage im Voraus? Buche dann einfach alle sechs Einzeltickets und f\u00fcr die Zeit geh\u00f6rt der Raum dir. Lade deine Freunde ein und genie\u00dfe die Session!<\/p>\n<p class=\"translation-block\">Falls du dar\u00fcber nachdenkst, fr\u00fchmorgens ein Einzelticket zu kaufen, solltest du etwas wissen: Wir haben unsere <a href=\"https:\/\/blocbox-training.com\/de\/produkt\/early-bird-subscription\/\" target=\"_self\"><strong>Early Bird Membership<\/strong><\/a> eingef\u00fchrt! Das bedeutet, dass zwischen 5:00 und 9:00 Uhr morgens scheinbar noch alle Tickets verf\u00fcgbar sind, aber einige Fr\u00fchaufsteher durch diese exklusive Mitgliedschaft vielleicht schon da sind. M\u00f6chtest du mehr dar\u00fcber erfahren, wie das funktioniert? <a href=\"https:\/\/blocbox-training.com\/de\/produkt\/early-bird-subscription\/\" target=\"_self\">Hier<\/a> kannst du es nachlesen.<br><\/p>\n<div><b>Wichtig:<\/b><\/div>\n<div>Jedes Ticket ist nur f\u00fcr eine Person und die gebuchte Zeit g\u00fcltig! Jeder, der in der Halle klettert, muss unsere AGB unterschreiben! Sie erhalten diese per E-Mail und liegen in gedruckter Form in der Halle aus.<\/div>\n<div>\n<p>.<\/p>\n<\/div>\n<div><\/div>","protected":false},"featured_media":4282,"comment_status":"closed","ping_status":"closed","template":"","meta":{"site-sidebar-layout":"no-sidebar","site-content-layout":"default","ast-site-content-layout":"default","site-content-style":"default","site-sidebar-style":"default","ast-global-header-display":"","ast-banner-title-visibility":"","ast-main-header-display":"","ast-hfb-above-header-display":"","ast-hfb-below-header-display":"","ast-hfb-mobile-header-display":"","site-post-title":"","ast-breadcrumbs-content":"","ast-featured-img":"","footer-sml-layout":"","ast-disable-related-posts":"","theme-transparent-header-meta":"default","adv-header-id-meta":"","stick-header-meta":"","header-above-stick-meta":"","header-main-stick-meta":"","header-below-stick-meta":"","astra-migrate-meta-layouts":"set","ast-page-background-enabled":"default","ast-page-background-meta":{"desktop":{"background-color":"","background-image":"","background-repeat":"repeat","background-position":"center center","background-size":"auto","background-attachment":"scroll","background-type":"","background-media":"","overlay-type":"","overlay-color":"","overlay-opacity":"","overlay-gradient":""},"tablet":{"background-color":"","background-image":"","background-repeat":"repeat","background-position":"center center","background-size":"auto","background-attachment":"scroll","background-type":"","background-media":"","overlay-type":"","overlay-color":"","overlay-opacity":"","overlay-gradient":""},"mobile":{"background-color":"","background-image":"","background-repeat":"repeat","background-position":"center center","background-size":"auto","background-attachment":"scroll","background-type":"","background-media":"","overlay-type":"","overlay-color":"","overlay-opacity":"","overlay-gradient":""}},"ast-content-background-meta":{"desktop":{"background-color":"var(--ast-global-color-5)","background-image":"","background-repeat":"repeat","background-position":"center center","background-size":"auto","background-attachment":"scroll","background-type":"","background-media":"","overlay-type":"","overlay-color":"","overlay-opacity":"","overlay-gradient":""},"tablet":{"background-color":"var(--ast-global-color-5)","background-image":"","background-repeat":"repeat","background-position":"center center","background-size":"auto","background-attachment":"scroll","background-type":"","background-media":"","overlay-type":"","overlay-color":"","overlay-opacity":"","overlay-gradient":""},"mobile":{"background-color":"var(--ast-global-color-5)","background-image":"","background-repeat":"repeat","background-position":"center center","background-size":"auto","background-attachment":"scroll","background-type":"","background-media":"","overlay-type":"","overlay-color":"","overlay-opacity":"","overlay-gradient":""}}},"product_brand":[],"product_cat":[26],"product_tag":[43],"class_list":{"0":"post-4251","1":"product","2":"type-product","3":"status-publish","4":"has-post-thumbnail","6":"product_cat-climbing-slot","7":"product_tag-wallet","8":"desktop-align-left","9":"tablet-align-left","10":"mobile-align-left","12":"first","13":"instock","14":"downloadable","15":"virtual","16":"taxable","17":"purchasable","18":"product-type-phive_booking"},"yoast_head":"<!-- This site is optimized with the Yoast SEO plugin v27.1.1 - https:\/\/yoast.com\/product\/yoast-seo-wordpress\/ -->\n<title>Single Ticket - BlocBox-Training<\/title>\n<meta name=\"robots\" content=\"index, follow, max-snippet:-1, max-image-preview:large, max-video-preview:-1\" \/>\n<link rel=\"canonical\" href=\"https:\/\/blocbox-training.com\/de\/produkt\/single-ticket\/\" \/>\n<meta property=\"og:locale\" content=\"de_DE\" \/>\n<meta property=\"og:type\" content=\"article\" \/>\n<meta property=\"og:title\" content=\"Single Ticket - BlocBox-Training\" \/>\n<meta property=\"og:description\" content=\"A Personal ticket to enter our gym and build a session with other climbers. This ticket gives you the possibility to book a slot for one person. The limited amount of tickets guarantees you to have a relaxed atmosphere. A normal ticket has a minimal time span of 2-hours. However, if you are using our Wallet, you can also book a 1-hour Quick Sesh for even more flexibility in your training!  Are you planning a spontaneous Private Session less than three days up front? Just Book all 6 Single Tickets and for that time span the Space is yours. Invite your friends and enjoy the Session!  If you&#039;re thinking about purchasing a Single Ticket early in the morning, there&#039;s something you should know: we&#039;ve launched our Early Bird Membership! This means that it may look like no tickets are soled between 5:00 and 9:00 AM, however some early birds might already be there through this exclusive membership. Want to learn more about how it works? Check it out here. Important: Every ticket is valid for just one person and the time it is booked for! Everybody climbing in the gym should sign our terms of use! You will receive this by mail and there will be printed versions in the facility.   .\" \/>\n<meta property=\"og:url\" content=\"https:\/\/blocbox-training.com\/de\/produkt\/single-ticket\/\" \/>\n<meta property=\"og:site_name\" content=\"BlocBox-Training\" \/>\n<meta property=\"article:publisher\" content=\"https:\/\/www.facebook.com\/BlocBoxTraining\" \/>\n<meta property=\"article:modified_time\" content=\"2026-01-16T16:54:57+00:00\" \/>\n<meta property=\"og:image\" content=\"https:\/\/blocbox-training.com\/wp-content\/uploads\/2022\/12\/Single-Tickets.jpg\" \/>\n\t<meta property=\"og:image:width\" content=\"848\" \/>\n\t<meta property=\"og:image:height\" content=\"845\" \/>\n\t<meta property=\"og:image:type\" content=\"image\/jpeg\" \/>\n<meta name=\"twitter:card\" content=\"summary_large_image\" \/>\n<script type=\"application\/ld+json\" class=\"yoast-schema-graph\">{\"@context\":\"https:\/\/schema.org\",\"@graph\":[{\"@type\":\"WebPage\",\"@id\":\"https:\/\/blocbox-training.com\/product\/single-ticket\/\",\"url\":\"https:\/\/blocbox-training.com\/product\/single-ticket\/\",\"name\":\"Single Ticket - BlocBox-Training\",\"isPartOf\":{\"@id\":\"https:\/\/blocbox-training.com\/#website\"},\"primaryImageOfPage\":{\"@id\":\"https:\/\/blocbox-training.com\/product\/single-ticket\/#primaryimage\"},\"image\":{\"@id\":\"https:\/\/blocbox-training.com\/product\/single-ticket\/#primaryimage\"},\"thumbnailUrl\":\"https:\/\/blocbox-training.com\/wp-content\/uploads\/2022\/12\/Single-Tickets.jpg\",\"datePublished\":\"2022-11-30T10:28:26+00:00\",\"dateModified\":\"2026-01-16T16:54:57+00:00\",\"breadcrumb\":{\"@id\":\"https:\/\/blocbox-training.com\/product\/single-ticket\/#breadcrumb\"},\"inLanguage\":\"de\",\"potentialAction\":[{\"@type\":\"ReadAction\",\"target\":[\"https:\/\/blocbox-training.com\/product\/single-ticket\/\"]}]},{\"@type\":\"ImageObject\",\"inLanguage\":\"de\",\"@id\":\"https:\/\/blocbox-training.com\/product\/single-ticket\/#primaryimage\",\"url\":\"https:\/\/blocbox-training.com\/wp-content\/uploads\/2022\/12\/Single-Tickets.jpg\",\"contentUrl\":\"https:\/\/blocbox-training.com\/wp-content\/uploads\/2022\/12\/Single-Tickets.jpg\",\"width\":848,\"height\":845},{\"@type\":\"BreadcrumbList\",\"@id\":\"https:\/\/blocbox-training.com\/product\/single-ticket\/#breadcrumb\",\"itemListElement\":[{\"@type\":\"ListItem\",\"position\":1,\"name\":\"Home\",\"item\":\"https:\/\/blocbox-training.com\/\"},{\"@type\":\"ListItem\",\"position\":2,\"name\":\"Shop\",\"item\":\"https:\/\/blocbox-training.com\/shop\/\"},{\"@type\":\"ListItem\",\"position\":3,\"name\":\"Single Ticket\"}]},{\"@type\":\"WebSite\",\"@id\":\"https:\/\/blocbox-training.com\/#website\",\"url\":\"https:\/\/blocbox-training.com\/\",\"name\":\"BlocBox-Training\",\"description\":\"Boulderhalle \/ Bouldering \/ Innsbruck\",\"publisher\":{\"@id\":\"https:\/\/blocbox-training.com\/#organization\"},\"potentialAction\":[{\"@type\":\"SearchAction\",\"target\":{\"@type\":\"EntryPoint\",\"urlTemplate\":\"https:\/\/blocbox-training.com\/?s={search_term_string}\"},\"query-input\":{\"@type\":\"PropertyValueSpecification\",\"valueRequired\":true,\"valueName\":\"search_term_string\"}}],\"inLanguage\":\"de\"},{\"@type\":\"Organization\",\"@id\":\"https:\/\/blocbox-training.com\/#organization\",\"name\":\"BlocBox-Training\",\"url\":\"https:\/\/blocbox-training.com\/\",\"logo\":{\"@type\":\"ImageObject\",\"inLanguage\":\"de\",\"@id\":\"https:\/\/blocbox-training.com\/#\/schema\/logo\/image\/\",\"url\":\"https:\/\/blocbox-training.com\/wp-content\/uploads\/2025\/12\/BB-Long-Black-scaled.png\",\"contentUrl\":\"https:\/\/blocbox-training.com\/wp-content\/uploads\/2025\/12\/BB-Long-Black-scaled.png\",\"width\":2560,\"height\":448,\"caption\":\"BlocBox-Training\"},\"image\":{\"@id\":\"https:\/\/blocbox-training.com\/#\/schema\/logo\/image\/\"},\"sameAs\":[\"https:\/\/www.facebook.com\/BlocBoxTraining\",\"https:\/\/www.instagram.com\/blocbox_training\/\"]}]}<\/script>\n<!-- \/ Yoast SEO plugin. -->","yoast_head_json":{"title":"Single Ticket - BlocBox-Training","robots":{"index":"index","follow":"follow","max-snippet":"max-snippet:-1","max-image-preview":"max-image-preview:large","max-video-preview":"max-video-preview:-1"},"canonical":"https:\/\/blocbox-training.com\/de\/produkt\/single-ticket\/","og_locale":"de_DE","og_type":"article","og_title":"Single Ticket - BlocBox-Training","og_description":"A Personal ticket to enter our gym and build a session with other climbers. This ticket gives you the possibility to book a slot for one person. The limited amount of tickets guarantees you to have a relaxed atmosphere. A normal ticket has a minimal time span of 2-hours. However, if you are using our Wallet, you can also book a 1-hour Quick Sesh for even more flexibility in your training!  Are you planning a spontaneous Private Session less than three days up front? Just Book all 6 Single Tickets and for that time span the Space is yours. Invite your friends and enjoy the Session!  If you're thinking about purchasing a Single Ticket early in the morning, there's something you should know: we've launched our Early Bird Membership! This means that it may look like no tickets are soled between 5:00 and 9:00 AM, however some early birds might already be there through this exclusive membership. Want to learn more about how it works? Check it out here. Important: Every ticket is valid for just one person and the time it is booked for! Everybody climbing in the gym should sign our terms of use! You will receive this by mail and there will be printed versions in the facility.   .","og_url":"https:\/\/blocbox-training.com\/de\/produkt\/single-ticket\/","og_site_name":"BlocBox-Training","article_publisher":"https:\/\/www.facebook.com\/BlocBoxTraining","article_modified_time":"2026-01-16T16:54:57+00:00","og_image":[{"width":848,"height":845,"url":"https:\/\/blocbox-training.com\/wp-content\/uploads\/2022\/12\/Single-Tickets.jpg","type":"image\/jpeg"}],"twitter_card":"summary_large_image","schema":{"@context":"https:\/\/schema.org","@graph":[{"@type":"WebPage","@id":"https:\/\/blocbox-training.com\/product\/single-ticket\/","url":"https:\/\/blocbox-training.com\/product\/single-ticket\/","name":"Single Ticket - BlocBox-Training","isPartOf":{"@id":"https:\/\/blocbox-training.com\/#website"},"primaryImageOfPage":{"@id":"https:\/\/blocbox-training.com\/product\/single-ticket\/#primaryimage"},"image":{"@id":"https:\/\/blocbox-training.com\/product\/single-ticket\/#primaryimage"},"thumbnailUrl":"https:\/\/blocbox-training.com\/wp-content\/uploads\/2022\/12\/Single-Tickets.jpg","datePublished":"2022-11-30T10:28:26+00:00","dateModified":"2026-01-16T16:54:57+00:00","breadcrumb":{"@id":"https:\/\/blocbox-training.com\/product\/single-ticket\/#breadcrumb"},"inLanguage":"de","potentialAction":[{"@type":"ReadAction","target":["https:\/\/blocbox-training.com\/product\/single-ticket\/"]}]},{"@type":"ImageObject","inLanguage":"de","@id":"https:\/\/blocbox-training.com\/product\/single-ticket\/#primaryimage","url":"https:\/\/blocbox-training.com\/wp-content\/uploads\/2022\/12\/Single-Tickets.jpg","contentUrl":"https:\/\/blocbox-training.com\/wp-content\/uploads\/2022\/12\/Single-Tickets.jpg","width":848,"height":845},{"@type":"BreadcrumbList","@id":"https:\/\/blocbox-training.com\/product\/single-ticket\/#breadcrumb","itemListElement":[{"@type":"ListItem","position":1,"name":"Home","item":"https:\/\/blocbox-training.com\/"},{"@type":"ListItem","position":2,"name":"Shop","item":"https:\/\/blocbox-training.com\/shop\/"},{"@type":"ListItem","position":3,"name":"Single Ticket"}]},{"@type":"WebSite","@id":"https:\/\/blocbox-training.com\/#website","url":"https:\/\/blocbox-training.com\/","name":"BlocBox-Training","description":"Boulderhalle \/ Bouldering \/ Innsbruck","publisher":{"@id":"https:\/\/blocbox-training.com\/#organization"},"potentialAction":[{"@type":"SearchAction","target":{"@type":"EntryPoint","urlTemplate":"https:\/\/blocbox-training.com\/?s={search_term_string}"},"query-input":{"@type":"PropertyValueSpecification","valueRequired":true,"valueName":"search_term_string"}}],"inLanguage":"de"},{"@type":"Organization","@id":"https:\/\/blocbox-training.com\/#organization","name":"BlocBox-Training","url":"https:\/\/blocbox-training.com\/","logo":{"@type":"ImageObject","inLanguage":"de","@id":"https:\/\/blocbox-training.com\/#\/schema\/logo\/image\/","url":"https:\/\/blocbox-training.com\/wp-content\/uploads\/2025\/12\/BB-Long-Black-scaled.png","contentUrl":"https:\/\/blocbox-training.com\/wp-content\/uploads\/2025\/12\/BB-Long-Black-scaled.png","width":2560,"height":448,"caption":"BlocBox-Training"},"image":{"@id":"https:\/\/blocbox-training.com\/#\/schema\/logo\/image\/"},"sameAs":["https:\/\/www.facebook.com\/BlocBoxTraining","https:\/\/www.instagram.com\/blocbox_training\/"]}]}},"_links":{"self":[{"href":"https:\/\/blocbox-training.com\/de\/wp-json\/wp\/v2\/product\/4251","targetHints":{"allow":["GET"]}}],"collection":[{"href":"https:\/\/blocbox-training.com\/de\/wp-json\/wp\/v2\/product"}],"about":[{"href":"https:\/\/blocbox-training.com\/de\/wp-json\/wp\/v2\/types\/product"}],"replies":[{"embeddable":true,"href":"https:\/\/blocbox-training.com\/de\/wp-json\/wp\/v2\/comments?post=4251"}],"version-history":[{"count":21,"href":"https:\/\/blocbox-training.com\/de\/wp-json\/wp\/v2\/product\/4251\/revisions"}],"predecessor-version":[{"id":12505,"href":"https:\/\/blocbox-training.com\/de\/wp-json\/wp\/v2\/product\/4251\/revisions\/12505"}],"wp:featuredmedia":[{"embeddable":true,"href":"https:\/\/blocbox-training.com\/de\/wp-json\/wp\/v2\/media\/4282"}],"wp:attachment":[{"href":"https:\/\/blocbox-training.com\/de\/wp-json\/wp\/v2\/media?parent=4251"}],"wp:term":[{"taxonomy":"product_brand","embeddable":true,"href":"https:\/\/blocbox-training.com\/de\/wp-json\/wp\/v2\/product_brand?post=4251"},{"taxonomy":"product_cat","embeddable":true,"href":"https:\/\/blocbox-training.com\/de\/wp-json\/wp\/v2\/product_cat?post=4251"},{"taxonomy":"product_tag","embeddable":true,"href":"https:\/\/blocbox-training.com\/de\/wp-json\/wp\/v2\/product_tag?post=4251"}],"curies":[{"name":"wp","href":"https:\/\/api.w.org\/{rel}","templated":true}]}}