{"id":6372,"date":"2024-02-23T15:52:48","date_gmt":"2024-02-23T14:52:48","guid":{"rendered":"http:\/\/blocbox-training.com\/?post_type=product&#038;p=6372"},"modified":"2024-09-25T16:39:04","modified_gmt":"2024-09-25T14:39:04","slug":"climbing-psychology-ticket","status":"publish","type":"product","link":"https:\/\/blocbox-training.com\/de\/produkt\/climbing-psychology-ticket\/","title":{"rendered":"Climbing Psychology Kurs"},"content":{"rendered":"<p>In diesem Kurs werden verschiedene mentale Strategien beim Klettern behandelt. Carina Jungblut, eine erfahrene Mentaltrainerin von Climbing Psychology, wird den Kurs leiten. Der Kurs richtet sich an alle, die ihr Kletter-Mindset verbessern m\u00f6chten, von Anf\u00e4ngern bis Profis!<\/p>\n<p>Was wird in diesem Kurs behandelt?<\/p>\n<ul>\n<li><strong>Einf\u00fchrung in mentale Strategien:<\/strong> Lerne Techniken kennen, um deine mentalen Barrieren beim Klettern zu \u00fcberwinden und deine Ziele zu erreichen.<\/li>\n<li><strong>St\u00e4rkung des Selbstvertrauens:<\/strong> Entwickle mehr Vertrauen in deine F\u00e4higkeiten und steigere deine Leistungsf\u00e4higkeit.<\/li>\n<li><strong>Umgang mit Kletter\u00e4ngsten:<\/strong> Erhalte Einblicke und bew\u00e4hrte Methoden, um deine \u00c4ngste beim Klettern zu \u00fcberwinden.<\/li>\n<\/ul>\n<p>Der Kurs dauert 2,5 Stunden und beginnt um 18:15 Uhr. Es sind mindestens 5 und maximal 8 Teilnehmer pro Kurs zugelassen, um eine pers\u00f6nliche Betreuung zu gew\u00e4hrleisten. Wann da gen\u00fcgend Teilnehmer sind, wurden wir gemeinsam das Datum bestimmen. Die Kosten betragen \u20ac80,- und beinhalten Trainer, Raummiete und MwSt. Die Kosten wird erst dann verrechnet, wann das Datum bekannt ist.<\/p>\n<p>Kontaktiere Carina direkt unter <a target=\"_new\" rel=\"noopener\">carina@climbingpsychology.com<\/a> f\u00fcr weitere Informationen zu den Kursen. Die Anmeldung erfolgt durch Buchung hier auf der Website.<\/p>","protected":false},"excerpt":{"rendered":"<p><strong>Klettern mit Selbstvertrauen: \u00dcberwinde deine \u00c4ngste mit Climbing Psychology!<\/strong><\/p>\n<p>Sp\u00fcrst du auch manchmal Angst, wenn du eine Route kletterst? Oder glaubst du immer, dass die Tour zu schwierig ist? In Zusammenarbeit mit Climbing Psychology bieten wir einen Kurs an, der dir hilft, deine \u00c4ngste zu \u00fcberwinden und das Klettern in vollen Z\u00fcgen zu genie\u00dfen!<\/p>","protected":false},"featured_media":6506,"comment_status":"open","ping_status":"closed","template":"","meta":{"site-sidebar-layout":"default","site-content-layout":"default","ast-site-content-layout":"default","site-content-style":"default","site-sidebar-style":"default","ast-global-header-display":"","ast-banner-title-visibility":"","ast-main-header-display":"","ast-hfb-above-header-display":"","ast-hfb-below-header-display":"","ast-hfb-mobile-header-display":"","site-post-title":"","ast-breadcrumbs-content":"","ast-featured-img":"","footer-sml-layout":"","ast-disable-related-posts":"","theme-transparent-header-meta":"default","adv-header-id-meta":"","stick-header-meta":"","header-above-stick-meta":"","header-main-stick-meta":"","header-below-stick-meta":"","astra-migrate-meta-layouts":"default","ast-page-background-enabled":"default","ast-page-background-meta":{"desktop":{"background-color":"","background-image":"","background-repeat":"repeat","background-position":"center center","background-size":"auto","background-attachment":"scroll","background-type":"","background-media":"","overlay-type":"","overlay-color":"","overlay-opacity":"","overlay-gradient":""},"tablet":{"background-color":"","background-image":"","background-repeat":"repeat","background-position":"center center","background-size":"auto","background-attachment":"scroll","background-type":"","background-media":"","overlay-type":"","overlay-color":"","overlay-opacity":"","overlay-gradient":""},"mobile":{"background-color":"","background-image":"","background-repeat":"repeat","background-position":"center center","background-size":"auto","background-attachment":"scroll","background-type":"","background-media":"","overlay-type":"","overlay-color":"","overlay-opacity":"","overlay-gradient":""}},"ast-content-background-meta":{"desktop":{"background-color":"var(--ast-global-color-5)","background-image":"","background-repeat":"repeat","background-position":"center center","background-size":"auto","background-attachment":"scroll","background-type":"","background-media":"","overlay-type":"","overlay-color":"","overlay-opacity":"","overlay-gradient":""},"tablet":{"background-color":"var(--ast-global-color-5)","background-image":"","background-repeat":"repeat","background-position":"center center","background-size":"auto","background-attachment":"scroll","background-type":"","background-media":"","overlay-type":"","overlay-color":"","overlay-opacity":"","overlay-gradient":""},"mobile":{"background-color":"var(--ast-global-color-5)","background-image":"","background-repeat":"repeat","background-position":"center center","background-size":"auto","background-attachment":"scroll","background-type":"","background-media":"","overlay-type":"","overlay-color":"","overlay-opacity":"","overlay-gradient":""}}},"product_brand":[],"product_cat":[40],"product_tag":[42],"class_list":{"0":"post-6372","1":"product","2":"type-product","3":"status-publish","4":"has-post-thumbnail","6":"product_cat-courses","7":"product_tag-no-wallet-payment","8":"desktop-align-left","9":"tablet-align-left","10":"mobile-align-left","12":"first","13":"instock","14":"downloadable","15":"virtual","16":"sold-individually","17":"taxable","18":"purchasable","19":"product-type-simple"},"yoast_head":"<!-- This site is optimized with the Yoast SEO plugin v27.1.1 - https:\/\/yoast.com\/product\/yoast-seo-wordpress\/ -->\n<title>Climbing Psychology Course - BlocBox-Training<\/title>\n<meta name=\"description\" content=\"Sp\u00fcrst du auch manchmal Angst, wenn du eine Route kletterst? Oder glaubst du immer, dass die Tour zu schwierig ist? Hier einen Kurs, der dir hilft!\" \/>\n<meta name=\"robots\" content=\"index, follow, max-snippet:-1, max-image-preview:large, max-video-preview:-1\" \/>\n<link rel=\"canonical\" href=\"https:\/\/blocbox-training.com\/de\/produkt\/climbing-psychology-ticket\/\" \/>\n<meta property=\"og:locale\" content=\"de_DE\" \/>\n<meta property=\"og:type\" content=\"article\" \/>\n<meta property=\"og:title\" content=\"Climbing Psychology Course - BlocBox-Training\" \/>\n<meta property=\"og:description\" content=\"Sp\u00fcrst du auch manchmal Angst, wenn du eine Route kletterst? Oder glaubst du immer, dass die Tour zu schwierig ist? Hier einen Kurs, der dir hilft!\" \/>\n<meta property=\"og:url\" content=\"https:\/\/blocbox-training.com\/de\/produkt\/climbing-psychology-ticket\/\" \/>\n<meta property=\"og:site_name\" content=\"BlocBox-Training\" \/>\n<meta property=\"article:publisher\" content=\"https:\/\/www.facebook.com\/BlocBoxTraining\" \/>\n<meta property=\"article:modified_time\" content=\"2024-09-25T14:39:04+00:00\" \/>\n<meta property=\"og:image\" content=\"https:\/\/blocbox-training.com\/wp-content\/uploads\/2024\/02\/Cover-Photo-683x1024.png\" \/>\n\t<meta property=\"og:image:width\" content=\"683\" \/>\n\t<meta property=\"og:image:height\" content=\"1024\" \/>\n\t<meta property=\"og:image:type\" content=\"image\/png\" \/>\n<meta name=\"twitter:card\" content=\"summary_large_image\" \/>\n<meta name=\"twitter:label1\" content=\"Gesch\u00e4tzte Lesezeit\" \/>\n\t<meta name=\"twitter:data1\" content=\"1\u00a0Minute\" \/>\n<script type=\"application\/ld+json\" class=\"yoast-schema-graph\">{\"@context\":\"https:\/\/schema.org\",\"@graph\":[{\"@type\":\"WebPage\",\"@id\":\"https:\/\/blocbox-training.com\/product\/climbing-psychology-ticket\/\",\"url\":\"https:\/\/blocbox-training.com\/product\/climbing-psychology-ticket\/\",\"name\":\"Climbing Psychology Course - BlocBox-Training\",\"isPartOf\":{\"@id\":\"https:\/\/blocbox-training.com\/#website\"},\"primaryImageOfPage\":{\"@id\":\"https:\/\/blocbox-training.com\/product\/climbing-psychology-ticket\/#primaryimage\"},\"image\":{\"@id\":\"https:\/\/blocbox-training.com\/product\/climbing-psychology-ticket\/#primaryimage\"},\"thumbnailUrl\":\"https:\/\/blocbox-training.com\/wp-content\/uploads\/2024\/02\/Cover-Photo.png\",\"datePublished\":\"2024-02-23T14:52:48+00:00\",\"dateModified\":\"2024-09-25T14:39:04+00:00\",\"description\":\"Sp\u00fcrst du auch manchmal Angst, wenn du eine Route kletterst? Oder glaubst du immer, dass die Tour zu schwierig ist? Hier einen Kurs, der dir hilft!\",\"breadcrumb\":{\"@id\":\"https:\/\/blocbox-training.com\/product\/climbing-psychology-ticket\/#breadcrumb\"},\"inLanguage\":\"de\",\"potentialAction\":[{\"@type\":\"ReadAction\",\"target\":[\"https:\/\/blocbox-training.com\/product\/climbing-psychology-ticket\/\"]}]},{\"@type\":\"ImageObject\",\"inLanguage\":\"de\",\"@id\":\"https:\/\/blocbox-training.com\/product\/climbing-psychology-ticket\/#primaryimage\",\"url\":\"https:\/\/blocbox-training.com\/wp-content\/uploads\/2024\/02\/Cover-Photo.png\",\"contentUrl\":\"https:\/\/blocbox-training.com\/wp-content\/uploads\/2024\/02\/Cover-Photo.png\",\"width\":2667,\"height\":4000},{\"@type\":\"BreadcrumbList\",\"@id\":\"https:\/\/blocbox-training.com\/product\/climbing-psychology-ticket\/#breadcrumb\",\"itemListElement\":[{\"@type\":\"ListItem\",\"position\":1,\"name\":\"Home\",\"item\":\"https:\/\/blocbox-training.com\/\"},{\"@type\":\"ListItem\",\"position\":2,\"name\":\"Shop\",\"item\":\"https:\/\/blocbox-training.com\/shop\/\"},{\"@type\":\"ListItem\",\"position\":3,\"name\":\"Climbing Psychology Course\"}]},{\"@type\":\"WebSite\",\"@id\":\"https:\/\/blocbox-training.com\/#website\",\"url\":\"https:\/\/blocbox-training.com\/\",\"name\":\"BlocBox-Training\",\"description\":\"Boulderhalle \/ Bouldering \/ Innsbruck\",\"publisher\":{\"@id\":\"https:\/\/blocbox-training.com\/#organization\"},\"potentialAction\":[{\"@type\":\"SearchAction\",\"target\":{\"@type\":\"EntryPoint\",\"urlTemplate\":\"https:\/\/blocbox-training.com\/?s={search_term_string}\"},\"query-input\":{\"@type\":\"PropertyValueSpecification\",\"valueRequired\":true,\"valueName\":\"search_term_string\"}}],\"inLanguage\":\"de\"},{\"@type\":\"Organization\",\"@id\":\"https:\/\/blocbox-training.com\/#organization\",\"name\":\"BlocBox-Training\",\"url\":\"https:\/\/blocbox-training.com\/\",\"logo\":{\"@type\":\"ImageObject\",\"inLanguage\":\"de\",\"@id\":\"https:\/\/blocbox-training.com\/#\/schema\/logo\/image\/\",\"url\":\"https:\/\/blocbox-training.com\/wp-content\/uploads\/2025\/12\/BB-Long-Black-scaled.png\",\"contentUrl\":\"https:\/\/blocbox-training.com\/wp-content\/uploads\/2025\/12\/BB-Long-Black-scaled.png\",\"width\":2560,\"height\":448,\"caption\":\"BlocBox-Training\"},\"image\":{\"@id\":\"https:\/\/blocbox-training.com\/#\/schema\/logo\/image\/\"},\"sameAs\":[\"https:\/\/www.facebook.com\/BlocBoxTraining\",\"https:\/\/www.instagram.com\/blocbox_training\/\"]}]}<\/script>\n<!-- \/ Yoast SEO plugin. -->","yoast_head_json":{"title":"Climbing Psychology Course - BlocBox-Training","description":"Sp\u00fcrst du auch manchmal Angst, wenn du eine Route kletterst? Oder glaubst du immer, dass die Tour zu schwierig ist? Hier einen Kurs, der dir hilft!","robots":{"index":"index","follow":"follow","max-snippet":"max-snippet:-1","max-image-preview":"max-image-preview:large","max-video-preview":"max-video-preview:-1"},"canonical":"https:\/\/blocbox-training.com\/de\/produkt\/climbing-psychology-ticket\/","og_locale":"de_DE","og_type":"article","og_title":"Climbing Psychology Course - BlocBox-Training","og_description":"Sp\u00fcrst du auch manchmal Angst, wenn du eine Route kletterst? Oder glaubst du immer, dass die Tour zu schwierig ist? Hier einen Kurs, der dir hilft!","og_url":"https:\/\/blocbox-training.com\/de\/produkt\/climbing-psychology-ticket\/","og_site_name":"BlocBox-Training","article_publisher":"https:\/\/www.facebook.com\/BlocBoxTraining","article_modified_time":"2024-09-25T14:39:04+00:00","og_image":[{"width":683,"height":1024,"url":"https:\/\/blocbox-training.com\/wp-content\/uploads\/2024\/02\/Cover-Photo-683x1024.png","type":"image\/png"}],"twitter_card":"summary_large_image","twitter_misc":{"Gesch\u00e4tzte Lesezeit":"1\u00a0Minute"},"schema":{"@context":"https:\/\/schema.org","@graph":[{"@type":"WebPage","@id":"https:\/\/blocbox-training.com\/product\/climbing-psychology-ticket\/","url":"https:\/\/blocbox-training.com\/product\/climbing-psychology-ticket\/","name":"Climbing Psychology Course - BlocBox-Training","isPartOf":{"@id":"https:\/\/blocbox-training.com\/#website"},"primaryImageOfPage":{"@id":"https:\/\/blocbox-training.com\/product\/climbing-psychology-ticket\/#primaryimage"},"image":{"@id":"https:\/\/blocbox-training.com\/product\/climbing-psychology-ticket\/#primaryimage"},"thumbnailUrl":"https:\/\/blocbox-training.com\/wp-content\/uploads\/2024\/02\/Cover-Photo.png","datePublished":"2024-02-23T14:52:48+00:00","dateModified":"2024-09-25T14:39:04+00:00","description":"Sp\u00fcrst du auch manchmal Angst, wenn du eine Route kletterst? Oder glaubst du immer, dass die Tour zu schwierig ist? Hier einen Kurs, der dir hilft!","breadcrumb":{"@id":"https:\/\/blocbox-training.com\/product\/climbing-psychology-ticket\/#breadcrumb"},"inLanguage":"de","potentialAction":[{"@type":"ReadAction","target":["https:\/\/blocbox-training.com\/product\/climbing-psychology-ticket\/"]}]},{"@type":"ImageObject","inLanguage":"de","@id":"https:\/\/blocbox-training.com\/product\/climbing-psychology-ticket\/#primaryimage","url":"https:\/\/blocbox-training.com\/wp-content\/uploads\/2024\/02\/Cover-Photo.png","contentUrl":"https:\/\/blocbox-training.com\/wp-content\/uploads\/2024\/02\/Cover-Photo.png","width":2667,"height":4000},{"@type":"BreadcrumbList","@id":"https:\/\/blocbox-training.com\/product\/climbing-psychology-ticket\/#breadcrumb","itemListElement":[{"@type":"ListItem","position":1,"name":"Home","item":"https:\/\/blocbox-training.com\/"},{"@type":"ListItem","position":2,"name":"Shop","item":"https:\/\/blocbox-training.com\/shop\/"},{"@type":"ListItem","position":3,"name":"Climbing Psychology Course"}]},{"@type":"WebSite","@id":"https:\/\/blocbox-training.com\/#website","url":"https:\/\/blocbox-training.com\/","name":"BlocBox-Training","description":"Boulderhalle \/ Bouldering \/ Innsbruck","publisher":{"@id":"https:\/\/blocbox-training.com\/#organization"},"potentialAction":[{"@type":"SearchAction","target":{"@type":"EntryPoint","urlTemplate":"https:\/\/blocbox-training.com\/?s={search_term_string}"},"query-input":{"@type":"PropertyValueSpecification","valueRequired":true,"valueName":"search_term_string"}}],"inLanguage":"de"},{"@type":"Organization","@id":"https:\/\/blocbox-training.com\/#organization","name":"BlocBox-Training","url":"https:\/\/blocbox-training.com\/","logo":{"@type":"ImageObject","inLanguage":"de","@id":"https:\/\/blocbox-training.com\/#\/schema\/logo\/image\/","url":"https:\/\/blocbox-training.com\/wp-content\/uploads\/2025\/12\/BB-Long-Black-scaled.png","contentUrl":"https:\/\/blocbox-training.com\/wp-content\/uploads\/2025\/12\/BB-Long-Black-scaled.png","width":2560,"height":448,"caption":"BlocBox-Training"},"image":{"@id":"https:\/\/blocbox-training.com\/#\/schema\/logo\/image\/"},"sameAs":["https:\/\/www.facebook.com\/BlocBoxTraining","https:\/\/www.instagram.com\/blocbox_training\/"]}]}},"_links":{"self":[{"href":"https:\/\/blocbox-training.com\/de\/wp-json\/wp\/v2\/product\/6372","targetHints":{"allow":["GET"]}}],"collection":[{"href":"https:\/\/blocbox-training.com\/de\/wp-json\/wp\/v2\/product"}],"about":[{"href":"https:\/\/blocbox-training.com\/de\/wp-json\/wp\/v2\/types\/product"}],"replies":[{"embeddable":true,"href":"https:\/\/blocbox-training.com\/de\/wp-json\/wp\/v2\/comments?post=6372"}],"version-history":[{"count":20,"href":"https:\/\/blocbox-training.com\/de\/wp-json\/wp\/v2\/product\/6372\/revisions"}],"predecessor-version":[{"id":6782,"href":"https:\/\/blocbox-training.com\/de\/wp-json\/wp\/v2\/product\/6372\/revisions\/6782"}],"wp:featuredmedia":[{"embeddable":true,"href":"https:\/\/blocbox-training.com\/de\/wp-json\/wp\/v2\/media\/6506"}],"wp:attachment":[{"href":"https:\/\/blocbox-training.com\/de\/wp-json\/wp\/v2\/media?parent=6372"}],"wp:term":[{"taxonomy":"product_brand","embeddable":true,"href":"https:\/\/blocbox-training.com\/de\/wp-json\/wp\/v2\/product_brand?post=6372"},{"taxonomy":"product_cat","embeddable":true,"href":"https:\/\/blocbox-training.com\/de\/wp-json\/wp\/v2\/product_cat?post=6372"},{"taxonomy":"product_tag","embeddable":true,"href":"https:\/\/blocbox-training.com\/de\/wp-json\/wp\/v2\/product_tag?post=6372"}],"curies":[{"name":"wp","href":"https:\/\/api.w.org\/{rel}","templated":true}]}}