{"id":8240,"date":"2024-09-25T15:10:37","date_gmt":"2024-09-25T13:10:37","guid":{"rendered":"https:\/\/blocbox-training.com\/?post_type=product&#038;p=8240"},"modified":"2026-01-28T11:43:17","modified_gmt":"2026-01-28T10:43:17","slug":"early-bird-subscription","status":"publish","type":"product","link":"https:\/\/blocbox-training.com\/de\/produkt\/early-bird-subscription\/","title":{"rendered":"Early Bird Abo"},"content":{"rendered":"<div data-elementor-type=\"wp-post\" data-elementor-id=\"8240\" class=\"elementor elementor-8240\">\n\t\t\t\t\t\t<section class=\"elementor-section elementor-top-section elementor-element elementor-element-d1df5ff elementor-section-boxed elementor-section-height-default elementor-section-height-default\" data-id=\"d1df5ff\" data-element_type=\"section\" data-e-type=\"section\">\n\t\t\t\t\t\t<div class=\"elementor-container elementor-column-gap-default\">\n\t\t\t\t\t<div class=\"elementor-column elementor-col-100 elementor-top-column elementor-element elementor-element-4bb16e66\" data-id=\"4bb16e66\" data-element_type=\"column\" data-e-type=\"column\">\n\t\t\t<div class=\"elementor-widget-wrap elementor-element-populated\">\n\t\t\t\t\t\t<div class=\"elementor-element elementor-element-58443e4d elementor-widget elementor-widget-text-editor\" data-id=\"58443e4d\" data-element_type=\"widget\" data-e-type=\"widget\" data-widget_type=\"text-editor.default\">\n\t\t\t\t<div class=\"elementor-widget-container\">\n\t\t\t\t\t\t\t\t\t<p><strong>Why Become an&nbsp;Early Bird?<\/strong><\/p>\n<ul>\n<li class=\"translation-block\"><strong>Ersparnis:<\/strong> Mit nur zwei Stunden Klettern pro Woche sparst du bereits mehr als bei einem normalen Training.<\/li>\n<li class=\"translation-block\"><strong>St\u00e4rke deinen Tag:<\/strong> Beginnen den Tag mit einer aufregenden morgendlichen Klettersession, die eine positive Stimmung f\u00fcr den Rest des Tages erzeugt.<\/li>\n<li class=\"translation-block\"><b>Ruhige Klettersession:<\/b> Genie\u00dfe die ruhigen, crowd-free Stunden, um dich auf deine eigenen Ziele zu konzentrieren.<\/li>\n<\/ul>\n<p><strong>Was ist enthalten:<\/strong><\/p>\n<p><strong>Daily morning access<\/strong> \u2013 Climb every day from 5:00 AM to 9:00 AM.<br><strong>Affordable monthly fee<\/strong> \u2013&nbsp;Only 35 euros per month.<br><strong>Hassle-free cancellation<\/strong> \u2013 Cancel up to one week before the next payment cycle.<\/p>\n<p>Become an&nbsp;Early Bird&nbsp;and turn your mornings into a daily adventure! More climbing, more savings, and a powerful start to your day.<\/p>\n<p class=\"translation-block\"><b>Bitte beachten<\/b> dass das Abonnement manuell aktiviert werden muss. Aus diesem Grund kann dies ein wenig dauern. Vielen Dank im Voraus f\u00fcr Ihre Geduld!<\/p>\n<p><strong>Melde dich an und genie\u00dfe das Leben als Early Bird!<\/strong><\/p>\t\t\t\t\t\t\t\t<\/div>\n\t\t\t\t<\/div>\n\t\t\t\t\t<\/div>\n\t\t<\/div>\n\t\t\t\t\t<\/div>\n\t\t<\/section>\n\t\t\t\t<\/div>","protected":false},"excerpt":{"rendered":"<div class=\"elementor-element elementor-element-6c72d3c elementor-widget elementor-widget-heading\" data-id=\"6c72d3c\" data-element_type=\"widget\" data-widget_type=\"heading.default\">\n<div class=\"elementor-widget-container\">\n<h4 class=\"elementor-heading-title elementor-size-default translation-block\">Die Einf\u00fchrung des Early Bird Abonnements!<\/h4>\n<\/div>\n<\/div>\n<div class=\"elementor-element elementor-element-a62ffdb elementor-widget-tablet_extra__width-initial elementor-widget elementor-widget-text-editor\" data-id=\"a62ffdb\" data-element_type=\"widget\" data-widget_type=\"text-editor.default\">\n<div class=\"elementor-widget-container\">\n<p class=\"translation-block\">Bist du bereit, das Beste aus deinen Morgenstunden zu machen und deine Kletterroutine zu verbessern? Das <b><i>Early Bird Abo<\/b><\/i> ist f\u00fcr Kletterer gedacht, die den Tag nutzen wollen! F\u00fcr nur <b><i>35 Euro pro Monat<\/b><\/i> hast du jeden Morgen von 5:00 bis 9:00 Uhr exklusiven Zugang zu unserer Kletterhalle. Ganz gleich, ob du bereits ein Fr\u00fchaufsteher bist oder eine neue Routine beginnen m\u00f6chtest, das Early Bird Abo bietet dir die perfekte Gelegenheit, schon am Beginn des Tages zu klettern.<\/p>\n<p><strong>Bitte beachten:<br \/>\n<\/strong>Derzeit sind alle verf\u00fcgbaren Pl\u00e4tze belegt. Wenn du dich anmeldest, wirst du auf eine Warteliste gesetzt und wir informieren dich, sobald der n\u00e4chste Platz frei wird.<\/p>\n<\/div>\n<\/div>","protected":false},"featured_media":7832,"comment_status":"open","ping_status":"closed","template":"","meta":{"site-sidebar-layout":"default","site-content-layout":"default","ast-site-content-layout":"default","site-content-style":"default","site-sidebar-style":"default","ast-global-header-display":"","ast-banner-title-visibility":"","ast-main-header-display":"","ast-hfb-above-header-display":"","ast-hfb-below-header-display":"","ast-hfb-mobile-header-display":"","site-post-title":"","ast-breadcrumbs-content":"","ast-featured-img":"","footer-sml-layout":"","ast-disable-related-posts":"","theme-transparent-header-meta":"default","adv-header-id-meta":"","stick-header-meta":"","header-above-stick-meta":"","header-main-stick-meta":"","header-below-stick-meta":"","astra-migrate-meta-layouts":"set","ast-page-background-enabled":"default","ast-page-background-meta":{"desktop":{"background-color":"","background-image":"","background-repeat":"repeat","background-position":"center center","background-size":"auto","background-attachment":"scroll","background-type":"","background-media":"","overlay-type":"","overlay-color":"","overlay-opacity":"","overlay-gradient":""},"tablet":{"background-color":"","background-image":"","background-repeat":"repeat","background-position":"center center","background-size":"auto","background-attachment":"scroll","background-type":"","background-media":"","overlay-type":"","overlay-color":"","overlay-opacity":"","overlay-gradient":""},"mobile":{"background-color":"","background-image":"","background-repeat":"repeat","background-position":"center center","background-size":"auto","background-attachment":"scroll","background-type":"","background-media":"","overlay-type":"","overlay-color":"","overlay-opacity":"","overlay-gradient":""}},"ast-content-background-meta":{"desktop":{"background-color":"var(--ast-global-color-5)","background-image":"","background-repeat":"repeat","background-position":"center center","background-size":"auto","background-attachment":"scroll","background-type":"","background-media":"","overlay-type":"","overlay-color":"","overlay-opacity":"","overlay-gradient":""},"tablet":{"background-color":"var(--ast-global-color-5)","background-image":"","background-repeat":"repeat","background-position":"center center","background-size":"auto","background-attachment":"scroll","background-type":"","background-media":"","overlay-type":"","overlay-color":"","overlay-opacity":"","overlay-gradient":""},"mobile":{"background-color":"var(--ast-global-color-5)","background-image":"","background-repeat":"repeat","background-position":"center center","background-size":"auto","background-attachment":"scroll","background-type":"","background-media":"","overlay-type":"","overlay-color":"","overlay-opacity":"","overlay-gradient":""}}},"product_brand":[],"product_cat":[44],"product_tag":[42],"class_list":{"0":"post-8240","1":"product","2":"type-product","3":"status-publish","4":"has-post-thumbnail","6":"product_cat-subscriptions","7":"product_tag-no-wallet-payment","8":"desktop-align-left","9":"tablet-align-left","10":"mobile-align-left","12":"first","13":"onbackorder","14":"downloadable","15":"virtual","16":"sold-individually","17":"taxable","18":"purchasable","19":"product-type-simple"},"yoast_head":"<!-- This site is optimized with the Yoast SEO plugin v27.1.1 - https:\/\/yoast.com\/product\/yoast-seo-wordpress\/ -->\n<title>Early Bird Subscription - BlocBox-Training<\/title>\n<meta name=\"description\" content=\"Sp\u00fcrst du auch manchmal Angst, wenn du eine Route kletterst? Oder glaubst du immer, dass die Tour zu schwierig ist? Hier einen Kurs, der dir hilft!\" \/>\n<meta name=\"robots\" content=\"index, follow, max-snippet:-1, max-image-preview:large, max-video-preview:-1\" \/>\n<link rel=\"canonical\" href=\"https:\/\/blocbox-training.com\/de\/produkt\/early-bird-subscription\/\" \/>\n<meta property=\"og:locale\" content=\"de_DE\" \/>\n<meta property=\"og:type\" content=\"article\" \/>\n<meta property=\"og:title\" content=\"Early Bird Subscription - BlocBox-Training\" \/>\n<meta property=\"og:description\" content=\"Sp\u00fcrst du auch manchmal Angst, wenn du eine Route kletterst? Oder glaubst du immer, dass die Tour zu schwierig ist? Hier einen Kurs, der dir hilft!\" \/>\n<meta property=\"og:url\" content=\"https:\/\/blocbox-training.com\/de\/produkt\/early-bird-subscription\/\" \/>\n<meta property=\"og:site_name\" content=\"BlocBox-Training\" \/>\n<meta property=\"article:publisher\" content=\"https:\/\/www.facebook.com\/BlocBoxTraining\" \/>\n<meta property=\"article:modified_time\" content=\"2026-01-28T10:43:17+00:00\" \/>\n<meta property=\"og:image\" content=\"https:\/\/blocbox-training.com\/wp-content\/uploads\/2024\/09\/WhatsApp-Image-2024-09-02-at-15.28.52-1.jpeg\" \/>\n\t<meta property=\"og:image:width\" content=\"2048\" \/>\n\t<meta property=\"og:image:height\" content=\"2048\" \/>\n\t<meta property=\"og:image:type\" content=\"image\/jpeg\" \/>\n<meta name=\"twitter:card\" content=\"summary_large_image\" \/>\n<meta name=\"twitter:label1\" content=\"Gesch\u00e4tzte Lesezeit\" \/>\n\t<meta name=\"twitter:data1\" content=\"1\u00a0Minute\" \/>\n<script type=\"application\/ld+json\" class=\"yoast-schema-graph\">{\"@context\":\"https:\/\/schema.org\",\"@graph\":[{\"@type\":\"WebPage\",\"@id\":\"https:\/\/blocbox-training.com\/product\/early-bird-subscription\/\",\"url\":\"https:\/\/blocbox-training.com\/product\/early-bird-subscription\/\",\"name\":\"Early Bird Subscription - BlocBox-Training\",\"isPartOf\":{\"@id\":\"https:\/\/blocbox-training.com\/#website\"},\"primaryImageOfPage\":{\"@id\":\"https:\/\/blocbox-training.com\/product\/early-bird-subscription\/#primaryimage\"},\"image\":{\"@id\":\"https:\/\/blocbox-training.com\/product\/early-bird-subscription\/#primaryimage\"},\"thumbnailUrl\":\"https:\/\/blocbox-training.com\/wp-content\/uploads\/2024\/09\/WhatsApp-Image-2024-09-02-at-15.28.52-1.jpeg\",\"datePublished\":\"2024-09-25T13:10:37+00:00\",\"dateModified\":\"2026-01-28T10:43:17+00:00\",\"description\":\"Sp\u00fcrst du auch manchmal Angst, wenn du eine Route kletterst? Oder glaubst du immer, dass die Tour zu schwierig ist? Hier einen Kurs, der dir hilft!\",\"breadcrumb\":{\"@id\":\"https:\/\/blocbox-training.com\/product\/early-bird-subscription\/#breadcrumb\"},\"inLanguage\":\"de\",\"potentialAction\":[{\"@type\":\"ReadAction\",\"target\":[\"https:\/\/blocbox-training.com\/product\/early-bird-subscription\/\"]}]},{\"@type\":\"ImageObject\",\"inLanguage\":\"de\",\"@id\":\"https:\/\/blocbox-training.com\/product\/early-bird-subscription\/#primaryimage\",\"url\":\"https:\/\/blocbox-training.com\/wp-content\/uploads\/2024\/09\/WhatsApp-Image-2024-09-02-at-15.28.52-1.jpeg\",\"contentUrl\":\"https:\/\/blocbox-training.com\/wp-content\/uploads\/2024\/09\/WhatsApp-Image-2024-09-02-at-15.28.52-1.jpeg\",\"width\":2048,\"height\":2048},{\"@type\":\"BreadcrumbList\",\"@id\":\"https:\/\/blocbox-training.com\/product\/early-bird-subscription\/#breadcrumb\",\"itemListElement\":[{\"@type\":\"ListItem\",\"position\":1,\"name\":\"Home\",\"item\":\"https:\/\/blocbox-training.com\/\"},{\"@type\":\"ListItem\",\"position\":2,\"name\":\"Shop\",\"item\":\"https:\/\/blocbox-training.com\/shop\/\"},{\"@type\":\"ListItem\",\"position\":3,\"name\":\"Early Bird Subscription\"}]},{\"@type\":\"WebSite\",\"@id\":\"https:\/\/blocbox-training.com\/#website\",\"url\":\"https:\/\/blocbox-training.com\/\",\"name\":\"BlocBox-Training\",\"description\":\"Boulderhalle \/ Bouldering \/ Innsbruck\",\"publisher\":{\"@id\":\"https:\/\/blocbox-training.com\/#organization\"},\"potentialAction\":[{\"@type\":\"SearchAction\",\"target\":{\"@type\":\"EntryPoint\",\"urlTemplate\":\"https:\/\/blocbox-training.com\/?s={search_term_string}\"},\"query-input\":{\"@type\":\"PropertyValueSpecification\",\"valueRequired\":true,\"valueName\":\"search_term_string\"}}],\"inLanguage\":\"de\"},{\"@type\":\"Organization\",\"@id\":\"https:\/\/blocbox-training.com\/#organization\",\"name\":\"BlocBox-Training\",\"url\":\"https:\/\/blocbox-training.com\/\",\"logo\":{\"@type\":\"ImageObject\",\"inLanguage\":\"de\",\"@id\":\"https:\/\/blocbox-training.com\/#\/schema\/logo\/image\/\",\"url\":\"https:\/\/blocbox-training.com\/wp-content\/uploads\/2025\/12\/BB-Long-Black-scaled.png\",\"contentUrl\":\"https:\/\/blocbox-training.com\/wp-content\/uploads\/2025\/12\/BB-Long-Black-scaled.png\",\"width\":2560,\"height\":448,\"caption\":\"BlocBox-Training\"},\"image\":{\"@id\":\"https:\/\/blocbox-training.com\/#\/schema\/logo\/image\/\"},\"sameAs\":[\"https:\/\/www.facebook.com\/BlocBoxTraining\",\"https:\/\/www.instagram.com\/blocbox_training\/\"]}]}<\/script>\n<!-- \/ Yoast SEO plugin. -->","yoast_head_json":{"title":"Early Bird Subscription - BlocBox-Training","description":"Sp\u00fcrst du auch manchmal Angst, wenn du eine Route kletterst? Oder glaubst du immer, dass die Tour zu schwierig ist? Hier einen Kurs, der dir hilft!","robots":{"index":"index","follow":"follow","max-snippet":"max-snippet:-1","max-image-preview":"max-image-preview:large","max-video-preview":"max-video-preview:-1"},"canonical":"https:\/\/blocbox-training.com\/de\/produkt\/early-bird-subscription\/","og_locale":"de_DE","og_type":"article","og_title":"Early Bird Subscription - BlocBox-Training","og_description":"Sp\u00fcrst du auch manchmal Angst, wenn du eine Route kletterst? Oder glaubst du immer, dass die Tour zu schwierig ist? Hier einen Kurs, der dir hilft!","og_url":"https:\/\/blocbox-training.com\/de\/produkt\/early-bird-subscription\/","og_site_name":"BlocBox-Training","article_publisher":"https:\/\/www.facebook.com\/BlocBoxTraining","article_modified_time":"2026-01-28T10:43:17+00:00","og_image":[{"width":2048,"height":2048,"url":"https:\/\/blocbox-training.com\/wp-content\/uploads\/2024\/09\/WhatsApp-Image-2024-09-02-at-15.28.52-1.jpeg","type":"image\/jpeg"}],"twitter_card":"summary_large_image","twitter_misc":{"Gesch\u00e4tzte Lesezeit":"1\u00a0Minute"},"schema":{"@context":"https:\/\/schema.org","@graph":[{"@type":"WebPage","@id":"https:\/\/blocbox-training.com\/product\/early-bird-subscription\/","url":"https:\/\/blocbox-training.com\/product\/early-bird-subscription\/","name":"Early Bird Subscription - BlocBox-Training","isPartOf":{"@id":"https:\/\/blocbox-training.com\/#website"},"primaryImageOfPage":{"@id":"https:\/\/blocbox-training.com\/product\/early-bird-subscription\/#primaryimage"},"image":{"@id":"https:\/\/blocbox-training.com\/product\/early-bird-subscription\/#primaryimage"},"thumbnailUrl":"https:\/\/blocbox-training.com\/wp-content\/uploads\/2024\/09\/WhatsApp-Image-2024-09-02-at-15.28.52-1.jpeg","datePublished":"2024-09-25T13:10:37+00:00","dateModified":"2026-01-28T10:43:17+00:00","description":"Sp\u00fcrst du auch manchmal Angst, wenn du eine Route kletterst? Oder glaubst du immer, dass die Tour zu schwierig ist? Hier einen Kurs, der dir hilft!","breadcrumb":{"@id":"https:\/\/blocbox-training.com\/product\/early-bird-subscription\/#breadcrumb"},"inLanguage":"de","potentialAction":[{"@type":"ReadAction","target":["https:\/\/blocbox-training.com\/product\/early-bird-subscription\/"]}]},{"@type":"ImageObject","inLanguage":"de","@id":"https:\/\/blocbox-training.com\/product\/early-bird-subscription\/#primaryimage","url":"https:\/\/blocbox-training.com\/wp-content\/uploads\/2024\/09\/WhatsApp-Image-2024-09-02-at-15.28.52-1.jpeg","contentUrl":"https:\/\/blocbox-training.com\/wp-content\/uploads\/2024\/09\/WhatsApp-Image-2024-09-02-at-15.28.52-1.jpeg","width":2048,"height":2048},{"@type":"BreadcrumbList","@id":"https:\/\/blocbox-training.com\/product\/early-bird-subscription\/#breadcrumb","itemListElement":[{"@type":"ListItem","position":1,"name":"Home","item":"https:\/\/blocbox-training.com\/"},{"@type":"ListItem","position":2,"name":"Shop","item":"https:\/\/blocbox-training.com\/shop\/"},{"@type":"ListItem","position":3,"name":"Early Bird Subscription"}]},{"@type":"WebSite","@id":"https:\/\/blocbox-training.com\/#website","url":"https:\/\/blocbox-training.com\/","name":"BlocBox-Training","description":"Boulderhalle \/ Bouldering \/ Innsbruck","publisher":{"@id":"https:\/\/blocbox-training.com\/#organization"},"potentialAction":[{"@type":"SearchAction","target":{"@type":"EntryPoint","urlTemplate":"https:\/\/blocbox-training.com\/?s={search_term_string}"},"query-input":{"@type":"PropertyValueSpecification","valueRequired":true,"valueName":"search_term_string"}}],"inLanguage":"de"},{"@type":"Organization","@id":"https:\/\/blocbox-training.com\/#organization","name":"BlocBox-Training","url":"https:\/\/blocbox-training.com\/","logo":{"@type":"ImageObject","inLanguage":"de","@id":"https:\/\/blocbox-training.com\/#\/schema\/logo\/image\/","url":"https:\/\/blocbox-training.com\/wp-content\/uploads\/2025\/12\/BB-Long-Black-scaled.png","contentUrl":"https:\/\/blocbox-training.com\/wp-content\/uploads\/2025\/12\/BB-Long-Black-scaled.png","width":2560,"height":448,"caption":"BlocBox-Training"},"image":{"@id":"https:\/\/blocbox-training.com\/#\/schema\/logo\/image\/"},"sameAs":["https:\/\/www.facebook.com\/BlocBoxTraining","https:\/\/www.instagram.com\/blocbox_training\/"]}]}},"_links":{"self":[{"href":"https:\/\/blocbox-training.com\/de\/wp-json\/wp\/v2\/product\/8240","targetHints":{"allow":["GET"]}}],"collection":[{"href":"https:\/\/blocbox-training.com\/de\/wp-json\/wp\/v2\/product"}],"about":[{"href":"https:\/\/blocbox-training.com\/de\/wp-json\/wp\/v2\/types\/product"}],"replies":[{"embeddable":true,"href":"https:\/\/blocbox-training.com\/de\/wp-json\/wp\/v2\/comments?post=8240"}],"version-history":[{"count":26,"href":"https:\/\/blocbox-training.com\/de\/wp-json\/wp\/v2\/product\/8240\/revisions"}],"predecessor-version":[{"id":12726,"href":"https:\/\/blocbox-training.com\/de\/wp-json\/wp\/v2\/product\/8240\/revisions\/12726"}],"wp:featuredmedia":[{"embeddable":true,"href":"https:\/\/blocbox-training.com\/de\/wp-json\/wp\/v2\/media\/7832"}],"wp:attachment":[{"href":"https:\/\/blocbox-training.com\/de\/wp-json\/wp\/v2\/media?parent=8240"}],"wp:term":[{"taxonomy":"product_brand","embeddable":true,"href":"https:\/\/blocbox-training.com\/de\/wp-json\/wp\/v2\/product_brand?post=8240"},{"taxonomy":"product_cat","embeddable":true,"href":"https:\/\/blocbox-training.com\/de\/wp-json\/wp\/v2\/product_cat?post=8240"},{"taxonomy":"product_tag","embeddable":true,"href":"https:\/\/blocbox-training.com\/de\/wp-json\/wp\/v2\/product_tag?post=8240"}],"curies":[{"name":"wp","href":"https:\/\/api.w.org\/{rel}","templated":true}]}}